{"id":4508,"date":"2022-05-07T11:18:12","date_gmt":"2022-05-07T11:18:12","guid":{"rendered":"https:\/\/gallerymcsorley.com\/?post_type=product&#038;p=4508"},"modified":"2023-09-08T11:51:41","modified_gmt":"2023-09-08T11:51:41","slug":"mozart","status":"publish","type":"product","link":"https:\/\/gallerymcsorley.com\/nl\/product\/mozart\/","title":{"rendered":"Mozart"},"content":{"rendered":"<p><img fetchpriority=\"high\" decoding=\"async\" class=\"alignnone size-medium wp-image-6674\" src=\"https:\/\/gallerymcsorley.com\/wp-content\/uploads\/2022\/05\/arma-mozart-mc-300x300.jpg\" alt=\"\" width=\"300\" height=\"300\" srcset=\"https:\/\/gallerymcsorley.com\/wp-content\/uploads\/2022\/05\/arma-mozart-mc-300x300.jpg 300w, https:\/\/gallerymcsorley.com\/wp-content\/uploads\/2022\/05\/arma-mozart-mc-100x100.jpg 100w, https:\/\/gallerymcsorley.com\/wp-content\/uploads\/2022\/05\/arma-mozart-mc-200x200.jpg 200w, https:\/\/gallerymcsorley.com\/wp-content\/uploads\/2022\/05\/arma-mozart-mc-1024x1024.jpg 1024w, https:\/\/gallerymcsorley.com\/wp-content\/uploads\/2022\/05\/arma-mozart-mc-150x150.jpg 150w, https:\/\/gallerymcsorley.com\/wp-content\/uploads\/2022\/05\/arma-mozart-mc-768x769.jpg 768w, https:\/\/gallerymcsorley.com\/wp-content\/uploads\/2022\/05\/arma-mozart-mc-12x12.jpg 12w, https:\/\/gallerymcsorley.com\/wp-content\/uploads\/2022\/05\/arma-mozart-mc.jpg 1199w\" sizes=\"(max-width: 300px) 100vw, 300px\" \/><\/p>","protected":false},"excerpt":{"rendered":"<p>Ingelijste kleurets met bladgoud op bogenpapier, 70 x 70 cm<\/p>\n<p><strong>Ad Arma<\/strong> beeldhouwwerken, schilderijen en etsen zijn in de afgelopen 20 jaar regelmatig tentoongesteld in onze galerie. Zijn kunst haalt inspiratie uit raadselachtige levensbronnen, ongrijpbaarheid, aanwezig in de natuur en de mens. Kunstwerken van Arma nemen de kijker mee op een zoektocht door de abstracte ruimte, om de eigen aanwezigheid in tijd en tijdloosheid te ervaren. Maak de reis in Ads artwork langs dromen van het heden verleden en de toekomst. Arma werkt in series met inspiratie uit de samensmelting van reizen en interactie met culturen en de implicaties van de natuur, gezien vanuit zijn wereldreizen en vanuit de achtertuin van Nederland. In 2007 ontving Ad Arma als erkenning de prestigieuze prijs Kunstenaar van het Jaar. In de serie About Nature zegt Arma: \"Ik probeer de energie in elementen te raken; dimensieloos, alleen ruimte en beweging. Werk waarin je de energie van het leven voelt, zoals we die ook voelen in onszelf en in onze reflectie met de natuur. Een ruimte die ruimte biedt. Vaak gelaagd, sessie na sessie is mijn werkwijze letterlijk en figuurlijk in het bouwen van compositie. Ik hou van het leven en de natuur.\"<\/p>\n<p><b>Ad Arma\u00a0<\/b>(1954, Nederland) is een veelzijdig kunstenaar, een alleskunner met brons, etsen, keramiek en schilderen. Zijn kunst is ge\u00efnspireerd door de levensbron van raadselachtige ongrijpbaarheid, aanwezig in natuur en mens. Hij laat de toeschouwer een zoektocht maken door de abstracte ruimte, laat hem zijn eigen aanwezigheid beleven in tijd en tijdeloosheid. In zijn werk is te vinden: het samenvallen van het verleden en de toekomst in de dromen van het heden. In Ad Arma's \"About music\" serie wordt het canvas een geschilderd wit oppervlak waarop de muzieknoten dansen alsof de vrije jazz verschijnt en geluid transformeert in beeld. In de schilderijen uit de \"Reisspiegel\" serie kan de waarnemer een ontdekkingsreis maken langs honderden horizonten van dagelijks leven naar uitzichten van boven op enorme landschappen. In zijn etsen is altijd een bijna abstract aandoende menselijk figuur aanwezig. Deze geeft vorm en maat aan de ruimte. Vanuit intu\u00eftie en concentratie cre\u00ebert Ad Arma een po\u00ebtische sfeer die hij door zijn subtiele kleurgebruik versterkt. Door het oorspronkelijke karakter van zijn werk is Ad Arma een veel gevraagd kunstenaar. Zijn kleur etsen en schilderkunst hebben in veel particuliere collecties, zowel in binnen- als buitenland, een plaats gevonden. In 2007 werd Ad Arma uitgeroepen tot kunstenaar van het jaar, de belangrijkste Nederlandse onderscheiding voor beeldende kunst.<\/p>","protected":false},"featured_media":6674,"template":"","meta":[],"product_brand":[],"product_cat":[127],"product_tag":[71],"class_list":{"0":"post-4508","1":"product","2":"type-product","3":"status-publish","4":"has-post-thumbnail","6":"product_cat-ad-arma","7":"product_tag-ad-arma","9":"first","10":"instock","11":"shipping-taxable","12":"purchasable","13":"product-type-simple"},"yoast_head":"<!-- This site is optimized with the Yoast SEO Premium plugin v21.1 (Yoast SEO v27.3) - https:\/\/yoast.com\/product\/yoast-seo-premium-wordpress\/ -->\n<title>Mozart - Gallery McSorley<\/title>\n<meta name=\"robots\" content=\"index, follow, max-snippet:-1, max-image-preview:large, max-video-preview:-1\" \/>\n<link rel=\"canonical\" href=\"https:\/\/gallerymcsorley.com\/nl\/product\/mozart\/\" \/>\n<meta property=\"og:locale\" content=\"nl_NL\" \/>\n<meta property=\"og:type\" content=\"article\" \/>\n<meta property=\"og:title\" content=\"Mozart\" \/>\n<meta property=\"og:description\" content=\"Framed color etching with gold leaf on arches paper, 70 x 70 cm  Ad Arma sculpture, paintings, and etchings have regularly been exhibited over the 20 years in our gallery. His art draws inspiration from enigmatic life sources, intangibility, present in nature, and man. Artwork of Arma takes the viewer on a quest through abstract space, to experience ones\u2019 own presence in time and timelessness. Take the journey in Ads artwork along dreams of the present past and future. Arma works in series with inspiration from the fusion of travel and interaction with cultures and the implications of nature, seen from his world travels and from the Netherlands&#039; backyard. In 2007 Ad Arma received the prestigious Netherlands&#039; Artist of the Year award in recognition. In the About Nature series, Arma exalts; &quot;I try to touch the energy within elements; dimensionless, only space and movement. Work in which you feel the energy of life, as we also feel it in ourselves and in our reflection with nature. A space that offers space. Often layered, session after session my working method is literally and figuratively in building composition. I love life and nature.&quot;  Ad Arma\u00a0(1954, Nederland) is een veelzijdig kunstenaar, een alleskunner met brons, etsen, keramiek en schilderen. Zijn kunst is ge\u00efnspireerd door de levensbron van raadselachtige ongrijpbaarheid, aanwezig in natuur en mens. Hij laat de toeschouwer een\u00a0 zoektocht maken door de abstracte ruimte,\u00a0 laat hem zijn eigen aanwezigheid beleven in tijd en tijdeloosheid. In zijn werk is te vinden: het samenvallen van het verleden en de toekomst in de dromen van het heden. In Ad Arma\u2019s \u201cAbout music\u201d serie wordt het canvas een geschilderd wit oppervlak waarop de muzieknoten dansen alsof de vrije jazz verschijnt en geluid transformeert in beeld. In de schilderijen uit de \u201cReisspiegel\u201d serie kan de waarnemer een ontdekkingsreis maken langs honderden horizonten van dagelijks leven naar uitzichten van boven op enorme landschappen. In zijn etsen is altijd een bijna abstract aandoende menselijk figuur aanwezig. Deze geeft vorm en maat aan de ruimte. Vanuit intu\u00eftie en concentratie cre\u00ebert Ad Arma een po\u00ebtische sfeer die hij door zijn subtiele kleurgebruik versterkt. Door het oorspronkelijke karakter van zijn werk is Ad Arma een veel gevraagd kunstenaar. Zijn kleur etsen en schilderkunst hebben in veel particuliere collecties, zowel in binnen- als buitenland, een plaats gevonden. In 2007 werd Ad Arma uitgeroepen tot kunstenaar van het jaar, de belangrijkste Nederlandse onderscheiding voor beeldende kunst.\" \/>\n<meta property=\"og:url\" content=\"https:\/\/gallerymcsorley.com\/nl\/product\/mozart\/\" \/>\n<meta property=\"og:site_name\" content=\"Gallery McSorley\" \/>\n<meta property=\"article:modified_time\" content=\"2023-09-08T11:51:41+00:00\" \/>\n<meta property=\"og:image\" content=\"https:\/\/gallerymcsorley.com\/wp-content\/uploads\/2022\/05\/arma-mozart-mc.jpg\" \/>\n\t<meta property=\"og:image:width\" content=\"1199\" \/>\n\t<meta property=\"og:image:height\" content=\"1200\" \/>\n\t<meta property=\"og:image:type\" content=\"image\/jpeg\" \/>\n<meta name=\"twitter:card\" content=\"summary_large_image\" \/>\n<meta name=\"twitter:label1\" content=\"Geschatte leestijd\" \/>\n\t<meta name=\"twitter:data1\" content=\"1 minuut\" \/>\n<script type=\"application\/ld+json\" class=\"yoast-schema-graph\">{\"@context\":\"https:\\\/\\\/schema.org\",\"@graph\":[{\"@type\":\"WebPage\",\"@id\":\"https:\\\/\\\/gallerymcsorley.com\\\/product\\\/mozart\\\/\",\"url\":\"https:\\\/\\\/gallerymcsorley.com\\\/product\\\/mozart\\\/\",\"name\":\"Mozart - Gallery McSorley\",\"isPartOf\":{\"@id\":\"https:\\\/\\\/gallerymcsorley.com\\\/#website\"},\"primaryImageOfPage\":{\"@id\":\"https:\\\/\\\/gallerymcsorley.com\\\/product\\\/mozart\\\/#primaryimage\"},\"image\":{\"@id\":\"https:\\\/\\\/gallerymcsorley.com\\\/product\\\/mozart\\\/#primaryimage\"},\"thumbnailUrl\":\"https:\\\/\\\/gallerymcsorley.com\\\/wp-content\\\/uploads\\\/2022\\\/05\\\/arma-mozart-mc.jpg\",\"datePublished\":\"2022-05-07T11:18:12+00:00\",\"dateModified\":\"2023-09-08T11:51:41+00:00\",\"breadcrumb\":{\"@id\":\"https:\\\/\\\/gallerymcsorley.com\\\/product\\\/mozart\\\/#breadcrumb\"},\"inLanguage\":\"nl-NL\",\"potentialAction\":[{\"@type\":\"ReadAction\",\"target\":[\"https:\\\/\\\/gallerymcsorley.com\\\/product\\\/mozart\\\/\"]}]},{\"@type\":\"ImageObject\",\"inLanguage\":\"nl-NL\",\"@id\":\"https:\\\/\\\/gallerymcsorley.com\\\/product\\\/mozart\\\/#primaryimage\",\"url\":\"https:\\\/\\\/gallerymcsorley.com\\\/wp-content\\\/uploads\\\/2022\\\/05\\\/arma-mozart-mc.jpg\",\"contentUrl\":\"https:\\\/\\\/gallerymcsorley.com\\\/wp-content\\\/uploads\\\/2022\\\/05\\\/arma-mozart-mc.jpg\",\"width\":1199,\"height\":1200},{\"@type\":\"BreadcrumbList\",\"@id\":\"https:\\\/\\\/gallerymcsorley.com\\\/product\\\/mozart\\\/#breadcrumb\",\"itemListElement\":[{\"@type\":\"ListItem\",\"position\":1,\"name\":\"Home\",\"item\":\"https:\\\/\\\/gallerymcsorley.com\\\/\"},{\"@type\":\"ListItem\",\"position\":2,\"name\":\"Producten\",\"item\":\"https:\\\/\\\/gallerymcsorley.com\\\/shop\\\/\"},{\"@type\":\"ListItem\",\"position\":3,\"name\":\"Mozart\"}]},{\"@type\":\"WebSite\",\"@id\":\"https:\\\/\\\/gallerymcsorley.com\\\/#website\",\"url\":\"https:\\\/\\\/gallerymcsorley.com\\\/\",\"name\":\"Gallery McSorley\",\"description\":\"Art Gallery\",\"potentialAction\":[{\"@type\":\"SearchAction\",\"target\":{\"@type\":\"EntryPoint\",\"urlTemplate\":\"https:\\\/\\\/gallerymcsorley.com\\\/?s={search_term_string}\"},\"query-input\":{\"@type\":\"PropertyValueSpecification\",\"valueRequired\":true,\"valueName\":\"search_term_string\"}}],\"inLanguage\":\"nl-NL\"}]}<\/script>\n<!-- \/ Yoast SEO Premium plugin. -->","yoast_head_json":{"title":"Mozart - Galerij McSorley","robots":{"index":"index","follow":"follow","max-snippet":"max-snippet:-1","max-image-preview":"max-image-preview:large","max-video-preview":"max-video-preview:-1"},"canonical":"https:\/\/gallerymcsorley.com\/nl\/product\/mozart\/","og_locale":"nl_NL","og_type":"article","og_title":"Mozart","og_description":"Framed color etching with gold leaf on arches paper, 70 x 70 cm  Ad Arma sculpture, paintings, and etchings have regularly been exhibited over the 20 years in our gallery. His art draws inspiration from enigmatic life sources, intangibility, present in nature, and man. Artwork of Arma takes the viewer on a quest through abstract space, to experience ones\u2019 own presence in time and timelessness. Take the journey in Ads artwork along dreams of the present past and future. Arma works in series with inspiration from the fusion of travel and interaction with cultures and the implications of nature, seen from his world travels and from the Netherlands' backyard. In 2007 Ad Arma received the prestigious Netherlands' Artist of the Year award in recognition. In the About Nature series, Arma exalts; \"I try to touch the energy within elements; dimensionless, only space and movement. Work in which you feel the energy of life, as we also feel it in ourselves and in our reflection with nature. A space that offers space. Often layered, session after session my working method is literally and figuratively in building composition. I love life and nature.\"  Ad Arma\u00a0(1954, Nederland) is een veelzijdig kunstenaar, een alleskunner met brons, etsen, keramiek en schilderen. Zijn kunst is ge\u00efnspireerd door de levensbron van raadselachtige ongrijpbaarheid, aanwezig in natuur en mens. Hij laat de toeschouwer een\u00a0 zoektocht maken door de abstracte ruimte,\u00a0 laat hem zijn eigen aanwezigheid beleven in tijd en tijdeloosheid. In zijn werk is te vinden: het samenvallen van het verleden en de toekomst in de dromen van het heden. In Ad Arma\u2019s \u201cAbout music\u201d serie wordt het canvas een geschilderd wit oppervlak waarop de muzieknoten dansen alsof de vrije jazz verschijnt en geluid transformeert in beeld. In de schilderijen uit de \u201cReisspiegel\u201d serie kan de waarnemer een ontdekkingsreis maken langs honderden horizonten van dagelijks leven naar uitzichten van boven op enorme landschappen. In zijn etsen is altijd een bijna abstract aandoende menselijk figuur aanwezig. Deze geeft vorm en maat aan de ruimte. Vanuit intu\u00eftie en concentratie cre\u00ebert Ad Arma een po\u00ebtische sfeer die hij door zijn subtiele kleurgebruik versterkt. Door het oorspronkelijke karakter van zijn werk is Ad Arma een veel gevraagd kunstenaar. Zijn kleur etsen en schilderkunst hebben in veel particuliere collecties, zowel in binnen- als buitenland, een plaats gevonden. In 2007 werd Ad Arma uitgeroepen tot kunstenaar van het jaar, de belangrijkste Nederlandse onderscheiding voor beeldende kunst.","og_url":"https:\/\/gallerymcsorley.com\/nl\/product\/mozart\/","og_site_name":"Gallery McSorley","article_modified_time":"2023-09-08T11:51:41+00:00","og_image":[{"width":1199,"height":1200,"url":"https:\/\/gallerymcsorley.com\/wp-content\/uploads\/2022\/05\/arma-mozart-mc.jpg","type":"image\/jpeg"}],"twitter_card":"summary_large_image","twitter_misc":{"Geschatte leestijd":"1 minuut"},"schema":{"@context":"https:\/\/schema.org","@graph":[{"@type":"WebPage","@id":"https:\/\/gallerymcsorley.com\/product\/mozart\/","url":"https:\/\/gallerymcsorley.com\/product\/mozart\/","name":"Mozart - Galerij McSorley","isPartOf":{"@id":"https:\/\/gallerymcsorley.com\/#website"},"primaryImageOfPage":{"@id":"https:\/\/gallerymcsorley.com\/product\/mozart\/#primaryimage"},"image":{"@id":"https:\/\/gallerymcsorley.com\/product\/mozart\/#primaryimage"},"thumbnailUrl":"https:\/\/gallerymcsorley.com\/wp-content\/uploads\/2022\/05\/arma-mozart-mc.jpg","datePublished":"2022-05-07T11:18:12+00:00","dateModified":"2023-09-08T11:51:41+00:00","breadcrumb":{"@id":"https:\/\/gallerymcsorley.com\/product\/mozart\/#breadcrumb"},"inLanguage":"nl-NL","potentialAction":[{"@type":"ReadAction","target":["https:\/\/gallerymcsorley.com\/product\/mozart\/"]}]},{"@type":"ImageObject","inLanguage":"nl-NL","@id":"https:\/\/gallerymcsorley.com\/product\/mozart\/#primaryimage","url":"https:\/\/gallerymcsorley.com\/wp-content\/uploads\/2022\/05\/arma-mozart-mc.jpg","contentUrl":"https:\/\/gallerymcsorley.com\/wp-content\/uploads\/2022\/05\/arma-mozart-mc.jpg","width":1199,"height":1200},{"@type":"BreadcrumbList","@id":"https:\/\/gallerymcsorley.com\/product\/mozart\/#breadcrumb","itemListElement":[{"@type":"ListItem","position":1,"name":"Home","item":"https:\/\/gallerymcsorley.com\/"},{"@type":"ListItem","position":2,"name":"Producten","item":"https:\/\/gallerymcsorley.com\/shop\/"},{"@type":"ListItem","position":3,"name":"Mozart"}]},{"@type":"WebSite","@id":"https:\/\/gallerymcsorley.com\/#website","url":"https:\/\/gallerymcsorley.com\/","name":"Galerij McSorley","description":"Kunstgalerie","potentialAction":[{"@type":"SearchAction","target":{"@type":"EntryPoint","urlTemplate":"https:\/\/gallerymcsorley.com\/?s={search_term_string}"},"query-input":{"@type":"PropertyValueSpecification","valueRequired":true,"valueName":"search_term_string"}}],"inLanguage":"nl-NL"}]}},"_links":{"self":[{"href":"https:\/\/gallerymcsorley.com\/nl\/wp-json\/wp\/v2\/product\/4508","targetHints":{"allow":["GET"]}}],"collection":[{"href":"https:\/\/gallerymcsorley.com\/nl\/wp-json\/wp\/v2\/product"}],"about":[{"href":"https:\/\/gallerymcsorley.com\/nl\/wp-json\/wp\/v2\/types\/product"}],"wp:featuredmedia":[{"embeddable":true,"href":"https:\/\/gallerymcsorley.com\/nl\/wp-json\/wp\/v2\/media\/6674"}],"wp:attachment":[{"href":"https:\/\/gallerymcsorley.com\/nl\/wp-json\/wp\/v2\/media?parent=4508"}],"wp:term":[{"taxonomy":"product_brand","embeddable":true,"href":"https:\/\/gallerymcsorley.com\/nl\/wp-json\/wp\/v2\/product_brand?post=4508"},{"taxonomy":"product_cat","embeddable":true,"href":"https:\/\/gallerymcsorley.com\/nl\/wp-json\/wp\/v2\/product_cat?post=4508"},{"taxonomy":"product_tag","embeddable":true,"href":"https:\/\/gallerymcsorley.com\/nl\/wp-json\/wp\/v2\/product_tag?post=4508"}],"curies":[{"name":"wp","href":"https:\/\/api.w.org\/{rel}","templated":true}]}}