{"id":4517,"date":"2022-05-07T11:18:12","date_gmt":"2022-05-07T11:18:12","guid":{"rendered":"https:\/\/gallerymcsorley.com\/?post_type=product&#038;p=4517"},"modified":"2023-08-29T14:04:11","modified_gmt":"2023-08-29T14:04:11","slug":"arla","status":"publish","type":"product","link":"https:\/\/gallerymcsorley.com\/nl\/product\/arla\/","title":{"rendered":"Arla"},"content":{"rendered":"","protected":false},"excerpt":{"rendered":"<p>Olieverf op doek, 85 x 80 cm<\/p>\n<p><b>Baldin Ahmad <\/b><span style=\"font-weight: 400;\">(1954, Irak) - Een Koerdische Irakese kunstenaar begon zijn studie aan het Instituut voor Schone Kunsten in Bagdad, vervolgde zijn studie aan de Academia voor Schone Kunsten in Florence en behaalde zijn PhD Modern Art (D.A.M.S) aan de Universiteit van Bologna, Itali\u00eb.  Een hoogtepunt in zijn carri\u00e8re was zijn tentoonstelling in 1986 met landgenoten in het prestigieuze Palazzo dei Diamanti in Ferrara, Itali\u00eb, waar zijn schilderijen en beeldhouwwerken werden gegraveerd met vrijheidsboodschappen tegen de onderdrukking van het Iraakse regime, vooral tegen de Koerden. Zijn werk was te zien op de Bi\u00ebnnale van Veneti\u00eb in 2009 en 2011.  Misschien wil je zonder aarzelen naar de provincies en steden reizen die hij schildert. Dit zijn plaatsen met een warme menselijke omgeving, of het nu dag of nacht is, of het regent of de zon schijnt. Hij geeft toe dat zulke plekken niet bestaan, want hij noemt ze denkbeeldig, misschien een thuisland vrij van onderdrukking<\/span><\/p>\n<p><b>Baldin Ahmad<\/b> is een Koerd, geboren in Irak, zijn schilderkunst kent geen aarzelingen. Zijn opleiding heeft hij gevolgd in Bagdad, Florence en Rome en hij is afgestudeerd aan het Instituut voor Schone kunsten in Bagdad, Irak en aan de Academie van Schone Kunsten in Florence. Tevens is hij PhD Modern Art (D.A.M.S) bij de Universiteit van Bologna, Itali\u00eb.  Sinds circa 1990 werkt hij in Nederland. Vorm en inhoud vertellen hetzelfde verhaal. Het is een positief verhaal van verlangen, en van vertrouwen dat er een leefbare wereld mogelijk is.<span style=\"font-weight: 400;\">.<\/span><\/p>","protected":false},"featured_media":6679,"template":"","meta":[],"product_brand":[],"product_cat":[126],"product_tag":[73],"class_list":{"0":"post-4517","1":"product","2":"type-product","3":"status-publish","4":"has-post-thumbnail","6":"product_cat-baldin-ahmad","7":"product_tag-ahmad","9":"first","10":"instock","11":"shipping-taxable","12":"purchasable","13":"product-type-simple"},"yoast_head":"<!-- This site is optimized with the Yoast SEO Premium plugin v21.1 (Yoast SEO v27.3) - https:\/\/yoast.com\/product\/yoast-seo-premium-wordpress\/ -->\n<title>Arla - Gallery McSorley<\/title>\n<meta name=\"robots\" content=\"index, follow, max-snippet:-1, max-image-preview:large, max-video-preview:-1\" \/>\n<link rel=\"canonical\" href=\"https:\/\/gallerymcsorley.com\/nl\/product\/arla\/\" \/>\n<meta property=\"og:locale\" content=\"nl_NL\" \/>\n<meta property=\"og:type\" content=\"article\" \/>\n<meta property=\"og:title\" content=\"Arla\" \/>\n<meta property=\"og:description\" content=\"Oil on canvas, 85 x 80 cm  Baldin Ahmad (1954, Iraq) -\u00a0 An Koerdische Iraqi artist, he began studies at the Institute of Fine Arts, Baghdad, continuing at the\u00a0 Academia of Fine Arts, Florence, and earned his PhD Modern Art (D.A.M.S) at the University of Bologna, Italy.\u00a0 A focal point of his career was his 1986 exhibit with fellow countryman at the prestigious Palazzo dei Diamanti in Ferrara, Italy where his paintings and sculptures were engraved with messages of freedom against the oppression of the Iraqi regime especially against the Kurds. His work appeared in the 2009 and 2011 Venice Biennale.\u00a0 You might want to travel without hesitation to the provinces and the cities he paints. These are places with a warm human environment, whether it is day or night, whether it rains or the sun shines. He admits that such sites do not exist, as he calls them imaginary, perhaps a homeland free of oppression  Baldin Ahmad is een Koerd, geboren in Irak, zijn schilderkunst kent geen aarzelingen. Zijn opleiding heeft hij gevolgd in Bagdad, Florence en Rome en hij is afgestudeerd aan het Instituut voor Schone kunsten in Bagdad, Irak en aan de Academie van Schone Kunsten in Florence. Tevens is hij PhD Modern Art (D.A.M.S) bij de Universiteit van of Bologna, Italy.\u00a0 Sinds circa 1990 werkt hij in Nederland.\u00a0Vorm en inhoud vertellen hetzelfde verhaal. Het is een positief verhaal van verlangen, en van vertrouwen dat er een leefbare wereld mogelijk is.\" \/>\n<meta property=\"og:url\" content=\"https:\/\/gallerymcsorley.com\/nl\/product\/arla\/\" \/>\n<meta property=\"og:site_name\" content=\"Gallery McSorley\" \/>\n<meta property=\"article:modified_time\" content=\"2023-08-29T14:04:11+00:00\" \/>\n<meta property=\"og:image\" content=\"https:\/\/gallerymcsorley.com\/wp-content\/uploads\/2022\/05\/Arla-Baldin-Ahmad.jpg\" \/>\n\t<meta property=\"og:image:width\" content=\"1070\" \/>\n\t<meta property=\"og:image:height\" content=\"1148\" \/>\n\t<meta property=\"og:image:type\" content=\"image\/jpeg\" \/>\n<meta name=\"twitter:card\" content=\"summary_large_image\" \/>\n<script type=\"application\/ld+json\" class=\"yoast-schema-graph\">{\"@context\":\"https:\\\/\\\/schema.org\",\"@graph\":[{\"@type\":\"WebPage\",\"@id\":\"https:\\\/\\\/gallerymcsorley.com\\\/product\\\/arla\\\/\",\"url\":\"https:\\\/\\\/gallerymcsorley.com\\\/product\\\/arla\\\/\",\"name\":\"Arla - Gallery McSorley\",\"isPartOf\":{\"@id\":\"https:\\\/\\\/gallerymcsorley.com\\\/#website\"},\"primaryImageOfPage\":{\"@id\":\"https:\\\/\\\/gallerymcsorley.com\\\/product\\\/arla\\\/#primaryimage\"},\"image\":{\"@id\":\"https:\\\/\\\/gallerymcsorley.com\\\/product\\\/arla\\\/#primaryimage\"},\"thumbnailUrl\":\"https:\\\/\\\/gallerymcsorley.com\\\/wp-content\\\/uploads\\\/2022\\\/05\\\/Arla-Baldin-Ahmad.jpg\",\"datePublished\":\"2022-05-07T11:18:12+00:00\",\"dateModified\":\"2023-08-29T14:04:11+00:00\",\"breadcrumb\":{\"@id\":\"https:\\\/\\\/gallerymcsorley.com\\\/product\\\/arla\\\/#breadcrumb\"},\"inLanguage\":\"nl-NL\",\"potentialAction\":[{\"@type\":\"ReadAction\",\"target\":[\"https:\\\/\\\/gallerymcsorley.com\\\/product\\\/arla\\\/\"]}]},{\"@type\":\"ImageObject\",\"inLanguage\":\"nl-NL\",\"@id\":\"https:\\\/\\\/gallerymcsorley.com\\\/product\\\/arla\\\/#primaryimage\",\"url\":\"https:\\\/\\\/gallerymcsorley.com\\\/wp-content\\\/uploads\\\/2022\\\/05\\\/Arla-Baldin-Ahmad.jpg\",\"contentUrl\":\"https:\\\/\\\/gallerymcsorley.com\\\/wp-content\\\/uploads\\\/2022\\\/05\\\/Arla-Baldin-Ahmad.jpg\",\"width\":1070,\"height\":1148},{\"@type\":\"BreadcrumbList\",\"@id\":\"https:\\\/\\\/gallerymcsorley.com\\\/product\\\/arla\\\/#breadcrumb\",\"itemListElement\":[{\"@type\":\"ListItem\",\"position\":1,\"name\":\"Home\",\"item\":\"https:\\\/\\\/gallerymcsorley.com\\\/\"},{\"@type\":\"ListItem\",\"position\":2,\"name\":\"Producten\",\"item\":\"https:\\\/\\\/gallerymcsorley.com\\\/shop\\\/\"},{\"@type\":\"ListItem\",\"position\":3,\"name\":\"Arla\"}]},{\"@type\":\"WebSite\",\"@id\":\"https:\\\/\\\/gallerymcsorley.com\\\/#website\",\"url\":\"https:\\\/\\\/gallerymcsorley.com\\\/\",\"name\":\"Gallery McSorley\",\"description\":\"Art Gallery\",\"potentialAction\":[{\"@type\":\"SearchAction\",\"target\":{\"@type\":\"EntryPoint\",\"urlTemplate\":\"https:\\\/\\\/gallerymcsorley.com\\\/?s={search_term_string}\"},\"query-input\":{\"@type\":\"PropertyValueSpecification\",\"valueRequired\":true,\"valueName\":\"search_term_string\"}}],\"inLanguage\":\"nl-NL\"}]}<\/script>\n<!-- \/ Yoast SEO Premium plugin. -->","yoast_head_json":{"title":"Arla - Galerij McSorley","robots":{"index":"index","follow":"follow","max-snippet":"max-snippet:-1","max-image-preview":"max-image-preview:large","max-video-preview":"max-video-preview:-1"},"canonical":"https:\/\/gallerymcsorley.com\/nl\/product\/arla\/","og_locale":"nl_NL","og_type":"article","og_title":"Arla","og_description":"Oil on canvas, 85 x 80 cm  Baldin Ahmad (1954, Iraq) -\u00a0 An Koerdische Iraqi artist, he began studies at the Institute of Fine Arts, Baghdad, continuing at the\u00a0 Academia of Fine Arts, Florence, and earned his PhD Modern Art (D.A.M.S) at the University of Bologna, Italy.\u00a0 A focal point of his career was his 1986 exhibit with fellow countryman at the prestigious Palazzo dei Diamanti in Ferrara, Italy where his paintings and sculptures were engraved with messages of freedom against the oppression of the Iraqi regime especially against the Kurds. His work appeared in the 2009 and 2011 Venice Biennale.\u00a0 You might want to travel without hesitation to the provinces and the cities he paints. These are places with a warm human environment, whether it is day or night, whether it rains or the sun shines. He admits that such sites do not exist, as he calls them imaginary, perhaps a homeland free of oppression  Baldin Ahmad is een Koerd, geboren in Irak, zijn schilderkunst kent geen aarzelingen. Zijn opleiding heeft hij gevolgd in Bagdad, Florence en Rome en hij is afgestudeerd aan het Instituut voor Schone kunsten in Bagdad, Irak en aan de Academie van Schone Kunsten in Florence. Tevens is hij PhD Modern Art (D.A.M.S) bij de Universiteit van of Bologna, Italy.\u00a0 Sinds circa 1990 werkt hij in Nederland.\u00a0Vorm en inhoud vertellen hetzelfde verhaal. Het is een positief verhaal van verlangen, en van vertrouwen dat er een leefbare wereld mogelijk is.","og_url":"https:\/\/gallerymcsorley.com\/nl\/product\/arla\/","og_site_name":"Gallery McSorley","article_modified_time":"2023-08-29T14:04:11+00:00","og_image":[{"width":1070,"height":1148,"url":"https:\/\/gallerymcsorley.com\/wp-content\/uploads\/2022\/05\/Arla-Baldin-Ahmad.jpg","type":"image\/jpeg"}],"twitter_card":"summary_large_image","schema":{"@context":"https:\/\/schema.org","@graph":[{"@type":"WebPage","@id":"https:\/\/gallerymcsorley.com\/product\/arla\/","url":"https:\/\/gallerymcsorley.com\/product\/arla\/","name":"Arla - Galerij McSorley","isPartOf":{"@id":"https:\/\/gallerymcsorley.com\/#website"},"primaryImageOfPage":{"@id":"https:\/\/gallerymcsorley.com\/product\/arla\/#primaryimage"},"image":{"@id":"https:\/\/gallerymcsorley.com\/product\/arla\/#primaryimage"},"thumbnailUrl":"https:\/\/gallerymcsorley.com\/wp-content\/uploads\/2022\/05\/Arla-Baldin-Ahmad.jpg","datePublished":"2022-05-07T11:18:12+00:00","dateModified":"2023-08-29T14:04:11+00:00","breadcrumb":{"@id":"https:\/\/gallerymcsorley.com\/product\/arla\/#breadcrumb"},"inLanguage":"nl-NL","potentialAction":[{"@type":"ReadAction","target":["https:\/\/gallerymcsorley.com\/product\/arla\/"]}]},{"@type":"ImageObject","inLanguage":"nl-NL","@id":"https:\/\/gallerymcsorley.com\/product\/arla\/#primaryimage","url":"https:\/\/gallerymcsorley.com\/wp-content\/uploads\/2022\/05\/Arla-Baldin-Ahmad.jpg","contentUrl":"https:\/\/gallerymcsorley.com\/wp-content\/uploads\/2022\/05\/Arla-Baldin-Ahmad.jpg","width":1070,"height":1148},{"@type":"BreadcrumbList","@id":"https:\/\/gallerymcsorley.com\/product\/arla\/#breadcrumb","itemListElement":[{"@type":"ListItem","position":1,"name":"Home","item":"https:\/\/gallerymcsorley.com\/"},{"@type":"ListItem","position":2,"name":"Producten","item":"https:\/\/gallerymcsorley.com\/shop\/"},{"@type":"ListItem","position":3,"name":"Arla"}]},{"@type":"WebSite","@id":"https:\/\/gallerymcsorley.com\/#website","url":"https:\/\/gallerymcsorley.com\/","name":"Galerij McSorley","description":"Kunstgalerie","potentialAction":[{"@type":"SearchAction","target":{"@type":"EntryPoint","urlTemplate":"https:\/\/gallerymcsorley.com\/?s={search_term_string}"},"query-input":{"@type":"PropertyValueSpecification","valueRequired":true,"valueName":"search_term_string"}}],"inLanguage":"nl-NL"}]}},"_links":{"self":[{"href":"https:\/\/gallerymcsorley.com\/nl\/wp-json\/wp\/v2\/product\/4517","targetHints":{"allow":["GET"]}}],"collection":[{"href":"https:\/\/gallerymcsorley.com\/nl\/wp-json\/wp\/v2\/product"}],"about":[{"href":"https:\/\/gallerymcsorley.com\/nl\/wp-json\/wp\/v2\/types\/product"}],"wp:featuredmedia":[{"embeddable":true,"href":"https:\/\/gallerymcsorley.com\/nl\/wp-json\/wp\/v2\/media\/6679"}],"wp:attachment":[{"href":"https:\/\/gallerymcsorley.com\/nl\/wp-json\/wp\/v2\/media?parent=4517"}],"wp:term":[{"taxonomy":"product_brand","embeddable":true,"href":"https:\/\/gallerymcsorley.com\/nl\/wp-json\/wp\/v2\/product_brand?post=4517"},{"taxonomy":"product_cat","embeddable":true,"href":"https:\/\/gallerymcsorley.com\/nl\/wp-json\/wp\/v2\/product_cat?post=4517"},{"taxonomy":"product_tag","embeddable":true,"href":"https:\/\/gallerymcsorley.com\/nl\/wp-json\/wp\/v2\/product_tag?post=4517"}],"curies":[{"name":"wp","href":"https:\/\/api.w.org\/{rel}","templated":true}]}}