{"id":4583,"date":"2022-05-07T11:21:14","date_gmt":"2022-05-07T11:21:14","guid":{"rendered":"https:\/\/gallerymcsorley.com\/?post_type=product&#038;p=4583"},"modified":"2024-08-22T12:59:45","modified_gmt":"2024-08-22T12:59:45","slug":"rabbit-hole","status":"publish","type":"product","link":"https:\/\/gallerymcsorley.com\/nl\/product\/konijnenhol\/","title":{"rendered":"Konijnenhol"},"content":{"rendered":"<p><img fetchpriority=\"high\" decoding=\"async\" class=\"alignnone size-medium wp-image-6600\" src=\"https:\/\/gallerymcsorley.com\/wp-content\/uploads\/2022\/05\/Tay-Dall-Rabbit-Hole-2021_enamel-acrylic-on-canvas-160-x-240-cm-min-300x199.jpg\" alt=\"\" width=\"300\" height=\"199\" \/><\/p>","protected":false},"excerpt":{"rendered":"<p>Gemengde media collage met email-acrylverf, 160 x 240 cm<\/p>\n<p><b>Tay Dall<\/b>\u00a0(Zuid Afrika) is een schilderes die niet onder enig clich\u00e9 valt, van welke stroming dan ook.  Zij richt zich niet naar de meesters van deze tijd en geeft geen uitdrukking aan sociale of politieke omstandigheden.  Dall schildert voor haar eigen plezier en juist daardoor hebben mensen hun eigen weg naar haar toe gevonden.  De vrije stroom van verwezenlijking en de behoefte om de grensgebieden van wet en orde te ontsnappen kenmerken haar werk.  Meestal toont Dall's kunst haar manier kijken naar het leven. Dall schildert de essentie van haar bestaan binnen haar eigen betekenis van tijdloosheid.  Het is door deze tijdloosheid dat zij de onvolmaakte schoonheid van een rechte lijn; de subtiele sensatie van het winterzonlicht en de textuur van ruw canvas waardeert.<\/p>\n<p><b>Tay Dall <\/b><span style=\"font-weight: 400;\">(1966, Zuid-Afrika) Haar kunst valt niet onder de clich\u00e9s of canons van de moderne kunst. Dall gebruikt verschillende media in dikke lagen om diepte en rijkdom te brengen in een levenloos oppervlak. Dall staat niet stil bij sociale of politieke oorzaken en schildert niet voor een bepaald publiek. Integendeel, Tay Dall schildert voor het pure plezier van creatie, voor de vrije stroom van onderbewuste gedachten en voor de behoefte om te ontsnappen aan de beperkingen van wet en orde. Dall's manier om de dingen te zien binnen haar eigen gevoel van tijdloosheid, de waardering van de onvolmaakte schoonheid van kleur en vorm, de subtiele plons van winterzonlicht en de textuur van ruw canvas - puur-rauw-echte ziel. Dit is Dall's persoonlijke worsteling met kunst, de ongerijmde relatie tussen structuur en ruimte. In een compositie van Dall is er vaak sprake van een woedende cirkelkwaliteit. Veel van de organische vormen in haar werk zijn slechts verlengstukken van de cirkel.\u00a0\u00a0<\/span><span style=\"font-weight: 400;\">Voor Dall begint en eindigt de cirkel van het leven op precies dezelfde plek.<\/span><\/p>\n<p>Binnen Rabbit Hole heeft het collageschilderij thema's uit verschillende culturen uit verschillende delen van de wereld.  De collagelaag werd gekozen op basis van de middelpunten, kleuren en thema's die in die laag tot uitdrukking kwamen om een algehele schilderijbalans in compositie te cre\u00ebren. De beelden en daarmee de betekenissen binnen de context van het werk zijn verborgen in de hectische wereld van gelaagde verf en penseelstreken. Dit idee van wie we zijn kan in het beste geval verwarrend en moeilijk zijn. Het werk stimuleert de kijker om beter te kijken naar wat er verborgen is in de context van het doek.  De les is dat je je niet kunt verstoppen voor de realiteit en de waarheid, je wordt gedwongen in het spreekwoordelijke konijnenhol te duiken.<\/p>\n<p>Tay Dall (Afrique du Sud, 1966), peintre sud-africaine qui ne rel\u00e8ve d'aucun clich\u00e9,<br \/>\ngeen enkele beweging. Zijn abstracte schilderingen associ\u00ebren vaak collage, encre, pastel<br \/>\nen krijt. L'art de Dall laat zien hoe hij het leven ziet, ze is niet conform de<br \/>\nsociale of politieke omstandigheden. La n\u00e9cessit\u00e9 d'\u00e9chapper aux fronti\u00e8res de la loi<br \/>\net de l'ordre caract\u00e9rise son travail. Ze schildert de essentie van haar bestaan in haar<br \/>\neigen gevoel voor tijdelijkheid: ''Chaque spectateur peut inter pr\u00e9ter mon travail de<br \/>\nop een andere manier. Ce que je peins est personnel. Het is mijn persoonlijke geschiedenis. Par<br \/>\ncela j'entends : c'est une repr\u00e9sentation de mes exp\u00e9riences et de comment je<br \/>\nper\u00e7ois le monde qui m'entoure''.<\/p>\n<p>&nbsp;<\/p>","protected":false},"featured_media":6602,"template":"","meta":[],"product_brand":[],"product_cat":[131],"product_tag":[86],"class_list":{"0":"post-4583","1":"product","2":"type-product","3":"status-publish","4":"has-post-thumbnail","6":"product_cat-tay-dall","7":"product_tag-dall","9":"first","10":"instock","11":"shipping-taxable","12":"purchasable","13":"product-type-simple"},"yoast_head":"<!-- This site is optimized with the Yoast SEO Premium plugin v21.1 (Yoast SEO v27.3) - https:\/\/yoast.com\/product\/yoast-seo-premium-wordpress\/ -->\n<title>Rabbit Hole - Gallery McSorley<\/title>\n<meta name=\"robots\" content=\"index, follow, max-snippet:-1, max-image-preview:large, max-video-preview:-1\" \/>\n<link rel=\"canonical\" href=\"https:\/\/gallerymcsorley.com\/nl\/product\/konijnenhol\/\" \/>\n<meta property=\"og:locale\" content=\"nl_NL\" \/>\n<meta property=\"og:type\" content=\"article\" \/>\n<meta property=\"og:title\" content=\"Rabbit Hole\" \/>\n<meta property=\"og:description\" content=\"Mixed media collage with enamel-acrylic paint, 160 x 240 cm  Tay Dall\u00a0(Zuid Afrika) is een schilderes die niet onder enig clich\u00e9 valt, van welke stroming dan ook.\u00a0 Zij richt zich niet naar de meesters van deze tijd en geeft geen uitdrukking aan sociale of politieke omstandigheden.\u00a0 Dall schildert voor haar eigen plezier en juist daardoor hebben mensen hun eigen weg naar haar toe gevonden.\u00a0 De vrije stroom van verwezenlijking en de behoefte om de grensgebieden van wet en orde te ontsnappen kenmerken haar werk.\u00a0 Meestal toont Dall\u2019s kunst haar manier kijken naar het leven. Dall schildert de essentie van haar bestaan binnen haar eigen betekenis van tijdloosheid.\u00a0 Het is door deze tijdloosheid dat zij de onvolmaakte schoonheid van een rechte lijn; de subtiele sensatie van het winterzonlicht en de textuur van ruw canvas waardeert.  Tay Dall (1966, South Africa) Her art does not fall under the clich\u00e9 or any canons of modern art. Dall uses various media in thick layers to bring depth and richness to a lifeless surface. Dall does not dwell on social or political causes or paint for a particular audience. On the contrary, Tay Dall paints for the purest pleasure of creation, for the free flow of subconscious thought, and for the need to escape the confines of law and order. Dall\u2019s way of seeing things within her own sense of timelessness, the appreciation of the imperfect beauty of color and form, the subtle splash of winter sunlight, and the texture of rough canvas - pure-raw-genuine soul. This is Dall\u2019s personal struggle with art, the incongruous relationship between structure and space. There is often a furious circular quality evident in a Dall composition. Many of the organic forms in her work are but mere extensions of the circle.\u00a0\u00a0To Dall, the circle of life begins and ends in the exact same spot.  Within Rabbit Hole the collage painting has themes from various cultures from different parts of the world.\u00a0 The collage layer was chosen according to the center points, colors, and themes that were expressed in that layer to create an overall painting balance in composition. The images and therefore the meanings within the context of the work are hidden in the frenetic world of layered paint and brush strokes. This idea of who we are can be confusing and difficult at the best of times. The work engages the viewer by encouraging a closer look at what is hidden within the context of the canvas.\u00a0 The lesson is that you cannot hide from reality and truth, you are forced down the proverbial Rabbit Hole.  Tay Dall (Afrique du Sud, 1966), peintre sud-africaine qui ne rel\u00e8ve d&#039;aucun clich\u00e9, d&#039;aucun mouvement. Ses peintures abstraites associent souvent collage, encre, pastel et crayon. L&#039;art de Dall montre sa fa\u00e7on de voir la vie, elle ne se conforme pas aux circonstances sociales ou politiques. La n\u00e9cessit\u00e9 d\u2019\u00e9chapper aux fronti\u00e8res de la loi et de l\u2019ordre caract\u00e9rise son travail. Elle peint l&#039;essence de son existence dans son propre sens de l&#039;intemporalit\u00e9 : \u2018\u2019Chaque spectateur peut inter pr\u00e9ter mon travail de fa\u00e7on diff\u00e9rente. Ce que je peins est personnel. C\u2019est mon histoire personnelle. Par cela j\u2019entends : c\u2019est une repr\u00e9sentation de mes exp\u00e9riences et de comment je per\u00e7ois le monde qui m\u2019entoure\u2019\u2019.  &nbsp;\" \/>\n<meta property=\"og:url\" content=\"https:\/\/gallerymcsorley.com\/nl\/product\/konijnenhol\/\" \/>\n<meta property=\"og:site_name\" content=\"Gallery McSorley\" \/>\n<meta property=\"article:modified_time\" content=\"2024-08-22T12:59:45+00:00\" \/>\n<meta property=\"og:image\" content=\"https:\/\/gallerymcsorley.com\/wp-content\/uploads\/2022\/05\/Tay-Dall-Rabbit-Hole-2021_enamel-acrylic-on-canvas-160-x-240-cm-min-1.jpg\" \/>\n\t<meta property=\"og:image:width\" content=\"1216\" \/>\n\t<meta property=\"og:image:height\" content=\"808\" \/>\n\t<meta property=\"og:image:type\" content=\"image\/jpeg\" \/>\n<meta name=\"twitter:card\" content=\"summary_large_image\" \/>\n<meta name=\"twitter:label1\" content=\"Geschatte leestijd\" \/>\n\t<meta name=\"twitter:data1\" content=\"1 minuut\" \/>\n<script type=\"application\/ld+json\" class=\"yoast-schema-graph\">{\"@context\":\"https:\\\/\\\/schema.org\",\"@graph\":[{\"@type\":\"WebPage\",\"@id\":\"https:\\\/\\\/gallerymcsorley.com\\\/product\\\/rabbit-hole\\\/\",\"url\":\"https:\\\/\\\/gallerymcsorley.com\\\/product\\\/rabbit-hole\\\/\",\"name\":\"Rabbit Hole - Gallery McSorley\",\"isPartOf\":{\"@id\":\"https:\\\/\\\/gallerymcsorley.com\\\/#website\"},\"primaryImageOfPage\":{\"@id\":\"https:\\\/\\\/gallerymcsorley.com\\\/product\\\/rabbit-hole\\\/#primaryimage\"},\"image\":{\"@id\":\"https:\\\/\\\/gallerymcsorley.com\\\/product\\\/rabbit-hole\\\/#primaryimage\"},\"thumbnailUrl\":\"https:\\\/\\\/gallerymcsorley.com\\\/wp-content\\\/uploads\\\/2022\\\/05\\\/Tay-Dall-Rabbit-Hole-2021_enamel-acrylic-on-canvas-160-x-240-cm-min-1.jpg\",\"datePublished\":\"2022-05-07T11:21:14+00:00\",\"dateModified\":\"2024-08-22T12:59:45+00:00\",\"breadcrumb\":{\"@id\":\"https:\\\/\\\/gallerymcsorley.com\\\/product\\\/rabbit-hole\\\/#breadcrumb\"},\"inLanguage\":\"nl-NL\",\"potentialAction\":[{\"@type\":\"ReadAction\",\"target\":[\"https:\\\/\\\/gallerymcsorley.com\\\/product\\\/rabbit-hole\\\/\"]}]},{\"@type\":\"ImageObject\",\"inLanguage\":\"nl-NL\",\"@id\":\"https:\\\/\\\/gallerymcsorley.com\\\/product\\\/rabbit-hole\\\/#primaryimage\",\"url\":\"https:\\\/\\\/gallerymcsorley.com\\\/wp-content\\\/uploads\\\/2022\\\/05\\\/Tay-Dall-Rabbit-Hole-2021_enamel-acrylic-on-canvas-160-x-240-cm-min-1.jpg\",\"contentUrl\":\"https:\\\/\\\/gallerymcsorley.com\\\/wp-content\\\/uploads\\\/2022\\\/05\\\/Tay-Dall-Rabbit-Hole-2021_enamel-acrylic-on-canvas-160-x-240-cm-min-1.jpg\",\"width\":1216,\"height\":808},{\"@type\":\"BreadcrumbList\",\"@id\":\"https:\\\/\\\/gallerymcsorley.com\\\/product\\\/rabbit-hole\\\/#breadcrumb\",\"itemListElement\":[{\"@type\":\"ListItem\",\"position\":1,\"name\":\"Home\",\"item\":\"https:\\\/\\\/gallerymcsorley.com\\\/\"},{\"@type\":\"ListItem\",\"position\":2,\"name\":\"Producten\",\"item\":\"https:\\\/\\\/gallerymcsorley.com\\\/shop\\\/\"},{\"@type\":\"ListItem\",\"position\":3,\"name\":\"Rabbit Hole\"}]},{\"@type\":\"WebSite\",\"@id\":\"https:\\\/\\\/gallerymcsorley.com\\\/#website\",\"url\":\"https:\\\/\\\/gallerymcsorley.com\\\/\",\"name\":\"Gallery McSorley\",\"description\":\"Art Gallery\",\"potentialAction\":[{\"@type\":\"SearchAction\",\"target\":{\"@type\":\"EntryPoint\",\"urlTemplate\":\"https:\\\/\\\/gallerymcsorley.com\\\/?s={search_term_string}\"},\"query-input\":{\"@type\":\"PropertyValueSpecification\",\"valueRequired\":true,\"valueName\":\"search_term_string\"}}],\"inLanguage\":\"nl-NL\"}]}<\/script>\n<!-- \/ Yoast SEO Premium plugin. -->","yoast_head_json":{"title":"Konijnenhol - Galerij McSorley","robots":{"index":"index","follow":"follow","max-snippet":"max-snippet:-1","max-image-preview":"max-image-preview:large","max-video-preview":"max-video-preview:-1"},"canonical":"https:\/\/gallerymcsorley.com\/nl\/product\/konijnenhol\/","og_locale":"nl_NL","og_type":"article","og_title":"Rabbit Hole","og_description":"Mixed media collage with enamel-acrylic paint, 160 x 240 cm  Tay Dall\u00a0(Zuid Afrika) is een schilderes die niet onder enig clich\u00e9 valt, van welke stroming dan ook.\u00a0 Zij richt zich niet naar de meesters van deze tijd en geeft geen uitdrukking aan sociale of politieke omstandigheden.\u00a0 Dall schildert voor haar eigen plezier en juist daardoor hebben mensen hun eigen weg naar haar toe gevonden.\u00a0 De vrije stroom van verwezenlijking en de behoefte om de grensgebieden van wet en orde te ontsnappen kenmerken haar werk.\u00a0 Meestal toont Dall\u2019s kunst haar manier kijken naar het leven. Dall schildert de essentie van haar bestaan binnen haar eigen betekenis van tijdloosheid.\u00a0 Het is door deze tijdloosheid dat zij de onvolmaakte schoonheid van een rechte lijn; de subtiele sensatie van het winterzonlicht en de textuur van ruw canvas waardeert.  Tay Dall (1966, South Africa) Her art does not fall under the clich\u00e9 or any canons of modern art. Dall uses various media in thick layers to bring depth and richness to a lifeless surface. Dall does not dwell on social or political causes or paint for a particular audience. On the contrary, Tay Dall paints for the purest pleasure of creation, for the free flow of subconscious thought, and for the need to escape the confines of law and order. Dall\u2019s way of seeing things within her own sense of timelessness, the appreciation of the imperfect beauty of color and form, the subtle splash of winter sunlight, and the texture of rough canvas - pure-raw-genuine soul. This is Dall\u2019s personal struggle with art, the incongruous relationship between structure and space. There is often a furious circular quality evident in a Dall composition. Many of the organic forms in her work are but mere extensions of the circle.\u00a0\u00a0To Dall, the circle of life begins and ends in the exact same spot.  Within Rabbit Hole the collage painting has themes from various cultures from different parts of the world.\u00a0 The collage layer was chosen according to the center points, colors, and themes that were expressed in that layer to create an overall painting balance in composition. The images and therefore the meanings within the context of the work are hidden in the frenetic world of layered paint and brush strokes. This idea of who we are can be confusing and difficult at the best of times. The work engages the viewer by encouraging a closer look at what is hidden within the context of the canvas.\u00a0 The lesson is that you cannot hide from reality and truth, you are forced down the proverbial Rabbit Hole.  Tay Dall (Afrique du Sud, 1966), peintre sud-africaine qui ne rel\u00e8ve d'aucun clich\u00e9, d'aucun mouvement. Ses peintures abstraites associent souvent collage, encre, pastel et crayon. L'art de Dall montre sa fa\u00e7on de voir la vie, elle ne se conforme pas aux circonstances sociales ou politiques. La n\u00e9cessit\u00e9 d\u2019\u00e9chapper aux fronti\u00e8res de la loi et de l\u2019ordre caract\u00e9rise son travail. Elle peint l'essence de son existence dans son propre sens de l'intemporalit\u00e9 : \u2018\u2019Chaque spectateur peut inter pr\u00e9ter mon travail de fa\u00e7on diff\u00e9rente. Ce que je peins est personnel. C\u2019est mon histoire personnelle. Par cela j\u2019entends : c\u2019est une repr\u00e9sentation de mes exp\u00e9riences et de comment je per\u00e7ois le monde qui m\u2019entoure\u2019\u2019.  &nbsp;","og_url":"https:\/\/gallerymcsorley.com\/nl\/product\/konijnenhol\/","og_site_name":"Gallery McSorley","article_modified_time":"2024-08-22T12:59:45+00:00","og_image":[{"width":1216,"height":808,"url":"https:\/\/gallerymcsorley.com\/wp-content\/uploads\/2022\/05\/Tay-Dall-Rabbit-Hole-2021_enamel-acrylic-on-canvas-160-x-240-cm-min-1.jpg","type":"image\/jpeg"}],"twitter_card":"summary_large_image","twitter_misc":{"Geschatte leestijd":"1 minuut"},"schema":{"@context":"https:\/\/schema.org","@graph":[{"@type":"WebPage","@id":"https:\/\/gallerymcsorley.com\/product\/rabbit-hole\/","url":"https:\/\/gallerymcsorley.com\/product\/rabbit-hole\/","name":"Konijnenhol - Galerij McSorley","isPartOf":{"@id":"https:\/\/gallerymcsorley.com\/#website"},"primaryImageOfPage":{"@id":"https:\/\/gallerymcsorley.com\/product\/rabbit-hole\/#primaryimage"},"image":{"@id":"https:\/\/gallerymcsorley.com\/product\/rabbit-hole\/#primaryimage"},"thumbnailUrl":"https:\/\/gallerymcsorley.com\/wp-content\/uploads\/2022\/05\/Tay-Dall-Rabbit-Hole-2021_enamel-acrylic-on-canvas-160-x-240-cm-min-1.jpg","datePublished":"2022-05-07T11:21:14+00:00","dateModified":"2024-08-22T12:59:45+00:00","breadcrumb":{"@id":"https:\/\/gallerymcsorley.com\/product\/rabbit-hole\/#breadcrumb"},"inLanguage":"nl-NL","potentialAction":[{"@type":"ReadAction","target":["https:\/\/gallerymcsorley.com\/product\/rabbit-hole\/"]}]},{"@type":"ImageObject","inLanguage":"nl-NL","@id":"https:\/\/gallerymcsorley.com\/product\/rabbit-hole\/#primaryimage","url":"https:\/\/gallerymcsorley.com\/wp-content\/uploads\/2022\/05\/Tay-Dall-Rabbit-Hole-2021_enamel-acrylic-on-canvas-160-x-240-cm-min-1.jpg","contentUrl":"https:\/\/gallerymcsorley.com\/wp-content\/uploads\/2022\/05\/Tay-Dall-Rabbit-Hole-2021_enamel-acrylic-on-canvas-160-x-240-cm-min-1.jpg","width":1216,"height":808},{"@type":"BreadcrumbList","@id":"https:\/\/gallerymcsorley.com\/product\/rabbit-hole\/#breadcrumb","itemListElement":[{"@type":"ListItem","position":1,"name":"Home","item":"https:\/\/gallerymcsorley.com\/"},{"@type":"ListItem","position":2,"name":"Producten","item":"https:\/\/gallerymcsorley.com\/shop\/"},{"@type":"ListItem","position":3,"name":"Rabbit Hole"}]},{"@type":"WebSite","@id":"https:\/\/gallerymcsorley.com\/#website","url":"https:\/\/gallerymcsorley.com\/","name":"Galerij McSorley","description":"Kunstgalerie","potentialAction":[{"@type":"SearchAction","target":{"@type":"EntryPoint","urlTemplate":"https:\/\/gallerymcsorley.com\/?s={search_term_string}"},"query-input":{"@type":"PropertyValueSpecification","valueRequired":true,"valueName":"search_term_string"}}],"inLanguage":"nl-NL"}]}},"_links":{"self":[{"href":"https:\/\/gallerymcsorley.com\/nl\/wp-json\/wp\/v2\/product\/4583","targetHints":{"allow":["GET"]}}],"collection":[{"href":"https:\/\/gallerymcsorley.com\/nl\/wp-json\/wp\/v2\/product"}],"about":[{"href":"https:\/\/gallerymcsorley.com\/nl\/wp-json\/wp\/v2\/types\/product"}],"wp:featuredmedia":[{"embeddable":true,"href":"https:\/\/gallerymcsorley.com\/nl\/wp-json\/wp\/v2\/media\/6602"}],"wp:attachment":[{"href":"https:\/\/gallerymcsorley.com\/nl\/wp-json\/wp\/v2\/media?parent=4583"}],"wp:term":[{"taxonomy":"product_brand","embeddable":true,"href":"https:\/\/gallerymcsorley.com\/nl\/wp-json\/wp\/v2\/product_brand?post=4583"},{"taxonomy":"product_cat","embeddable":true,"href":"https:\/\/gallerymcsorley.com\/nl\/wp-json\/wp\/v2\/product_cat?post=4583"},{"taxonomy":"product_tag","embeddable":true,"href":"https:\/\/gallerymcsorley.com\/nl\/wp-json\/wp\/v2\/product_tag?post=4583"}],"curies":[{"name":"wp","href":"https:\/\/api.w.org\/{rel}","templated":true}]}}