{"id":4715,"date":"2022-05-07T11:25:41","date_gmt":"2022-05-07T11:25:41","guid":{"rendered":"https:\/\/gallerymcsorley.com\/?post_type=product&#038;p=4715"},"modified":"2026-01-10T14:28:48","modified_gmt":"2026-01-10T14:28:48","slug":"stokstaart-op-steen","status":"publish","type":"product","link":"https:\/\/gallerymcsorley.com\/nl\/product\/stokstaart-op-steen\/","title":{"rendered":"Stokstaartje op uitkijk\/Stokstaart op Steen"},"content":{"rendered":"","protected":false},"excerpt":{"rendered":"<p>Brons, 50 x 25 x 20 cm<\/p>\n<p>Meer dan vijftig jaar nadat beeldhouwer en bronsgieter Jaap Hartman zijn diploma<br \/>\nstudeerde aan de Rijksacademie voor Beeldende Kunsten in Amsterdam en de Academie voor Beeldende Kunsten in Rotterdam.<br \/>\nKunst is zijn oeuvre actueel en bloeiend. Zijn figuratieve sculpturen laten zien dat hij trouw is aan de<br \/>\nelementaire ruimtelijke concepten terwijl hij de natuurlijke wereld met een twist interpreteert. Hartmans grillige<br \/>\nwezens weerspiegelen een magische interpretatie van de natuurlijke wereld en roepen zowel amusement als<br \/>\nvertedering in de weergave van de menselijke natuur of de harige en gevederde vrienden. Jaap Hartman<br \/>\nlaat zich inspireren door het principe \"De natuur is de moeder van alle kunsten\". Het hele sculpturale oeuvre<br \/>\nvan Jaap Hartmans is verkrijgbaar via Gallery McSorley met gratis aankoopfinanciering.<\/p>\n<p>Jaap Hartman (1950, Nederland) is beeldhouwer en bronsgieter. Jaap Hartman heeft<br \/>\nafgestudeerd aan de Academie van Beeldende Kunsten in Rotterdam en aan de Rijksacademie<br \/>\nvan Amsterdam. Deze opleidingen legden de basis voor zijn artistieke ontwikkeling en zijn<br \/>\ntechnisch vakmanschap. In Amsterdam waren de gerenommeerde hoogleraren Paul<br \/>\nGregoire en Piet Esser die hem de principes van de beeldhouwkunst bijbrachten voor Jaap. Zijn<br \/>\nfiguratieve beelden laten zien dat hij trouw blijft aan de basisgedachte dat beeldhouwen<br \/>\nwerken in en met de ruimte is. Werkend van binnen naar buiten krijgt de vorm langzamerhand<br \/>\ngestalte. Zijn werkwijze een langzaam opbouwen van binnenuit totdat hij is aangekomen bij de<br \/>\nbuitenkant, de huid. Op dat moment heeft het beeld zijn definitieve vorm en expressie<br \/>\nverkregen en wordt er niet meer aan geschaafd. Jaap Hartmans' klassieke creatieve beelden<br \/>\ninterpreteren met een knipoog de natuurlijke wereld. Door deze fantasierijke ietwat surre\u00eble<br \/>\nmanier van werken ademen deze sculpturen grappige gedachten, die aan het brons lijken te<br \/>\nontsnappen. Misschien schept deze meester bronsgieter en beeldhouwer na 50 jaar werken nog<br \/>\nmeer plezier dan ooit in het scheppen van deze humorvolle sensaties in duurzame beelden, die<br \/>\ntot een glimlach aanzetten. Als bronsgieter kan Jaap Hartman dit hele proces in eigen hand<br \/>\nhouden. Hartman's sculpturen zijn te vinden in publieke, zakelijke en priv\u00e9collecties over de<br \/>\nhele wereld.<\/p>\n<p>Jaap Hartman (Pays-Bas, 1950), sculpteur et ma\u00eetre bronzier n\u00e9erlandais. Hij heeft zijn<br \/>\nge\u00efnspireerd door het principe: \"De natuur is de moeder van alle kunsten\". Vanwege deze manier<br \/>\nfantasierijk en quelque peu surr\u00e9aliste de travailler, zijn sculpturen ademen de dr\u00f4les de<br \/>\npens\u00e9es qui semblent s'\u00e9chapper du bronze. Apr\u00e8s 50 ans \u00e0 pratiquer son art, il semble trouver<br \/>\nnog meer plezier dan ooit om deze humoristische sensaties te cre\u00ebren in duurzame beelden<br \/>\ndie sourire geven. De unieke sculpturen van Jaap Hartman sieren de openbare collecties,<br \/>\ncommerciales et priv\u00e9es du monde entier.<\/p>","protected":false},"featured_media":4745,"template":"","meta":[],"product_brand":[],"product_cat":[135],"product_tag":[91],"class_list":{"0":"post-4715","1":"product","2":"type-product","3":"status-publish","4":"has-post-thumbnail","6":"product_cat-jaap-hartman","7":"product_tag-hartman","9":"first","10":"instock","11":"shipping-taxable","12":"purchasable","13":"product-type-simple"},"yoast_head":"<!-- This site is optimized with the Yoast SEO Premium plugin v21.1 (Yoast SEO v27.3) - https:\/\/yoast.com\/product\/yoast-seo-premium-wordpress\/ -->\n<title>Meerkat on Lookout\/Stokstaart op Steen - Gallery McSorley<\/title>\n<meta name=\"robots\" content=\"index, follow, max-snippet:-1, max-image-preview:large, max-video-preview:-1\" \/>\n<link rel=\"canonical\" href=\"https:\/\/gallerymcsorley.com\/nl\/product\/stokstaart-op-steen\/\" \/>\n<meta property=\"og:locale\" content=\"nl_NL\" \/>\n<meta property=\"og:type\" content=\"article\" \/>\n<meta property=\"og:title\" content=\"Meerkat on Lookout\/Stokstaart op Steen\" \/>\n<meta property=\"og:description\" content=\"Bronze, 50 x 25 x 20 cm  More than fifty years after sculptor and bronze caster Jaap Hartman completed his graduate studies at the Rijks Academy of Fine Arts in Amsterdam and the Rotterdam Academy of Fine Arts is his oeuvre actual and prospering. His figurative sculptures show that he is faithful to the basic spatial concepts while he interprets the natural world with a twist. Hartman&#039;s whimsical creatures reflect a magical interpretation of the natural world, invoking both amusement and endearment in the depiction of human nature or the furry and feathered friends. Jaap Hartman finds inspiration from the tenet; &quot;Nature is the mother of all arts&quot;. The entire sculptural oeuvre of Jaap Hartmans is available thru Gallery McSorley with free purchase financing options.  Jaap Hartman (1950, Nederland) is beeldhouwer en bronsgieter. Jaap Hartman heeft afgestudeerd aan de Academie van Beeldende Kunsten in Rotterdam en aan de Rijksacademie van Amsterdam. Deze opleidingen legden de basis voor zijn artistieke ontwikkeling en zijn technisch vakmanschap. In Amsterdam waren het de gerenommeerde hoogleraren Paul Gregoire en Piet Esser die hem de principes van de beeldhouwkunst bijbrachten voor Jaap. Zijn figuratieve beelden laten zien dat hij trouw blijft aan de basisgedachte dat beeldhouwen werken in en met de ruimte is. Werkend van binnen naar buiten krijgt de vorm langzamerhand gestalte. Zijn werkwijze een langzaam opbouwen van binnenuit totdat hij is aangekomen bij de buitenkant, de huid. Op dat moment heeft het beeld zijn definitieve vorm en expressie verkregen en wordt er niet meer aan geschaafd. Jaap Hartmans\u2019 klassieke creatieve beelden interpreteren met een knipoog de natuurlijke wereld. Door deze fantasierijke ietwat surre\u00eble manier van werken ademen deze sculpturen grappige gedachten, die aan het brons lijken te ontsnappen. Misschien schept deze meester bronsgieter en beeldhouwer na 50 jaar werken nog meer plezier dan ooit in het scheppen van deze humorvolle sensaties in duurzame beelden, die tot een glimlach aanzetten. Als bronsgieter kan Jaap Hartman dit hele proces in eigen hand houden. Hartman\u2019s sculpturen zijn te vinden in publieke, zakelijke en priv\u00e9collecties over de hele wereld.  Jaap Hartman (Pays-Bas, 1950), sculpteur et ma\u00eetre bronzier n\u00e9erlandais. Il trouve son inspiration dans le principe : \u00ab La nature est la m\u00e8re de tous les arts \u00bb. En raison de sa fa\u00e7on imaginative et quelque peu surr\u00e9aliste de travailler, ses sculptures respirent de dr\u00f4les de pens\u00e9es qui semblent s\u2019\u00e9chapper du bronze. Apr\u00e8s 50 ans \u00e0 pratiquer son art, il semble trouver encore plus de plaisir que jamais \u00e0 cr\u00e9er ces sensations humoristiques dans des images durables qui font sourire. Les sculptures uniques de Jaap Hartman ornent les collections publiques, commerciales et priv\u00e9es du monde entier.\" \/>\n<meta property=\"og:url\" content=\"https:\/\/gallerymcsorley.com\/nl\/product\/stokstaart-op-steen\/\" \/>\n<meta property=\"og:site_name\" content=\"Gallery McSorley\" \/>\n<meta property=\"article:modified_time\" content=\"2026-01-10T14:28:48+00:00\" \/>\n<meta property=\"og:image\" content=\"https:\/\/gallerymcsorley.com\/wp-content\/uploads\/2022\/05\/Meerkat-on-chalkstoneStokstaart-op-Steen.jpeg\" \/>\n\t<meta property=\"og:image:width\" content=\"280\" \/>\n\t<meta property=\"og:image:height\" content=\"673\" \/>\n\t<meta property=\"og:image:type\" content=\"image\/jpeg\" \/>\n<meta name=\"twitter:card\" content=\"summary_large_image\" \/>\n<script type=\"application\/ld+json\" class=\"yoast-schema-graph\">{\"@context\":\"https:\\\/\\\/schema.org\",\"@graph\":[{\"@type\":\"WebPage\",\"@id\":\"https:\\\/\\\/gallerymcsorley.com\\\/product\\\/stokstaart-op-steen\\\/\",\"url\":\"https:\\\/\\\/gallerymcsorley.com\\\/product\\\/stokstaart-op-steen\\\/\",\"name\":\"Meerkat on Lookout\\\/Stokstaart op Steen - Gallery McSorley\",\"isPartOf\":{\"@id\":\"https:\\\/\\\/gallerymcsorley.com\\\/#website\"},\"primaryImageOfPage\":{\"@id\":\"https:\\\/\\\/gallerymcsorley.com\\\/product\\\/stokstaart-op-steen\\\/#primaryimage\"},\"image\":{\"@id\":\"https:\\\/\\\/gallerymcsorley.com\\\/product\\\/stokstaart-op-steen\\\/#primaryimage\"},\"thumbnailUrl\":\"https:\\\/\\\/gallerymcsorley.com\\\/wp-content\\\/uploads\\\/2022\\\/05\\\/Meerkat-on-chalkstoneStokstaart-op-Steen.jpeg\",\"datePublished\":\"2022-05-07T11:25:41+00:00\",\"dateModified\":\"2026-01-10T14:28:48+00:00\",\"breadcrumb\":{\"@id\":\"https:\\\/\\\/gallerymcsorley.com\\\/product\\\/stokstaart-op-steen\\\/#breadcrumb\"},\"inLanguage\":\"nl-NL\",\"potentialAction\":[{\"@type\":\"ReadAction\",\"target\":[\"https:\\\/\\\/gallerymcsorley.com\\\/product\\\/stokstaart-op-steen\\\/\"]}]},{\"@type\":\"ImageObject\",\"inLanguage\":\"nl-NL\",\"@id\":\"https:\\\/\\\/gallerymcsorley.com\\\/product\\\/stokstaart-op-steen\\\/#primaryimage\",\"url\":\"https:\\\/\\\/gallerymcsorley.com\\\/wp-content\\\/uploads\\\/2022\\\/05\\\/Meerkat-on-chalkstoneStokstaart-op-Steen.jpeg\",\"contentUrl\":\"https:\\\/\\\/gallerymcsorley.com\\\/wp-content\\\/uploads\\\/2022\\\/05\\\/Meerkat-on-chalkstoneStokstaart-op-Steen.jpeg\",\"width\":280,\"height\":673},{\"@type\":\"BreadcrumbList\",\"@id\":\"https:\\\/\\\/gallerymcsorley.com\\\/product\\\/stokstaart-op-steen\\\/#breadcrumb\",\"itemListElement\":[{\"@type\":\"ListItem\",\"position\":1,\"name\":\"Home\",\"item\":\"https:\\\/\\\/gallerymcsorley.com\\\/\"},{\"@type\":\"ListItem\",\"position\":2,\"name\":\"Producten\",\"item\":\"https:\\\/\\\/gallerymcsorley.com\\\/shop\\\/\"},{\"@type\":\"ListItem\",\"position\":3,\"name\":\"Meerkat on Lookout\\\/Stokstaart op Steen\"}]},{\"@type\":\"WebSite\",\"@id\":\"https:\\\/\\\/gallerymcsorley.com\\\/#website\",\"url\":\"https:\\\/\\\/gallerymcsorley.com\\\/\",\"name\":\"Gallery McSorley\",\"description\":\"Art Gallery\",\"potentialAction\":[{\"@type\":\"SearchAction\",\"target\":{\"@type\":\"EntryPoint\",\"urlTemplate\":\"https:\\\/\\\/gallerymcsorley.com\\\/?s={search_term_string}\"},\"query-input\":{\"@type\":\"PropertyValueSpecification\",\"valueRequired\":true,\"valueName\":\"search_term_string\"}}],\"inLanguage\":\"nl-NL\"}]}<\/script>\n<!-- \/ Yoast SEO Premium plugin. -->","yoast_head_json":{"title":"Stokstaart op uitkijk\/Stokstaart op Steen - Galerij McSorley","robots":{"index":"index","follow":"follow","max-snippet":"max-snippet:-1","max-image-preview":"max-image-preview:large","max-video-preview":"max-video-preview:-1"},"canonical":"https:\/\/gallerymcsorley.com\/nl\/product\/stokstaart-op-steen\/","og_locale":"nl_NL","og_type":"article","og_title":"Meerkat on Lookout\/Stokstaart op Steen","og_description":"Bronze, 50 x 25 x 20 cm  More than fifty years after sculptor and bronze caster Jaap Hartman completed his graduate studies at the Rijks Academy of Fine Arts in Amsterdam and the Rotterdam Academy of Fine Arts is his oeuvre actual and prospering. His figurative sculptures show that he is faithful to the basic spatial concepts while he interprets the natural world with a twist. Hartman's whimsical creatures reflect a magical interpretation of the natural world, invoking both amusement and endearment in the depiction of human nature or the furry and feathered friends. Jaap Hartman finds inspiration from the tenet; \"Nature is the mother of all arts\". The entire sculptural oeuvre of Jaap Hartmans is available thru Gallery McSorley with free purchase financing options.  Jaap Hartman (1950, Nederland) is beeldhouwer en bronsgieter. Jaap Hartman heeft afgestudeerd aan de Academie van Beeldende Kunsten in Rotterdam en aan de Rijksacademie van Amsterdam. Deze opleidingen legden de basis voor zijn artistieke ontwikkeling en zijn technisch vakmanschap. In Amsterdam waren het de gerenommeerde hoogleraren Paul Gregoire en Piet Esser die hem de principes van de beeldhouwkunst bijbrachten voor Jaap. Zijn figuratieve beelden laten zien dat hij trouw blijft aan de basisgedachte dat beeldhouwen werken in en met de ruimte is. Werkend van binnen naar buiten krijgt de vorm langzamerhand gestalte. Zijn werkwijze een langzaam opbouwen van binnenuit totdat hij is aangekomen bij de buitenkant, de huid. Op dat moment heeft het beeld zijn definitieve vorm en expressie verkregen en wordt er niet meer aan geschaafd. Jaap Hartmans\u2019 klassieke creatieve beelden interpreteren met een knipoog de natuurlijke wereld. Door deze fantasierijke ietwat surre\u00eble manier van werken ademen deze sculpturen grappige gedachten, die aan het brons lijken te ontsnappen. Misschien schept deze meester bronsgieter en beeldhouwer na 50 jaar werken nog meer plezier dan ooit in het scheppen van deze humorvolle sensaties in duurzame beelden, die tot een glimlach aanzetten. Als bronsgieter kan Jaap Hartman dit hele proces in eigen hand houden. Hartman\u2019s sculpturen zijn te vinden in publieke, zakelijke en priv\u00e9collecties over de hele wereld.  Jaap Hartman (Pays-Bas, 1950), sculpteur et ma\u00eetre bronzier n\u00e9erlandais. Il trouve son inspiration dans le principe : \u00ab La nature est la m\u00e8re de tous les arts \u00bb. En raison de sa fa\u00e7on imaginative et quelque peu surr\u00e9aliste de travailler, ses sculptures respirent de dr\u00f4les de pens\u00e9es qui semblent s\u2019\u00e9chapper du bronze. Apr\u00e8s 50 ans \u00e0 pratiquer son art, il semble trouver encore plus de plaisir que jamais \u00e0 cr\u00e9er ces sensations humoristiques dans des images durables qui font sourire. Les sculptures uniques de Jaap Hartman ornent les collections publiques, commerciales et priv\u00e9es du monde entier.","og_url":"https:\/\/gallerymcsorley.com\/nl\/product\/stokstaart-op-steen\/","og_site_name":"Gallery McSorley","article_modified_time":"2026-01-10T14:28:48+00:00","og_image":[{"width":280,"height":673,"url":"https:\/\/gallerymcsorley.com\/wp-content\/uploads\/2022\/05\/Meerkat-on-chalkstoneStokstaart-op-Steen.jpeg","type":"image\/jpeg"}],"twitter_card":"summary_large_image","schema":{"@context":"https:\/\/schema.org","@graph":[{"@type":"WebPage","@id":"https:\/\/gallerymcsorley.com\/product\/stokstaart-op-steen\/","url":"https:\/\/gallerymcsorley.com\/product\/stokstaart-op-steen\/","name":"Stokstaart op uitkijk\/Stokstaart op Steen - Galerij McSorley","isPartOf":{"@id":"https:\/\/gallerymcsorley.com\/#website"},"primaryImageOfPage":{"@id":"https:\/\/gallerymcsorley.com\/product\/stokstaart-op-steen\/#primaryimage"},"image":{"@id":"https:\/\/gallerymcsorley.com\/product\/stokstaart-op-steen\/#primaryimage"},"thumbnailUrl":"https:\/\/gallerymcsorley.com\/wp-content\/uploads\/2022\/05\/Meerkat-on-chalkstoneStokstaart-op-Steen.jpeg","datePublished":"2022-05-07T11:25:41+00:00","dateModified":"2026-01-10T14:28:48+00:00","breadcrumb":{"@id":"https:\/\/gallerymcsorley.com\/product\/stokstaart-op-steen\/#breadcrumb"},"inLanguage":"nl-NL","potentialAction":[{"@type":"ReadAction","target":["https:\/\/gallerymcsorley.com\/product\/stokstaart-op-steen\/"]}]},{"@type":"ImageObject","inLanguage":"nl-NL","@id":"https:\/\/gallerymcsorley.com\/product\/stokstaart-op-steen\/#primaryimage","url":"https:\/\/gallerymcsorley.com\/wp-content\/uploads\/2022\/05\/Meerkat-on-chalkstoneStokstaart-op-Steen.jpeg","contentUrl":"https:\/\/gallerymcsorley.com\/wp-content\/uploads\/2022\/05\/Meerkat-on-chalkstoneStokstaart-op-Steen.jpeg","width":280,"height":673},{"@type":"BreadcrumbList","@id":"https:\/\/gallerymcsorley.com\/product\/stokstaart-op-steen\/#breadcrumb","itemListElement":[{"@type":"ListItem","position":1,"name":"Home","item":"https:\/\/gallerymcsorley.com\/"},{"@type":"ListItem","position":2,"name":"Producten","item":"https:\/\/gallerymcsorley.com\/shop\/"},{"@type":"ListItem","position":3,"name":"Meerkat on Lookout\/Stokstaart op Steen"}]},{"@type":"WebSite","@id":"https:\/\/gallerymcsorley.com\/#website","url":"https:\/\/gallerymcsorley.com\/","name":"Galerij McSorley","description":"Kunstgalerie","potentialAction":[{"@type":"SearchAction","target":{"@type":"EntryPoint","urlTemplate":"https:\/\/gallerymcsorley.com\/?s={search_term_string}"},"query-input":{"@type":"PropertyValueSpecification","valueRequired":true,"valueName":"search_term_string"}}],"inLanguage":"nl-NL"}]}},"_links":{"self":[{"href":"https:\/\/gallerymcsorley.com\/nl\/wp-json\/wp\/v2\/product\/4715","targetHints":{"allow":["GET"]}}],"collection":[{"href":"https:\/\/gallerymcsorley.com\/nl\/wp-json\/wp\/v2\/product"}],"about":[{"href":"https:\/\/gallerymcsorley.com\/nl\/wp-json\/wp\/v2\/types\/product"}],"wp:featuredmedia":[{"embeddable":true,"href":"https:\/\/gallerymcsorley.com\/nl\/wp-json\/wp\/v2\/media\/4745"}],"wp:attachment":[{"href":"https:\/\/gallerymcsorley.com\/nl\/wp-json\/wp\/v2\/media?parent=4715"}],"wp:term":[{"taxonomy":"product_brand","embeddable":true,"href":"https:\/\/gallerymcsorley.com\/nl\/wp-json\/wp\/v2\/product_brand?post=4715"},{"taxonomy":"product_cat","embeddable":true,"href":"https:\/\/gallerymcsorley.com\/nl\/wp-json\/wp\/v2\/product_cat?post=4715"},{"taxonomy":"product_tag","embeddable":true,"href":"https:\/\/gallerymcsorley.com\/nl\/wp-json\/wp\/v2\/product_tag?post=4715"}],"curies":[{"name":"wp","href":"https:\/\/api.w.org\/{rel}","templated":true}]}}