{"id":4859,"date":"2022-05-07T11:26:13","date_gmt":"2022-05-07T11:26:13","guid":{"rendered":"https:\/\/gallerymcsorley.com\/?post_type=product&#038;p=4859"},"modified":"2023-09-08T11:57:48","modified_gmt":"2023-09-08T11:57:48","slug":"golden-lady","status":"publish","type":"product","link":"https:\/\/gallerymcsorley.com\/nl\/product\/golden-lady\/","title":{"rendered":"Gouden Dame"},"content":{"rendered":"","protected":false},"excerpt":{"rendered":"<p>Fuse glas slump techniek,102 x 50 x 20 cm<\/p>\n<p><span style=\"font-weight: 400;\">De werken van <\/span><b>Mari M\u00e9sz\u00e1ros<\/b><span style=\"font-weight: 400;\"> (1947, Hongarije) begint altijd met de weergave van het menselijk lichaam en de organische relatie tot de verschillende delen ervan. Lyrisch gevormde gezichten en torso's en gebaren van lichaamsdelen worden gevormd met een subtiele balans. Het zijn reli\u00ebfs van glas. Haar sculpturen zijn opgebouwd uit scherven, breuken en barsten, overblijfselen en sporen die de ziel en emoties van haar objecten cre\u00ebren. Ze verwijzen naar geschiedenis, groei, veroudering en slijtage terwijl M\u00e9sz\u00e1ros iets toevoegt en wegneemt van haar werken. Citaat van M\u00e9sz\u00e1ros, <\/span><i><span style=\"font-weight: 400;\">\"Ik maak sculpturen die uitdrukking geven aan eeuwige, universele menselijke gevoelens.  Ik maak ze van glas, een materiaal dat zo breekbaar is als de mens en zo sterk als de mensheid.\"  Verzameld door de <\/span><\/i><span style=\"font-weight: 400;\">Museum voor Toegepaste Kunsten, Boedapest - Mus\u00e9e des Arts D\u00e9coratifs, Lausanne - Glasmuseum Ebeltoft (DK) - Glasmuseum Rheinbach (D) - Fine Art Museum San Francisco - M.H.de Young Memorial Museum, USA - Laczko Dezs\u00f6 Muzeum, Veszprem (H) - Rippl-Ronai Muzeum, Kaposvar (H) - Alcorcon Museum voor Glaskunst, Madrid - Museum van der Togt, Amstelveen.<\/span><\/p>\n<p><b>Mari M\u00e9sz\u00e1ros <\/b>glassculpturen zijn de ultieme metafoor van wat de mens is: het enigma van een opgeteld verleden, verklaard of verder gemystificeerd door een scheppende geest en voor eeuwig vastgelegd in een glazen kunstwerk. \"Ik maak het van glas, een materiaal dat breekbaar is als de mens en sterk als de mensheid.\"<\/p>","protected":false},"featured_media":4889,"template":"","meta":[],"product_brand":[],"product_cat":[157],"product_tag":[101],"class_list":{"0":"post-4859","1":"product","2":"type-product","3":"status-publish","4":"has-post-thumbnail","6":"product_cat-mari-meszaros","7":"product_tag-meszaros","9":"first","10":"instock","11":"shipping-taxable","12":"purchasable","13":"product-type-simple"},"yoast_head":"<!-- This site is optimized with the Yoast SEO Premium plugin v21.1 (Yoast SEO v27.3) - https:\/\/yoast.com\/product\/yoast-seo-premium-wordpress\/ -->\n<title>Golden Lady - Gallery McSorley<\/title>\n<meta name=\"robots\" content=\"index, follow, max-snippet:-1, max-image-preview:large, max-video-preview:-1\" \/>\n<link rel=\"canonical\" href=\"https:\/\/gallerymcsorley.com\/nl\/product\/golden-lady\/\" \/>\n<meta property=\"og:locale\" content=\"nl_NL\" \/>\n<meta property=\"og:type\" content=\"article\" \/>\n<meta property=\"og:title\" content=\"Golden Lady\" \/>\n<meta property=\"og:description\" content=\"Fuse glass slump technique,102 x 50 x 20 cm  The works of Mari M\u00e9sz\u00e1ros (1947, Hungary) always begin with the representation of the human body, and its organic relationship to its various parts. Lyrically inclined faces and torsos and gestures of parts of body are formed with a subtle balance. They are reliefs made of glass. Her sculptures are built out of shards, fractures and cracks, vestiges, and traces that create the soul and emotions of her objects. They refer to history, growth, aging and wear as M\u00e9sz\u00e1ros adds and takes away from her works. Quoting M\u00e9sz\u00e1ros, \u201cI make sculptures that express eternal, universal human feelings.\u00a0 I make them from glass, a material that is as fragile as human beings, and as strong as humanity.\u201d\u00a0 Collected by the Museum for Toegepaste Kunsten, Budapest \u2013 Mus\u00e9e des Arts D\u00e9coratifs, Lausanne \u2013 Glasmuseum Ebeltoft (DK) \u2013 Glasmuseum Rheinbach (D) \u2013 Fine Art Museum San Francisco \u2013 M.H.de Young Memorial Museum, USA \u2013 Laczko Dezs\u00f6 Muzeum, Veszprem (H) \u2013 Rippl-Ronai Muzeum, Kaposvar (H) \u2013 Alcorcon Museum voor Glaskunst, Madrid \u2013 Museum van der Togt, Amstelveen.  Mari M\u00e9sz\u00e1ros glassculpturen zijn de ultieme metafoor van wat de mens is: het enigma van een opgeteld verleden, verklaard of verder gemystificeerd door een scheppende geest en voor eeuwig vastgelegd in een glazen kunstwerk. \u201cIk maak het van glas, een materiaal dat breekbaar is als de mens en sterk als de mensheid.\u201d\" \/>\n<meta property=\"og:url\" content=\"https:\/\/gallerymcsorley.com\/nl\/product\/golden-lady\/\" \/>\n<meta property=\"og:site_name\" content=\"Gallery McSorley\" \/>\n<meta property=\"article:modified_time\" content=\"2023-09-08T11:57:48+00:00\" \/>\n<meta property=\"og:image\" content=\"https:\/\/gallerymcsorley.com\/wp-content\/uploads\/2022\/05\/Golden-Lady.jpeg\" \/>\n\t<meta property=\"og:image:width\" content=\"280\" \/>\n\t<meta property=\"og:image:height\" content=\"521\" \/>\n\t<meta property=\"og:image:type\" content=\"image\/jpeg\" \/>\n<meta name=\"twitter:card\" content=\"summary_large_image\" \/>\n<script type=\"application\/ld+json\" class=\"yoast-schema-graph\">{\"@context\":\"https:\\\/\\\/schema.org\",\"@graph\":[{\"@type\":\"WebPage\",\"@id\":\"https:\\\/\\\/gallerymcsorley.com\\\/product\\\/golden-lady\\\/\",\"url\":\"https:\\\/\\\/gallerymcsorley.com\\\/product\\\/golden-lady\\\/\",\"name\":\"Golden Lady - Gallery McSorley\",\"isPartOf\":{\"@id\":\"https:\\\/\\\/gallerymcsorley.com\\\/#website\"},\"primaryImageOfPage\":{\"@id\":\"https:\\\/\\\/gallerymcsorley.com\\\/product\\\/golden-lady\\\/#primaryimage\"},\"image\":{\"@id\":\"https:\\\/\\\/gallerymcsorley.com\\\/product\\\/golden-lady\\\/#primaryimage\"},\"thumbnailUrl\":\"https:\\\/\\\/gallerymcsorley.com\\\/wp-content\\\/uploads\\\/2022\\\/05\\\/Golden-Lady.jpeg\",\"datePublished\":\"2022-05-07T11:26:13+00:00\",\"dateModified\":\"2023-09-08T11:57:48+00:00\",\"breadcrumb\":{\"@id\":\"https:\\\/\\\/gallerymcsorley.com\\\/product\\\/golden-lady\\\/#breadcrumb\"},\"inLanguage\":\"nl-NL\",\"potentialAction\":[{\"@type\":\"ReadAction\",\"target\":[\"https:\\\/\\\/gallerymcsorley.com\\\/product\\\/golden-lady\\\/\"]}]},{\"@type\":\"ImageObject\",\"inLanguage\":\"nl-NL\",\"@id\":\"https:\\\/\\\/gallerymcsorley.com\\\/product\\\/golden-lady\\\/#primaryimage\",\"url\":\"https:\\\/\\\/gallerymcsorley.com\\\/wp-content\\\/uploads\\\/2022\\\/05\\\/Golden-Lady.jpeg\",\"contentUrl\":\"https:\\\/\\\/gallerymcsorley.com\\\/wp-content\\\/uploads\\\/2022\\\/05\\\/Golden-Lady.jpeg\",\"width\":280,\"height\":521},{\"@type\":\"BreadcrumbList\",\"@id\":\"https:\\\/\\\/gallerymcsorley.com\\\/product\\\/golden-lady\\\/#breadcrumb\",\"itemListElement\":[{\"@type\":\"ListItem\",\"position\":1,\"name\":\"Home\",\"item\":\"https:\\\/\\\/gallerymcsorley.com\\\/\"},{\"@type\":\"ListItem\",\"position\":2,\"name\":\"Producten\",\"item\":\"https:\\\/\\\/gallerymcsorley.com\\\/shop\\\/\"},{\"@type\":\"ListItem\",\"position\":3,\"name\":\"Golden Lady\"}]},{\"@type\":\"WebSite\",\"@id\":\"https:\\\/\\\/gallerymcsorley.com\\\/#website\",\"url\":\"https:\\\/\\\/gallerymcsorley.com\\\/\",\"name\":\"Gallery McSorley\",\"description\":\"Art Gallery\",\"potentialAction\":[{\"@type\":\"SearchAction\",\"target\":{\"@type\":\"EntryPoint\",\"urlTemplate\":\"https:\\\/\\\/gallerymcsorley.com\\\/?s={search_term_string}\"},\"query-input\":{\"@type\":\"PropertyValueSpecification\",\"valueRequired\":true,\"valueName\":\"search_term_string\"}}],\"inLanguage\":\"nl-NL\"}]}<\/script>\n<!-- \/ Yoast SEO Premium plugin. -->","yoast_head_json":{"title":"Gouden dame - Galerij McSorley","robots":{"index":"index","follow":"follow","max-snippet":"max-snippet:-1","max-image-preview":"max-image-preview:large","max-video-preview":"max-video-preview:-1"},"canonical":"https:\/\/gallerymcsorley.com\/nl\/product\/golden-lady\/","og_locale":"nl_NL","og_type":"article","og_title":"Golden Lady","og_description":"Fuse glass slump technique,102 x 50 x 20 cm  The works of Mari M\u00e9sz\u00e1ros (1947, Hungary) always begin with the representation of the human body, and its organic relationship to its various parts. Lyrically inclined faces and torsos and gestures of parts of body are formed with a subtle balance. They are reliefs made of glass. Her sculptures are built out of shards, fractures and cracks, vestiges, and traces that create the soul and emotions of her objects. They refer to history, growth, aging and wear as M\u00e9sz\u00e1ros adds and takes away from her works. Quoting M\u00e9sz\u00e1ros, \u201cI make sculptures that express eternal, universal human feelings.\u00a0 I make them from glass, a material that is as fragile as human beings, and as strong as humanity.\u201d\u00a0 Collected by the Museum for Toegepaste Kunsten, Budapest \u2013 Mus\u00e9e des Arts D\u00e9coratifs, Lausanne \u2013 Glasmuseum Ebeltoft (DK) \u2013 Glasmuseum Rheinbach (D) \u2013 Fine Art Museum San Francisco \u2013 M.H.de Young Memorial Museum, USA \u2013 Laczko Dezs\u00f6 Muzeum, Veszprem (H) \u2013 Rippl-Ronai Muzeum, Kaposvar (H) \u2013 Alcorcon Museum voor Glaskunst, Madrid \u2013 Museum van der Togt, Amstelveen.  Mari M\u00e9sz\u00e1ros glassculpturen zijn de ultieme metafoor van wat de mens is: het enigma van een opgeteld verleden, verklaard of verder gemystificeerd door een scheppende geest en voor eeuwig vastgelegd in een glazen kunstwerk. \u201cIk maak het van glas, een materiaal dat breekbaar is als de mens en sterk als de mensheid.\u201d","og_url":"https:\/\/gallerymcsorley.com\/nl\/product\/golden-lady\/","og_site_name":"Gallery McSorley","article_modified_time":"2023-09-08T11:57:48+00:00","og_image":[{"width":280,"height":521,"url":"https:\/\/gallerymcsorley.com\/wp-content\/uploads\/2022\/05\/Golden-Lady.jpeg","type":"image\/jpeg"}],"twitter_card":"summary_large_image","schema":{"@context":"https:\/\/schema.org","@graph":[{"@type":"WebPage","@id":"https:\/\/gallerymcsorley.com\/product\/golden-lady\/","url":"https:\/\/gallerymcsorley.com\/product\/golden-lady\/","name":"Gouden dame - Galerij McSorley","isPartOf":{"@id":"https:\/\/gallerymcsorley.com\/#website"},"primaryImageOfPage":{"@id":"https:\/\/gallerymcsorley.com\/product\/golden-lady\/#primaryimage"},"image":{"@id":"https:\/\/gallerymcsorley.com\/product\/golden-lady\/#primaryimage"},"thumbnailUrl":"https:\/\/gallerymcsorley.com\/wp-content\/uploads\/2022\/05\/Golden-Lady.jpeg","datePublished":"2022-05-07T11:26:13+00:00","dateModified":"2023-09-08T11:57:48+00:00","breadcrumb":{"@id":"https:\/\/gallerymcsorley.com\/product\/golden-lady\/#breadcrumb"},"inLanguage":"nl-NL","potentialAction":[{"@type":"ReadAction","target":["https:\/\/gallerymcsorley.com\/product\/golden-lady\/"]}]},{"@type":"ImageObject","inLanguage":"nl-NL","@id":"https:\/\/gallerymcsorley.com\/product\/golden-lady\/#primaryimage","url":"https:\/\/gallerymcsorley.com\/wp-content\/uploads\/2022\/05\/Golden-Lady.jpeg","contentUrl":"https:\/\/gallerymcsorley.com\/wp-content\/uploads\/2022\/05\/Golden-Lady.jpeg","width":280,"height":521},{"@type":"BreadcrumbList","@id":"https:\/\/gallerymcsorley.com\/product\/golden-lady\/#breadcrumb","itemListElement":[{"@type":"ListItem","position":1,"name":"Home","item":"https:\/\/gallerymcsorley.com\/"},{"@type":"ListItem","position":2,"name":"Producten","item":"https:\/\/gallerymcsorley.com\/shop\/"},{"@type":"ListItem","position":3,"name":"Golden Lady"}]},{"@type":"WebSite","@id":"https:\/\/gallerymcsorley.com\/#website","url":"https:\/\/gallerymcsorley.com\/","name":"Galerij McSorley","description":"Kunstgalerie","potentialAction":[{"@type":"SearchAction","target":{"@type":"EntryPoint","urlTemplate":"https:\/\/gallerymcsorley.com\/?s={search_term_string}"},"query-input":{"@type":"PropertyValueSpecification","valueRequired":true,"valueName":"search_term_string"}}],"inLanguage":"nl-NL"}]}},"_links":{"self":[{"href":"https:\/\/gallerymcsorley.com\/nl\/wp-json\/wp\/v2\/product\/4859","targetHints":{"allow":["GET"]}}],"collection":[{"href":"https:\/\/gallerymcsorley.com\/nl\/wp-json\/wp\/v2\/product"}],"about":[{"href":"https:\/\/gallerymcsorley.com\/nl\/wp-json\/wp\/v2\/types\/product"}],"wp:featuredmedia":[{"embeddable":true,"href":"https:\/\/gallerymcsorley.com\/nl\/wp-json\/wp\/v2\/media\/4889"}],"wp:attachment":[{"href":"https:\/\/gallerymcsorley.com\/nl\/wp-json\/wp\/v2\/media?parent=4859"}],"wp:term":[{"taxonomy":"product_brand","embeddable":true,"href":"https:\/\/gallerymcsorley.com\/nl\/wp-json\/wp\/v2\/product_brand?post=4859"},{"taxonomy":"product_cat","embeddable":true,"href":"https:\/\/gallerymcsorley.com\/nl\/wp-json\/wp\/v2\/product_cat?post=4859"},{"taxonomy":"product_tag","embeddable":true,"href":"https:\/\/gallerymcsorley.com\/nl\/wp-json\/wp\/v2\/product_tag?post=4859"}],"curies":[{"name":"wp","href":"https:\/\/api.w.org\/{rel}","templated":true}]}}