{"id":4906,"date":"2022-05-07T11:26:30","date_gmt":"2022-05-07T11:26:30","guid":{"rendered":"https:\/\/gallerymcsorley.com\/?post_type=product&#038;p=4906"},"modified":"2023-09-08T13:30:47","modified_gmt":"2023-09-08T13:30:47","slug":"delfst-blue-under-water","status":"publish","type":"product","link":"https:\/\/gallerymcsorley.com\/nl\/product\/delfst-blauw-onder-water\/","title":{"rendered":"Delfst Blauw onder water"},"content":{"rendered":"","protected":false},"excerpt":{"rendered":"<p>Acrylverf op canvas, 70 x 100 cm<\/p>\n<p><b>Hannelore Houdijk<\/b><span style=\"font-weight: 400;\"> (1975) studeerde in 1997 af aan de kunstacademie in Breda en studeerde in 2000 af aan het Nederlands Kunstinstituut in Enschede (Master of Fine Arts, een internationale postdoctorale opleiding). Ze heeft ge\u00ebxposeerd in China, Itali\u00eb, Frankrijk, Duitsland, Bulgarije, Tsjechi\u00eb en op verschillende plaatsen in Nederland. In haar atelier in Huizen maakt Hannelore realistische, kleurrijke en intense schilderijen. Haar stillevens zijn ge\u00efnspireerd op het werk van kunstenaars uit de Gouden Eeuw. Hannelore over haar werk: 'Mijn stillevens zijn nieuwe versies van schilderijen uit de 17e eeuw, waarbij ik de bijzondere sfeer behoud en de beleving intensiveer. Ik zoom meer in op het onderwerp dan gebruikelijk is bij traditionele schilderijen, waardoor de compositie spannender wordt, meer aandacht vraagt en een impact krijgt. Het schilderij lijkt groter dan de werkelijke afmetingen van het doek. De kleuren zijn levendig en intens, waardoor ze meer aanspreken. Licht speelt ook een belangrijke rol.<\/span><\/p>\n<p><strong>Hannelore Houdijk<\/strong> afgestudeerd aan de kunstacademie St. Joost in Breda en deed daarna een masteropleiding aan het Dutch Art Instituut in Enschede. Haar enthousiasme voor het schilderen bracht haar naar China, waar ze in 2001 exposeerde. Er volgden verschillende projecten en exposities in diverse landen en in 2003 ontving ze een startstipendium. In 2019 won ze de landelijke wedstrijd 'Schilderij van het jaar' met haar schilderij 'Theepot in het water'. Hannelore reeks 'Servies in Water' bevat symbolen van ons tijdelijk bestaan, net als de Nederlandse stillevens uit de 16-17 eeuw. Deze z.g. Vanitas stillevens werden geschilderd om de mens te herinneren aan zijn sterfelijke natuur en het eind van al ons aardse plezier. Toen werden kostbare objecten geschilderd als symbool van de vruchteloosheid van het aardse leven. Dit kun je eveneens ervaren in de schilderijen van Hannelore, maar met een moderne swing.<\/p>\n<p>Hannelore over haar werk:\u00a0<em>Ik maak eerst foto's voor mijn stillevens en ga dan schilderen.<\/em>\u00a0<em>Bij mijn laatste serie schilderijen heb ik alledaags servies buiten in de natuur in het water gelegd en gefotografeerd. De composities die daarbij ontstonden werden op een prachtige manier vervormd door het water en het zonlicht. En die foto's vormen de basis voor mijn schilderijen.'<\/em>\u00a0Hannelore heeft een eigen manier van schilderen ontwikkeld; van veraf lijkt het werk fotorealistisch, van dichtbij is het grof en zie je duidelijk de verftoetsen. Het werk komt zo in beweging en ziet er steeds anders uit.<\/p>","protected":false},"featured_media":4936,"template":"","meta":[],"product_brand":[],"product_cat":[146],"product_tag":[105],"class_list":{"0":"post-4906","1":"product","2":"type-product","3":"status-publish","4":"has-post-thumbnail","6":"product_cat-hannelore-houdijk","7":"product_tag-houdijk","9":"first","10":"instock","11":"shipping-taxable","12":"purchasable","13":"product-type-simple"},"yoast_head":"<!-- This site is optimized with the Yoast SEO Premium plugin v21.1 (Yoast SEO v27.3) - https:\/\/yoast.com\/product\/yoast-seo-premium-wordpress\/ -->\n<title>Delfst Blue under water - Gallery McSorley<\/title>\n<meta name=\"robots\" content=\"index, follow, max-snippet:-1, max-image-preview:large, max-video-preview:-1\" \/>\n<link rel=\"canonical\" href=\"https:\/\/gallerymcsorley.com\/nl\/product\/delfst-blauw-onder-water\/\" \/>\n<meta property=\"og:locale\" content=\"nl_NL\" \/>\n<meta property=\"og:type\" content=\"article\" \/>\n<meta property=\"og:title\" content=\"Delfst Blue under water\" \/>\n<meta property=\"og:description\" content=\"Acrylic paint on canvas, 70 x 100 cm  Hannelore Houdijk (1975) graduated from the art academy in Breda in 1997 and graduated from the Dutch Art Institute in Enschede in 2000 (Master of Fine Arts, a postgraduate international course). She has exhibited in China, Italy, France, Germany, Bulgaria, the Czech Republic, and in various places in the Netherlands. In her studio in Huizen, Hannelore makes realistic, colorful, and intense paintings. Her still lifes are inspired by the work of the Golden Age artists. Hannelore about her work: &#039;My still lifes are new versions of paintings from the 17th century, whereby I maintain the special atmosphere and intensify the experience. I zoom in more on the subject than is usual with traditional paintings, which makes the composition more exciting, requires more attention, and gets an impact. The painting appears larger than the actual dimensions of the canvas. The colors are vivid and intense, which makes them more appealing. Light also plays an important role.  Hannelore Houdijk afgestudeerd aan de kunstacademie St. Joost in Breda en deed daarna een masteropleiding aan de Dutch Art Instituut in Enschede. Haar enthousiasme voor het schilderen bracht haar naar China, waar ze in 2001\u00a0exposeerde. Er volgden verschillende projecten en exposities in diverse landen en in\u00a02003 ontving ze een startstipendium. In 2019 won ze de landelijke wedstrijd \u2018Schilderij van het jaar\u201d met haar schilderij \u2018Theepot in het water\u2019.\u00a0Hannelore\u00a0reeks \u2018Servies in Water\u2019 bevat symbolen van ons tijdelijk bestaan, net als de Nederlandse stillevens uit de 16-17 eeuw. Deze z.g. Vanitas stillevens werden geschilderd om de mens te herinneren aan zijn sterfelijke natuur en het eind van al ons aardse plezier. Toen werden kostbare objecten geschilderd als symbool van de vruchteloosheid van het aardse leven. Dit kun je eveneens ervaren in de schilderijen van Hannelore, maar met een moderne swing.  Hannelore over haar werk:\u00a0\u2018Ik maak eerst foto\u2019s voor mijn stillevens en ga dan schilderen.\u00a0Bij mijn laatste serie schilderijen heb ik alledaags servies buiten in de natuur in het water gelegd en gefotografeerd. De composities die daarbij ontstonden werden op een prachtige manier vervormd door het water en het zonlicht. En die foto\u2019s vormen de basis voor mijn schilderijen.\u2019\u00a0Hannelore heeft een eigen manier van schilderen ontwikkeld; van veraf lijkt het werk fotorealistisch, van dichtbij is het grof en zie je duidelijk de verftoetsen. Het werk komt zo in beweging en ziet er steeds anders uit.\" \/>\n<meta property=\"og:url\" content=\"https:\/\/gallerymcsorley.com\/nl\/product\/delfst-blauw-onder-water\/\" \/>\n<meta property=\"og:site_name\" content=\"Gallery McSorley\" \/>\n<meta property=\"article:modified_time\" content=\"2023-09-08T13:30:47+00:00\" \/>\n<meta property=\"og:image\" content=\"https:\/\/gallerymcsorley.com\/wp-content\/uploads\/2022\/05\/Delfst-Blue-under-water.jpeg\" \/>\n\t<meta property=\"og:image:width\" content=\"280\" \/>\n\t<meta property=\"og:image:height\" content=\"196\" \/>\n\t<meta property=\"og:image:type\" content=\"image\/jpeg\" \/>\n<meta name=\"twitter:card\" content=\"summary_large_image\" \/>\n<script type=\"application\/ld+json\" class=\"yoast-schema-graph\">{\"@context\":\"https:\\\/\\\/schema.org\",\"@graph\":[{\"@type\":\"WebPage\",\"@id\":\"https:\\\/\\\/gallerymcsorley.com\\\/product\\\/delfst-blue-under-water\\\/\",\"url\":\"https:\\\/\\\/gallerymcsorley.com\\\/product\\\/delfst-blue-under-water\\\/\",\"name\":\"Delfst Blue under water - Gallery McSorley\",\"isPartOf\":{\"@id\":\"https:\\\/\\\/gallerymcsorley.com\\\/#website\"},\"primaryImageOfPage\":{\"@id\":\"https:\\\/\\\/gallerymcsorley.com\\\/product\\\/delfst-blue-under-water\\\/#primaryimage\"},\"image\":{\"@id\":\"https:\\\/\\\/gallerymcsorley.com\\\/product\\\/delfst-blue-under-water\\\/#primaryimage\"},\"thumbnailUrl\":\"https:\\\/\\\/gallerymcsorley.com\\\/wp-content\\\/uploads\\\/2022\\\/05\\\/Delfst-Blue-under-water.jpeg\",\"datePublished\":\"2022-05-07T11:26:30+00:00\",\"dateModified\":\"2023-09-08T13:30:47+00:00\",\"breadcrumb\":{\"@id\":\"https:\\\/\\\/gallerymcsorley.com\\\/product\\\/delfst-blue-under-water\\\/#breadcrumb\"},\"inLanguage\":\"nl-NL\",\"potentialAction\":[{\"@type\":\"ReadAction\",\"target\":[\"https:\\\/\\\/gallerymcsorley.com\\\/product\\\/delfst-blue-under-water\\\/\"]}]},{\"@type\":\"ImageObject\",\"inLanguage\":\"nl-NL\",\"@id\":\"https:\\\/\\\/gallerymcsorley.com\\\/product\\\/delfst-blue-under-water\\\/#primaryimage\",\"url\":\"https:\\\/\\\/gallerymcsorley.com\\\/wp-content\\\/uploads\\\/2022\\\/05\\\/Delfst-Blue-under-water.jpeg\",\"contentUrl\":\"https:\\\/\\\/gallerymcsorley.com\\\/wp-content\\\/uploads\\\/2022\\\/05\\\/Delfst-Blue-under-water.jpeg\",\"width\":280,\"height\":196},{\"@type\":\"BreadcrumbList\",\"@id\":\"https:\\\/\\\/gallerymcsorley.com\\\/product\\\/delfst-blue-under-water\\\/#breadcrumb\",\"itemListElement\":[{\"@type\":\"ListItem\",\"position\":1,\"name\":\"Home\",\"item\":\"https:\\\/\\\/gallerymcsorley.com\\\/\"},{\"@type\":\"ListItem\",\"position\":2,\"name\":\"Producten\",\"item\":\"https:\\\/\\\/gallerymcsorley.com\\\/shop\\\/\"},{\"@type\":\"ListItem\",\"position\":3,\"name\":\"Delfst Blue under water\"}]},{\"@type\":\"WebSite\",\"@id\":\"https:\\\/\\\/gallerymcsorley.com\\\/#website\",\"url\":\"https:\\\/\\\/gallerymcsorley.com\\\/\",\"name\":\"Gallery McSorley\",\"description\":\"Art Gallery\",\"potentialAction\":[{\"@type\":\"SearchAction\",\"target\":{\"@type\":\"EntryPoint\",\"urlTemplate\":\"https:\\\/\\\/gallerymcsorley.com\\\/?s={search_term_string}\"},\"query-input\":{\"@type\":\"PropertyValueSpecification\",\"valueRequired\":true,\"valueName\":\"search_term_string\"}}],\"inLanguage\":\"nl-NL\"}]}<\/script>\n<!-- \/ Yoast SEO Premium plugin. -->","yoast_head_json":{"title":"Delfst Blauw onder water - Gallery McSorley","robots":{"index":"index","follow":"follow","max-snippet":"max-snippet:-1","max-image-preview":"max-image-preview:large","max-video-preview":"max-video-preview:-1"},"canonical":"https:\/\/gallerymcsorley.com\/nl\/product\/delfst-blauw-onder-water\/","og_locale":"nl_NL","og_type":"article","og_title":"Delfst Blue under water","og_description":"Acrylic paint on canvas, 70 x 100 cm  Hannelore Houdijk (1975) graduated from the art academy in Breda in 1997 and graduated from the Dutch Art Institute in Enschede in 2000 (Master of Fine Arts, a postgraduate international course). She has exhibited in China, Italy, France, Germany, Bulgaria, the Czech Republic, and in various places in the Netherlands. In her studio in Huizen, Hannelore makes realistic, colorful, and intense paintings. Her still lifes are inspired by the work of the Golden Age artists. Hannelore about her work: 'My still lifes are new versions of paintings from the 17th century, whereby I maintain the special atmosphere and intensify the experience. I zoom in more on the subject than is usual with traditional paintings, which makes the composition more exciting, requires more attention, and gets an impact. The painting appears larger than the actual dimensions of the canvas. The colors are vivid and intense, which makes them more appealing. Light also plays an important role.  Hannelore Houdijk afgestudeerd aan de kunstacademie St. Joost in Breda en deed daarna een masteropleiding aan de Dutch Art Instituut in Enschede. Haar enthousiasme voor het schilderen bracht haar naar China, waar ze in 2001\u00a0exposeerde. Er volgden verschillende projecten en exposities in diverse landen en in\u00a02003 ontving ze een startstipendium. In 2019 won ze de landelijke wedstrijd \u2018Schilderij van het jaar\u201d met haar schilderij \u2018Theepot in het water\u2019.\u00a0Hannelore\u00a0reeks \u2018Servies in Water\u2019 bevat symbolen van ons tijdelijk bestaan, net als de Nederlandse stillevens uit de 16-17 eeuw. Deze z.g. Vanitas stillevens werden geschilderd om de mens te herinneren aan zijn sterfelijke natuur en het eind van al ons aardse plezier. Toen werden kostbare objecten geschilderd als symbool van de vruchteloosheid van het aardse leven. Dit kun je eveneens ervaren in de schilderijen van Hannelore, maar met een moderne swing.  Hannelore over haar werk:\u00a0\u2018Ik maak eerst foto\u2019s voor mijn stillevens en ga dan schilderen.\u00a0Bij mijn laatste serie schilderijen heb ik alledaags servies buiten in de natuur in het water gelegd en gefotografeerd. De composities die daarbij ontstonden werden op een prachtige manier vervormd door het water en het zonlicht. En die foto\u2019s vormen de basis voor mijn schilderijen.\u2019\u00a0Hannelore heeft een eigen manier van schilderen ontwikkeld; van veraf lijkt het werk fotorealistisch, van dichtbij is het grof en zie je duidelijk de verftoetsen. Het werk komt zo in beweging en ziet er steeds anders uit.","og_url":"https:\/\/gallerymcsorley.com\/nl\/product\/delfst-blauw-onder-water\/","og_site_name":"Gallery McSorley","article_modified_time":"2023-09-08T13:30:47+00:00","og_image":[{"width":280,"height":196,"url":"https:\/\/gallerymcsorley.com\/wp-content\/uploads\/2022\/05\/Delfst-Blue-under-water.jpeg","type":"image\/jpeg"}],"twitter_card":"summary_large_image","schema":{"@context":"https:\/\/schema.org","@graph":[{"@type":"WebPage","@id":"https:\/\/gallerymcsorley.com\/product\/delfst-blue-under-water\/","url":"https:\/\/gallerymcsorley.com\/product\/delfst-blue-under-water\/","name":"Delfst Blauw onder water - Gallery McSorley","isPartOf":{"@id":"https:\/\/gallerymcsorley.com\/#website"},"primaryImageOfPage":{"@id":"https:\/\/gallerymcsorley.com\/product\/delfst-blue-under-water\/#primaryimage"},"image":{"@id":"https:\/\/gallerymcsorley.com\/product\/delfst-blue-under-water\/#primaryimage"},"thumbnailUrl":"https:\/\/gallerymcsorley.com\/wp-content\/uploads\/2022\/05\/Delfst-Blue-under-water.jpeg","datePublished":"2022-05-07T11:26:30+00:00","dateModified":"2023-09-08T13:30:47+00:00","breadcrumb":{"@id":"https:\/\/gallerymcsorley.com\/product\/delfst-blue-under-water\/#breadcrumb"},"inLanguage":"nl-NL","potentialAction":[{"@type":"ReadAction","target":["https:\/\/gallerymcsorley.com\/product\/delfst-blue-under-water\/"]}]},{"@type":"ImageObject","inLanguage":"nl-NL","@id":"https:\/\/gallerymcsorley.com\/product\/delfst-blue-under-water\/#primaryimage","url":"https:\/\/gallerymcsorley.com\/wp-content\/uploads\/2022\/05\/Delfst-Blue-under-water.jpeg","contentUrl":"https:\/\/gallerymcsorley.com\/wp-content\/uploads\/2022\/05\/Delfst-Blue-under-water.jpeg","width":280,"height":196},{"@type":"BreadcrumbList","@id":"https:\/\/gallerymcsorley.com\/product\/delfst-blue-under-water\/#breadcrumb","itemListElement":[{"@type":"ListItem","position":1,"name":"Home","item":"https:\/\/gallerymcsorley.com\/"},{"@type":"ListItem","position":2,"name":"Producten","item":"https:\/\/gallerymcsorley.com\/shop\/"},{"@type":"ListItem","position":3,"name":"Delfst Blue under water"}]},{"@type":"WebSite","@id":"https:\/\/gallerymcsorley.com\/#website","url":"https:\/\/gallerymcsorley.com\/","name":"Galerij McSorley","description":"Kunstgalerie","potentialAction":[{"@type":"SearchAction","target":{"@type":"EntryPoint","urlTemplate":"https:\/\/gallerymcsorley.com\/?s={search_term_string}"},"query-input":{"@type":"PropertyValueSpecification","valueRequired":true,"valueName":"search_term_string"}}],"inLanguage":"nl-NL"}]}},"_links":{"self":[{"href":"https:\/\/gallerymcsorley.com\/nl\/wp-json\/wp\/v2\/product\/4906","targetHints":{"allow":["GET"]}}],"collection":[{"href":"https:\/\/gallerymcsorley.com\/nl\/wp-json\/wp\/v2\/product"}],"about":[{"href":"https:\/\/gallerymcsorley.com\/nl\/wp-json\/wp\/v2\/types\/product"}],"wp:featuredmedia":[{"embeddable":true,"href":"https:\/\/gallerymcsorley.com\/nl\/wp-json\/wp\/v2\/media\/4936"}],"wp:attachment":[{"href":"https:\/\/gallerymcsorley.com\/nl\/wp-json\/wp\/v2\/media?parent=4906"}],"wp:term":[{"taxonomy":"product_brand","embeddable":true,"href":"https:\/\/gallerymcsorley.com\/nl\/wp-json\/wp\/v2\/product_brand?post=4906"},{"taxonomy":"product_cat","embeddable":true,"href":"https:\/\/gallerymcsorley.com\/nl\/wp-json\/wp\/v2\/product_cat?post=4906"},{"taxonomy":"product_tag","embeddable":true,"href":"https:\/\/gallerymcsorley.com\/nl\/wp-json\/wp\/v2\/product_tag?post=4906"}],"curies":[{"name":"wp","href":"https:\/\/api.w.org\/{rel}","templated":true}]}}