{"id":5149,"date":"2022-05-07T11:27:36","date_gmt":"2022-05-07T11:27:36","guid":{"rendered":"https:\/\/gallerymcsorley.com\/?post_type=product&#038;p=5149"},"modified":"2023-09-08T14:07:08","modified_gmt":"2023-09-08T14:07:08","slug":"aphrodite","status":"publish","type":"product","link":"https:\/\/gallerymcsorley.com\/nl\/product\/aphrodite\/","title":{"rendered":"Aphrodite"},"content":{"rendered":"","protected":false},"excerpt":{"rendered":"<div class=\"info_content\">Brons, 2\/6, 68 x 28 x 22 cm<\/div>\n<div><\/div>\n<div><strong>Beatrice de Lehxy<\/strong> Geboren in Amersfoort, Nederlands 1985-90 Hogeschool voor de Kunsten Amsterdam en Gerrit Rietveld Academie studie richting beeldhouwen en vrije grafiek.  Exposeert sinds 1986 in verschillende media in een abstract expressionistische beeldtaal. Gedurende de jaren zie je een stijlontwikkeling van haar eigen lijn en kleur gebruik.  Uniek materiaal keus waar anciens en hedendaagse technieken samensmelten in twee als drie dimensionaal kunstwerk. Beatrice 's werk kenmerkt zich door een energie van beweging en kleur vormgegeven in de abstracte figuren. Beatrice laat een combinatie zien van gemengde technieken waardoor de doeken iets magisch krijgen. Op het snijvlak van figuratie en abstractie ontstaan haar vormen. De vrije vormen met de beweging en de v\u00e9le kleuren zijn ge\u00efnspireerd door po\u00ebzie en moderne muziek en door haar reizen. Haar werk wordt tentoongesteld in diverse bedrijven, in openbare gebouwen en priv\u00e9collecties.<\/div>","protected":false},"featured_media":5179,"template":"","meta":[],"product_brand":[],"product_cat":[144],"product_tag":[117],"class_list":{"0":"post-5149","1":"product","2":"type-product","3":"status-publish","4":"has-post-thumbnail","6":"product_cat-beatrice-de-lexhy","7":"product_tag-delexhy","9":"first","10":"instock","11":"shipping-taxable","12":"purchasable","13":"product-type-simple"},"yoast_head":"<!-- This site is optimized with the Yoast SEO Premium plugin v21.1 (Yoast SEO v27.3) - https:\/\/yoast.com\/product\/yoast-seo-premium-wordpress\/ -->\n<title>Aphrodite - Gallery McSorley<\/title>\n<meta name=\"robots\" content=\"index, follow, max-snippet:-1, max-image-preview:large, max-video-preview:-1\" \/>\n<link rel=\"canonical\" href=\"https:\/\/gallerymcsorley.com\/nl\/product\/aphrodite\/\" \/>\n<meta property=\"og:locale\" content=\"nl_NL\" \/>\n<meta property=\"og:type\" content=\"article\" \/>\n<meta property=\"og:title\" content=\"Aphrodite\" \/>\n<meta property=\"og:description\" content=\"Bronze, 2\/6, 68 x 28 x 22 cm  Beatrice de Lehxy Geboren in Amersfoort, Nederlands 1985-90 Hogeschool voor de Kunsten Amsterdam en Gerrit Rietveld Academie studie richting beeldhouwen en vrije grafiek.\u00a0 Exposeert sinds 1986 in verschillende medium in een abstract expressionistische beeldtaal. Gedurende de jaren zie je een stijlontwikkeling van haar eigen lijn en kleur gebruik.\u00a0 Uniek materiaal keus waar anciens en hedendaagse technieken samensmelten in twee als drie dimensionaal kunstwerk. Beatrice \u2019s werk kenmerkt zich door een energie van beweging en kleur vormgegeven in de abstracte figuren. Beatrice laat een combinatie zien van gemengde technieken waardoor de doeken iets magisch krijgen. Op het snijvlak van figuratie en abstractie ontstaan haar vormen. De vrije vormen met de beweging en de v\u00e9le kleuren zijn ge\u00efnspireerd door po\u00ebzie en moderne muziek en door haar reizen. Haar werk wordt tentoongesteld in diverse bedrijven, in openbare gebouwen en\u00a0priv\u00e9collecties.\" \/>\n<meta property=\"og:url\" content=\"https:\/\/gallerymcsorley.com\/nl\/product\/aphrodite\/\" \/>\n<meta property=\"og:site_name\" content=\"Gallery McSorley\" \/>\n<meta property=\"article:modified_time\" content=\"2023-09-08T14:07:08+00:00\" \/>\n<meta property=\"og:image\" content=\"https:\/\/gallerymcsorley.com\/wp-content\/uploads\/2022\/05\/Aphrodite.jpeg\" \/>\n\t<meta property=\"og:image:width\" content=\"280\" \/>\n\t<meta property=\"og:image:height\" content=\"592\" \/>\n\t<meta property=\"og:image:type\" content=\"image\/jpeg\" \/>\n<meta name=\"twitter:card\" content=\"summary_large_image\" \/>\n<script type=\"application\/ld+json\" class=\"yoast-schema-graph\">{\"@context\":\"https:\\\/\\\/schema.org\",\"@graph\":[{\"@type\":\"WebPage\",\"@id\":\"https:\\\/\\\/gallerymcsorley.com\\\/product\\\/aphrodite\\\/\",\"url\":\"https:\\\/\\\/gallerymcsorley.com\\\/product\\\/aphrodite\\\/\",\"name\":\"Aphrodite - Gallery McSorley\",\"isPartOf\":{\"@id\":\"https:\\\/\\\/gallerymcsorley.com\\\/#website\"},\"primaryImageOfPage\":{\"@id\":\"https:\\\/\\\/gallerymcsorley.com\\\/product\\\/aphrodite\\\/#primaryimage\"},\"image\":{\"@id\":\"https:\\\/\\\/gallerymcsorley.com\\\/product\\\/aphrodite\\\/#primaryimage\"},\"thumbnailUrl\":\"https:\\\/\\\/gallerymcsorley.com\\\/wp-content\\\/uploads\\\/2022\\\/05\\\/Aphrodite.jpeg\",\"datePublished\":\"2022-05-07T11:27:36+00:00\",\"dateModified\":\"2023-09-08T14:07:08+00:00\",\"breadcrumb\":{\"@id\":\"https:\\\/\\\/gallerymcsorley.com\\\/product\\\/aphrodite\\\/#breadcrumb\"},\"inLanguage\":\"nl-NL\",\"potentialAction\":[{\"@type\":\"ReadAction\",\"target\":[\"https:\\\/\\\/gallerymcsorley.com\\\/product\\\/aphrodite\\\/\"]}]},{\"@type\":\"ImageObject\",\"inLanguage\":\"nl-NL\",\"@id\":\"https:\\\/\\\/gallerymcsorley.com\\\/product\\\/aphrodite\\\/#primaryimage\",\"url\":\"https:\\\/\\\/gallerymcsorley.com\\\/wp-content\\\/uploads\\\/2022\\\/05\\\/Aphrodite.jpeg\",\"contentUrl\":\"https:\\\/\\\/gallerymcsorley.com\\\/wp-content\\\/uploads\\\/2022\\\/05\\\/Aphrodite.jpeg\",\"width\":280,\"height\":592},{\"@type\":\"BreadcrumbList\",\"@id\":\"https:\\\/\\\/gallerymcsorley.com\\\/product\\\/aphrodite\\\/#breadcrumb\",\"itemListElement\":[{\"@type\":\"ListItem\",\"position\":1,\"name\":\"Home\",\"item\":\"https:\\\/\\\/gallerymcsorley.com\\\/\"},{\"@type\":\"ListItem\",\"position\":2,\"name\":\"Producten\",\"item\":\"https:\\\/\\\/gallerymcsorley.com\\\/shop\\\/\"},{\"@type\":\"ListItem\",\"position\":3,\"name\":\"Aphrodite\"}]},{\"@type\":\"WebSite\",\"@id\":\"https:\\\/\\\/gallerymcsorley.com\\\/#website\",\"url\":\"https:\\\/\\\/gallerymcsorley.com\\\/\",\"name\":\"Gallery McSorley\",\"description\":\"Art Gallery\",\"potentialAction\":[{\"@type\":\"SearchAction\",\"target\":{\"@type\":\"EntryPoint\",\"urlTemplate\":\"https:\\\/\\\/gallerymcsorley.com\\\/?s={search_term_string}\"},\"query-input\":{\"@type\":\"PropertyValueSpecification\",\"valueRequired\":true,\"valueName\":\"search_term_string\"}}],\"inLanguage\":\"nl-NL\"}]}<\/script>\n<!-- \/ Yoast SEO Premium plugin. -->","yoast_head_json":{"title":"Aphrodite - Galerij McSorley","robots":{"index":"index","follow":"follow","max-snippet":"max-snippet:-1","max-image-preview":"max-image-preview:large","max-video-preview":"max-video-preview:-1"},"canonical":"https:\/\/gallerymcsorley.com\/nl\/product\/aphrodite\/","og_locale":"nl_NL","og_type":"article","og_title":"Aphrodite","og_description":"Bronze, 2\/6, 68 x 28 x 22 cm  Beatrice de Lehxy Geboren in Amersfoort, Nederlands 1985-90 Hogeschool voor de Kunsten Amsterdam en Gerrit Rietveld Academie studie richting beeldhouwen en vrije grafiek.\u00a0 Exposeert sinds 1986 in verschillende medium in een abstract expressionistische beeldtaal. Gedurende de jaren zie je een stijlontwikkeling van haar eigen lijn en kleur gebruik.\u00a0 Uniek materiaal keus waar anciens en hedendaagse technieken samensmelten in twee als drie dimensionaal kunstwerk. Beatrice \u2019s werk kenmerkt zich door een energie van beweging en kleur vormgegeven in de abstracte figuren. Beatrice laat een combinatie zien van gemengde technieken waardoor de doeken iets magisch krijgen. Op het snijvlak van figuratie en abstractie ontstaan haar vormen. De vrije vormen met de beweging en de v\u00e9le kleuren zijn ge\u00efnspireerd door po\u00ebzie en moderne muziek en door haar reizen. Haar werk wordt tentoongesteld in diverse bedrijven, in openbare gebouwen en\u00a0priv\u00e9collecties.","og_url":"https:\/\/gallerymcsorley.com\/nl\/product\/aphrodite\/","og_site_name":"Gallery McSorley","article_modified_time":"2023-09-08T14:07:08+00:00","og_image":[{"width":280,"height":592,"url":"https:\/\/gallerymcsorley.com\/wp-content\/uploads\/2022\/05\/Aphrodite.jpeg","type":"image\/jpeg"}],"twitter_card":"summary_large_image","schema":{"@context":"https:\/\/schema.org","@graph":[{"@type":"WebPage","@id":"https:\/\/gallerymcsorley.com\/product\/aphrodite\/","url":"https:\/\/gallerymcsorley.com\/product\/aphrodite\/","name":"Aphrodite - Galerij McSorley","isPartOf":{"@id":"https:\/\/gallerymcsorley.com\/#website"},"primaryImageOfPage":{"@id":"https:\/\/gallerymcsorley.com\/product\/aphrodite\/#primaryimage"},"image":{"@id":"https:\/\/gallerymcsorley.com\/product\/aphrodite\/#primaryimage"},"thumbnailUrl":"https:\/\/gallerymcsorley.com\/wp-content\/uploads\/2022\/05\/Aphrodite.jpeg","datePublished":"2022-05-07T11:27:36+00:00","dateModified":"2023-09-08T14:07:08+00:00","breadcrumb":{"@id":"https:\/\/gallerymcsorley.com\/product\/aphrodite\/#breadcrumb"},"inLanguage":"nl-NL","potentialAction":[{"@type":"ReadAction","target":["https:\/\/gallerymcsorley.com\/product\/aphrodite\/"]}]},{"@type":"ImageObject","inLanguage":"nl-NL","@id":"https:\/\/gallerymcsorley.com\/product\/aphrodite\/#primaryimage","url":"https:\/\/gallerymcsorley.com\/wp-content\/uploads\/2022\/05\/Aphrodite.jpeg","contentUrl":"https:\/\/gallerymcsorley.com\/wp-content\/uploads\/2022\/05\/Aphrodite.jpeg","width":280,"height":592},{"@type":"BreadcrumbList","@id":"https:\/\/gallerymcsorley.com\/product\/aphrodite\/#breadcrumb","itemListElement":[{"@type":"ListItem","position":1,"name":"Home","item":"https:\/\/gallerymcsorley.com\/"},{"@type":"ListItem","position":2,"name":"Producten","item":"https:\/\/gallerymcsorley.com\/shop\/"},{"@type":"ListItem","position":3,"name":"Aphrodite"}]},{"@type":"WebSite","@id":"https:\/\/gallerymcsorley.com\/#website","url":"https:\/\/gallerymcsorley.com\/","name":"Galerij McSorley","description":"Kunstgalerie","potentialAction":[{"@type":"SearchAction","target":{"@type":"EntryPoint","urlTemplate":"https:\/\/gallerymcsorley.com\/?s={search_term_string}"},"query-input":{"@type":"PropertyValueSpecification","valueRequired":true,"valueName":"search_term_string"}}],"inLanguage":"nl-NL"}]}},"_links":{"self":[{"href":"https:\/\/gallerymcsorley.com\/nl\/wp-json\/wp\/v2\/product\/5149","targetHints":{"allow":["GET"]}}],"collection":[{"href":"https:\/\/gallerymcsorley.com\/nl\/wp-json\/wp\/v2\/product"}],"about":[{"href":"https:\/\/gallerymcsorley.com\/nl\/wp-json\/wp\/v2\/types\/product"}],"wp:featuredmedia":[{"embeddable":true,"href":"https:\/\/gallerymcsorley.com\/nl\/wp-json\/wp\/v2\/media\/5179"}],"wp:attachment":[{"href":"https:\/\/gallerymcsorley.com\/nl\/wp-json\/wp\/v2\/media?parent=5149"}],"wp:term":[{"taxonomy":"product_brand","embeddable":true,"href":"https:\/\/gallerymcsorley.com\/nl\/wp-json\/wp\/v2\/product_brand?post=5149"},{"taxonomy":"product_cat","embeddable":true,"href":"https:\/\/gallerymcsorley.com\/nl\/wp-json\/wp\/v2\/product_cat?post=5149"},{"taxonomy":"product_tag","embeddable":true,"href":"https:\/\/gallerymcsorley.com\/nl\/wp-json\/wp\/v2\/product_tag?post=5149"}],"curies":[{"name":"wp","href":"https:\/\/api.w.org\/{rel}","templated":true}]}}