{"id":5934,"date":"2022-07-14T14:42:00","date_gmt":"2022-07-14T14:42:00","guid":{"rendered":"https:\/\/gallerymcsorley.com\/?post_type=product&#038;p=5934"},"modified":"2023-09-08T14:01:58","modified_gmt":"2023-09-08T14:01:58","slug":"swan-zwaan","status":"publish","type":"product","link":"https:\/\/gallerymcsorley.com\/nl\/product\/zwaan-zwaan\/","title":{"rendered":"Zwaan - Zwaan"},"content":{"rendered":"","protected":false},"excerpt":{"rendered":"<div class=\"info_content\">Giclee op papier, 55 x 75 cm, gratis verzending in koker, 1\/10 gematteerd niet ingelijst in galerie<\/div>\n<div><\/div>\n<div>\n<p><b>Beatrice de Jong <\/b><span style=\"font-weight: 400;\">na het afronden van haar studie aan de Amsterdamse Kunstacademie en het volgen van de Gerrit Rietveld Academie vond via gemengde technieken een passie voor het samenspel van lijnen en kleuren in de vrouwelijke figuur.  De figuren in haar schilderijen kunnen worden omschreven als vluchtig of efemeer omdat ze verschijnen als silhouetten of contouren in een verder abstracte compositie. Acryl, olieverf, Chinese lak, pastel en encaustic olie, in combinatie met foto's en verschillende technieken, vormen de ingredi\u00ebnten die de dynamiek op het doek cre\u00ebren. \"<\/span><i><span style=\"font-weight: 400;\">Beatrice is duidelijk niet een van die artiesten voor wie het iets betekent om als eerste iets te doen of een trend te volgen. Ze zet eerder een traditie voort en vindt daarin opvallend nieuwe wegen om te verkennen<\/span><\/i><span style=\"font-weight: 400;\">\"William Zimmerman, kunstcriticus bij The New York Times.<\/span><\/p>\n<p><strong>Beatrice de Lehxy<\/strong> Geboren in Amersfoort, Nederlands 1985-90 Hogeschool voor de Kunsten Amsterdam en Gerrit Rietveld Academie studie richting beeldhouwen en vrije grafiek.  Exposeert sinds 1986 in verschillende media in een abstract expressionistische beeldtaal. Gedurende de jaren zie je een stijlontwikkeling van haar eigen lijn en kleur gebruik.  Uniek materiaal keus waar anciens en hedendaagse technieken samensmelten in twee als drie dimensionaal kunstwerk. Beatrice 's werk kenmerkt zich door een energie van beweging en kleur vormgegeven in de abstracte figuren. Beatrice laat een combinatie zien van gemengde technieken waardoor de doeken iets magisch krijgen. Op het snijvlak van figuratie en abstractie ontstaan haar vormen. De vrije vormen met de beweging en de v\u00e9le kleuren zijn ge\u00efnspireerd door po\u00ebzie en moderne muziek en door haar reizen. Haar werk wordt tentoongesteld in diverse bedrijven, in openbare gebouwen en priv\u00e9collecties.<\/p>\n<\/div>","protected":false},"featured_media":5935,"template":"","meta":[],"product_brand":[],"product_cat":[144],"product_tag":[117],"class_list":{"0":"post-5934","1":"product","2":"type-product","3":"status-publish","4":"has-post-thumbnail","6":"product_cat-beatrice-de-lexhy","7":"product_tag-delexhy","9":"first","10":"instock","11":"shipping-taxable","12":"purchasable","13":"product-type-simple"},"yoast_head":"<!-- This site is optimized with the Yoast SEO Premium plugin v21.1 (Yoast SEO v27.3) - https:\/\/yoast.com\/product\/yoast-seo-premium-wordpress\/ -->\n<title>Swan - Zwaan - Gallery McSorley<\/title>\n<meta name=\"robots\" content=\"index, follow, max-snippet:-1, max-image-preview:large, max-video-preview:-1\" \/>\n<link rel=\"canonical\" href=\"https:\/\/gallerymcsorley.com\/nl\/product\/zwaan-zwaan\/\" \/>\n<meta property=\"og:locale\" content=\"nl_NL\" \/>\n<meta property=\"og:type\" content=\"article\" \/>\n<meta property=\"og:title\" content=\"Swan - Zwaan\" \/>\n<meta property=\"og:description\" content=\"Giclee on paper, 55 x 75 cm, free shipping in a tube, 1\/10 matted unframed in gallery    Beatrice de Jong after completing her degree at the Amsterdam Art Academy and attending the Gerrit Rietveld Academy found thru mixed media a passion for the interplay between lines and colors in the female figure.\u00a0 The figures in her paintings might be described as evanescent or ephemeral as they appear as silhouettes or outlines in an otherwise abstract composition. Acrylic, oil paint, Chinese lacquer, pastel, and encaustic oil, in combination with photos and several techniques, form the ingredients that create the dynamics on the canvas. \u201cBeatrice is obviously not one of those artists for whom being the first to do something, or following a trend, means anything. Rather she carries on a tradition, finding in it strikingly fresh paths to explore\u201d, William Zimmerman; Contributing Art Critic, The New York Times.  Beatrice de Lehxy Geboren in Amersfoort, Nederlands 1985-90 Hogeschool voor de Kunsten Amsterdam en Gerrit Rietveld Academie studie richting beeldhouwen en vrije grafiek.\u00a0 Exposeert sinds 1986 in verschillende medium in een abstract expressionistische beeldtaal. Gedurende de jaren zie je een stijlontwikkeling van haar eigen lijn en kleur gebruik.\u00a0 Uniek materiaal keus waar anciens en hedendaagse technieken samensmelten in twee als drie dimensionaal kunstwerk. Beatrice \u2019s werk kenmerkt zich door een energie van beweging en kleur vormgegeven in de abstracte figuren. Beatrice laat een combinatie zien van gemengde technieken waardoor de doeken iets magisch krijgen. Op het snijvlak van figuratie en abstractie ontstaan haar vormen. De vrije vormen met de beweging en de v\u00e9le kleuren zijn ge\u00efnspireerd door po\u00ebzie en moderne muziek en door haar reizen. Haar werk wordt tentoongesteld in diverse bedrijven, in openbare gebouwen en\u00a0priv\u00e9collecties.\" \/>\n<meta property=\"og:url\" content=\"https:\/\/gallerymcsorley.com\/nl\/product\/zwaan-zwaan\/\" \/>\n<meta property=\"og:site_name\" content=\"Gallery McSorley\" \/>\n<meta property=\"article:modified_time\" content=\"2023-09-08T14:01:58+00:00\" \/>\n<meta property=\"og:image\" content=\"https:\/\/gallerymcsorley.com\/wp-content\/uploads\/2022\/07\/Swan-Zwaan.jpg\" \/>\n\t<meta property=\"og:image:width\" content=\"1859\" \/>\n\t<meta property=\"og:image:height\" content=\"1279\" \/>\n\t<meta property=\"og:image:type\" content=\"image\/jpeg\" \/>\n<meta name=\"twitter:card\" content=\"summary_large_image\" \/>\n<script type=\"application\/ld+json\" class=\"yoast-schema-graph\">{\"@context\":\"https:\\\/\\\/schema.org\",\"@graph\":[{\"@type\":\"WebPage\",\"@id\":\"https:\\\/\\\/gallerymcsorley.com\\\/product\\\/swan-zwaan\\\/\",\"url\":\"https:\\\/\\\/gallerymcsorley.com\\\/product\\\/swan-zwaan\\\/\",\"name\":\"Swan - Zwaan - Gallery McSorley\",\"isPartOf\":{\"@id\":\"https:\\\/\\\/gallerymcsorley.com\\\/#website\"},\"primaryImageOfPage\":{\"@id\":\"https:\\\/\\\/gallerymcsorley.com\\\/product\\\/swan-zwaan\\\/#primaryimage\"},\"image\":{\"@id\":\"https:\\\/\\\/gallerymcsorley.com\\\/product\\\/swan-zwaan\\\/#primaryimage\"},\"thumbnailUrl\":\"https:\\\/\\\/gallerymcsorley.com\\\/wp-content\\\/uploads\\\/2022\\\/07\\\/Swan-Zwaan.jpg\",\"datePublished\":\"2022-07-14T14:42:00+00:00\",\"dateModified\":\"2023-09-08T14:01:58+00:00\",\"breadcrumb\":{\"@id\":\"https:\\\/\\\/gallerymcsorley.com\\\/product\\\/swan-zwaan\\\/#breadcrumb\"},\"inLanguage\":\"nl-NL\",\"potentialAction\":[{\"@type\":\"ReadAction\",\"target\":[\"https:\\\/\\\/gallerymcsorley.com\\\/product\\\/swan-zwaan\\\/\"]}]},{\"@type\":\"ImageObject\",\"inLanguage\":\"nl-NL\",\"@id\":\"https:\\\/\\\/gallerymcsorley.com\\\/product\\\/swan-zwaan\\\/#primaryimage\",\"url\":\"https:\\\/\\\/gallerymcsorley.com\\\/wp-content\\\/uploads\\\/2022\\\/07\\\/Swan-Zwaan.jpg\",\"contentUrl\":\"https:\\\/\\\/gallerymcsorley.com\\\/wp-content\\\/uploads\\\/2022\\\/07\\\/Swan-Zwaan.jpg\",\"width\":1859,\"height\":1279},{\"@type\":\"BreadcrumbList\",\"@id\":\"https:\\\/\\\/gallerymcsorley.com\\\/product\\\/swan-zwaan\\\/#breadcrumb\",\"itemListElement\":[{\"@type\":\"ListItem\",\"position\":1,\"name\":\"Home\",\"item\":\"https:\\\/\\\/gallerymcsorley.com\\\/\"},{\"@type\":\"ListItem\",\"position\":2,\"name\":\"Producten\",\"item\":\"https:\\\/\\\/gallerymcsorley.com\\\/shop\\\/\"},{\"@type\":\"ListItem\",\"position\":3,\"name\":\"Swan &#8211; Zwaan\"}]},{\"@type\":\"WebSite\",\"@id\":\"https:\\\/\\\/gallerymcsorley.com\\\/#website\",\"url\":\"https:\\\/\\\/gallerymcsorley.com\\\/\",\"name\":\"Gallery McSorley\",\"description\":\"Art Gallery\",\"potentialAction\":[{\"@type\":\"SearchAction\",\"target\":{\"@type\":\"EntryPoint\",\"urlTemplate\":\"https:\\\/\\\/gallerymcsorley.com\\\/?s={search_term_string}\"},\"query-input\":{\"@type\":\"PropertyValueSpecification\",\"valueRequired\":true,\"valueName\":\"search_term_string\"}}],\"inLanguage\":\"nl-NL\"}]}<\/script>\n<!-- \/ Yoast SEO Premium plugin. -->","yoast_head_json":{"title":"Zwaan - Zwaan - Galerij McSorley","robots":{"index":"index","follow":"follow","max-snippet":"max-snippet:-1","max-image-preview":"max-image-preview:large","max-video-preview":"max-video-preview:-1"},"canonical":"https:\/\/gallerymcsorley.com\/nl\/product\/zwaan-zwaan\/","og_locale":"nl_NL","og_type":"article","og_title":"Swan - Zwaan","og_description":"Giclee on paper, 55 x 75 cm, free shipping in a tube, 1\/10 matted unframed in gallery    Beatrice de Jong after completing her degree at the Amsterdam Art Academy and attending the Gerrit Rietveld Academy found thru mixed media a passion for the interplay between lines and colors in the female figure.\u00a0 The figures in her paintings might be described as evanescent or ephemeral as they appear as silhouettes or outlines in an otherwise abstract composition. Acrylic, oil paint, Chinese lacquer, pastel, and encaustic oil, in combination with photos and several techniques, form the ingredients that create the dynamics on the canvas. \u201cBeatrice is obviously not one of those artists for whom being the first to do something, or following a trend, means anything. Rather she carries on a tradition, finding in it strikingly fresh paths to explore\u201d, William Zimmerman; Contributing Art Critic, The New York Times.  Beatrice de Lehxy Geboren in Amersfoort, Nederlands 1985-90 Hogeschool voor de Kunsten Amsterdam en Gerrit Rietveld Academie studie richting beeldhouwen en vrije grafiek.\u00a0 Exposeert sinds 1986 in verschillende medium in een abstract expressionistische beeldtaal. Gedurende de jaren zie je een stijlontwikkeling van haar eigen lijn en kleur gebruik.\u00a0 Uniek materiaal keus waar anciens en hedendaagse technieken samensmelten in twee als drie dimensionaal kunstwerk. Beatrice \u2019s werk kenmerkt zich door een energie van beweging en kleur vormgegeven in de abstracte figuren. Beatrice laat een combinatie zien van gemengde technieken waardoor de doeken iets magisch krijgen. Op het snijvlak van figuratie en abstractie ontstaan haar vormen. De vrije vormen met de beweging en de v\u00e9le kleuren zijn ge\u00efnspireerd door po\u00ebzie en moderne muziek en door haar reizen. Haar werk wordt tentoongesteld in diverse bedrijven, in openbare gebouwen en\u00a0priv\u00e9collecties.","og_url":"https:\/\/gallerymcsorley.com\/nl\/product\/zwaan-zwaan\/","og_site_name":"Gallery McSorley","article_modified_time":"2023-09-08T14:01:58+00:00","og_image":[{"width":1859,"height":1279,"url":"https:\/\/gallerymcsorley.com\/wp-content\/uploads\/2022\/07\/Swan-Zwaan.jpg","type":"image\/jpeg"}],"twitter_card":"summary_large_image","schema":{"@context":"https:\/\/schema.org","@graph":[{"@type":"WebPage","@id":"https:\/\/gallerymcsorley.com\/product\/swan-zwaan\/","url":"https:\/\/gallerymcsorley.com\/product\/swan-zwaan\/","name":"Zwaan - Zwaan - Galerij McSorley","isPartOf":{"@id":"https:\/\/gallerymcsorley.com\/#website"},"primaryImageOfPage":{"@id":"https:\/\/gallerymcsorley.com\/product\/swan-zwaan\/#primaryimage"},"image":{"@id":"https:\/\/gallerymcsorley.com\/product\/swan-zwaan\/#primaryimage"},"thumbnailUrl":"https:\/\/gallerymcsorley.com\/wp-content\/uploads\/2022\/07\/Swan-Zwaan.jpg","datePublished":"2022-07-14T14:42:00+00:00","dateModified":"2023-09-08T14:01:58+00:00","breadcrumb":{"@id":"https:\/\/gallerymcsorley.com\/product\/swan-zwaan\/#breadcrumb"},"inLanguage":"nl-NL","potentialAction":[{"@type":"ReadAction","target":["https:\/\/gallerymcsorley.com\/product\/swan-zwaan\/"]}]},{"@type":"ImageObject","inLanguage":"nl-NL","@id":"https:\/\/gallerymcsorley.com\/product\/swan-zwaan\/#primaryimage","url":"https:\/\/gallerymcsorley.com\/wp-content\/uploads\/2022\/07\/Swan-Zwaan.jpg","contentUrl":"https:\/\/gallerymcsorley.com\/wp-content\/uploads\/2022\/07\/Swan-Zwaan.jpg","width":1859,"height":1279},{"@type":"BreadcrumbList","@id":"https:\/\/gallerymcsorley.com\/product\/swan-zwaan\/#breadcrumb","itemListElement":[{"@type":"ListItem","position":1,"name":"Home","item":"https:\/\/gallerymcsorley.com\/"},{"@type":"ListItem","position":2,"name":"Producten","item":"https:\/\/gallerymcsorley.com\/shop\/"},{"@type":"ListItem","position":3,"name":"Swan &#8211; Zwaan"}]},{"@type":"WebSite","@id":"https:\/\/gallerymcsorley.com\/#website","url":"https:\/\/gallerymcsorley.com\/","name":"Galerij McSorley","description":"Kunstgalerie","potentialAction":[{"@type":"SearchAction","target":{"@type":"EntryPoint","urlTemplate":"https:\/\/gallerymcsorley.com\/?s={search_term_string}"},"query-input":{"@type":"PropertyValueSpecification","valueRequired":true,"valueName":"search_term_string"}}],"inLanguage":"nl-NL"}]}},"_links":{"self":[{"href":"https:\/\/gallerymcsorley.com\/nl\/wp-json\/wp\/v2\/product\/5934","targetHints":{"allow":["GET"]}}],"collection":[{"href":"https:\/\/gallerymcsorley.com\/nl\/wp-json\/wp\/v2\/product"}],"about":[{"href":"https:\/\/gallerymcsorley.com\/nl\/wp-json\/wp\/v2\/types\/product"}],"wp:featuredmedia":[{"embeddable":true,"href":"https:\/\/gallerymcsorley.com\/nl\/wp-json\/wp\/v2\/media\/5935"}],"wp:attachment":[{"href":"https:\/\/gallerymcsorley.com\/nl\/wp-json\/wp\/v2\/media?parent=5934"}],"wp:term":[{"taxonomy":"product_brand","embeddable":true,"href":"https:\/\/gallerymcsorley.com\/nl\/wp-json\/wp\/v2\/product_brand?post=5934"},{"taxonomy":"product_cat","embeddable":true,"href":"https:\/\/gallerymcsorley.com\/nl\/wp-json\/wp\/v2\/product_cat?post=5934"},{"taxonomy":"product_tag","embeddable":true,"href":"https:\/\/gallerymcsorley.com\/nl\/wp-json\/wp\/v2\/product_tag?post=5934"}],"curies":[{"name":"wp","href":"https:\/\/api.w.org\/{rel}","templated":true}]}}