{"id":6625,"date":"2023-06-04T13:20:47","date_gmt":"2023-06-04T13:20:47","guid":{"rendered":"https:\/\/gallerymcsorley.com\/?post_type=product&#038;p=6625"},"modified":"2023-09-08T11:53:09","modified_gmt":"2023-09-08T11:53:09","slug":"intimacy-2","status":"publish","type":"product","link":"https:\/\/gallerymcsorley.com\/nl\/product\/intimiteit-2\/","title":{"rendered":"Intimiteit"},"content":{"rendered":"<p><img fetchpriority=\"high\" decoding=\"async\" class=\"alignnone size-medium wp-image-6626\" src=\"https:\/\/gallerymcsorley.com\/wp-content\/uploads\/2023\/06\/Mari-Meszaros-Intimate-relationship-fused-glas-85-85-25-cm-300x248.jpg\" alt=\"\" width=\"300\" height=\"248\" srcset=\"https:\/\/gallerymcsorley.com\/wp-content\/uploads\/2023\/06\/Mari-Meszaros-Intimate-relationship-fused-glas-85-85-25-cm-300x248.jpg 300w, https:\/\/gallerymcsorley.com\/wp-content\/uploads\/2023\/06\/Mari-Meszaros-Intimate-relationship-fused-glas-85-85-25-cm-200x165.jpg 200w, https:\/\/gallerymcsorley.com\/wp-content\/uploads\/2023\/06\/Mari-Meszaros-Intimate-relationship-fused-glas-85-85-25-cm-1024x845.jpg 1024w, https:\/\/gallerymcsorley.com\/wp-content\/uploads\/2023\/06\/Mari-Meszaros-Intimate-relationship-fused-glas-85-85-25-cm-768x634.jpg 768w, https:\/\/gallerymcsorley.com\/wp-content\/uploads\/2023\/06\/Mari-Meszaros-Intimate-relationship-fused-glas-85-85-25-cm-1536x1268.jpg 1536w, https:\/\/gallerymcsorley.com\/wp-content\/uploads\/2023\/06\/Mari-Meszaros-Intimate-relationship-fused-glas-85-85-25-cm.jpg 1772w\" sizes=\"(max-width: 300px) 100vw, 300px\" \/><\/p>","protected":false},"excerpt":{"rendered":"<p>glas-graniet, versmolten techniek, 85 x 85 x 25 cm (twee glassculpturen samen)<\/p>\n<p><span style=\"font-weight: 400;\">De werken van <\/span><b>Mari M\u00e9sz\u00e1ros<\/b><span style=\"font-weight: 400;\"> (1947, Hongarije) begint altijd met de weergave van het menselijk lichaam en de organische relatie tot de verschillende delen ervan. Lyrisch gevormde gezichten en torso's en gebaren van lichaamsdelen worden gevormd met een subtiele balans. Het zijn reli\u00ebfs van glas. Haar sculpturen zijn opgebouwd uit scherven, breuken en barsten, overblijfselen en sporen die de ziel en emoties van haar objecten cre\u00ebren. Ze verwijzen naar geschiedenis, groei, veroudering en slijtage terwijl M\u00e9sz\u00e1ros iets toevoegt en wegneemt van haar werken. Citaat van M\u00e9sz\u00e1ros, <\/span><i><span style=\"font-weight: 400;\">\"Ik maak sculpturen die uitdrukking geven aan eeuwige, universele menselijke gevoelens.  Ik maak ze van glas, een materiaal dat zo breekbaar is als de mens en zo sterk als de mensheid.\"  Verzameld door de <\/span><\/i><span style=\"font-weight: 400;\">Museum voor Toegepaste Kunsten, Boedapest - Mus\u00e9e des Arts D\u00e9coratifs, Lausanne - Glasmuseum Ebeltoft (DK) - Glasmuseum Rheinbach (D) - Fine Art Museum San Francisco - M.H.de Young Memorial Museum, USA - Laczko Dezs\u00f6 Muzeum, Veszprem (H) - Rippl-Ronai Muzeum, Kaposvar (H) - Alcorcon Museum voor Glaskunst, Madrid - Museum van der Togt, Amstelveen.<\/span><\/p>\n<p><b>Mari M\u00e9sz\u00e1ros <\/b>glassculpturen zijn de ultieme metafoor van wat de mens is: het enigma van een opgeteld verleden, verklaard of verder gemystificeerd door een scheppende geest en voor eeuwig vastgelegd in een glazen kunstwerk. \"Ik maak het van glas, een materiaal dat breekbaar is als de mens en sterk als de mensheid.\"<\/p>\n<p><strong>Mari M\u00e9sz\u00e1ros<\/strong> (Hongrie, 1949) forme des reliefs de verre lyriques avec des gestes<br \/>\nsubtils pour capturer l'\u00e2me et les \u00e9motions de ses objets. Zijn sculpturen zijn<br \/>\ngebouwd aan de hand van krullen, breuken en schotten. Ze verwijzen naar<br \/>\nl'histoire, \u00e0 la croissance, au vieillissement et \u00e0 l'usure que M\u00e9sz\u00e1ros ajoute et retire<br \/>\nvan zijn oeuvre. M\u00e9sz\u00e1ros zegt: \"Ik maak sculpturen die gevoelens uitdrukken\".<br \/>\ninternationale en universele mensen. Ik maak deze producten van brons, een materiaal dat ook<br \/>\nfragieler dan het menselijk zijn en sterker dan de mensheid\". Ander citaat van M\u00e9sz\u00e1ros :<br \/>\nL'art du verre exprime le sens m\u00e9taphorique de notre vuln\u00e9rabilit\u00e9, la sculpture pour<br \/>\nmettre en valeur plusieurs param\u00e8tres de pi\u00e8ce''.<\/p>","protected":false},"featured_media":6626,"template":"","meta":[],"product_brand":[],"product_cat":[157],"product_tag":[101],"class_list":{"0":"post-6625","1":"product","2":"type-product","3":"status-publish","4":"has-post-thumbnail","6":"product_cat-mari-meszaros","7":"product_tag-meszaros","9":"first","10":"instock","11":"shipping-taxable","12":"purchasable","13":"product-type-simple"},"yoast_head":"<!-- This site is optimized with the Yoast SEO Premium plugin v21.1 (Yoast SEO v27.3) - https:\/\/yoast.com\/product\/yoast-seo-premium-wordpress\/ -->\n<title>Intimacy - Gallery McSorley<\/title>\n<meta name=\"robots\" content=\"index, follow, max-snippet:-1, max-image-preview:large, max-video-preview:-1\" \/>\n<link rel=\"canonical\" href=\"https:\/\/gallerymcsorley.com\/nl\/product\/intimiteit-2\/\" \/>\n<meta property=\"og:locale\" content=\"nl_NL\" \/>\n<meta property=\"og:type\" content=\"article\" \/>\n<meta property=\"og:title\" content=\"Intimacy\" \/>\n<meta property=\"og:description\" content=\"glass-granite, fused technique, 85 x 85 x 25 cm (two glass sculptures together)  The works of Mari M\u00e9sz\u00e1ros (1947, Hungary) always begin with the representation of the human body, and its organic relationship to its various parts. Lyrically inclined faces and torsos and gestures of parts of body are formed with a subtle balance. They are reliefs made of glass. Her sculptures are built out of shards, fractures and cracks, vestiges, and traces that create the soul and emotions of her objects. They refer to history, growth, aging and wear as M\u00e9sz\u00e1ros adds and takes away from her works. Quoting M\u00e9sz\u00e1ros, \u201cI make sculptures that express eternal, universal human feelings.\u00a0 I make them from glass, a material that is as fragile as human beings, and as strong as humanity.\u201d\u00a0 Collected by the Museum for Toegepaste Kunsten, Budapest \u2013 Mus\u00e9e des Arts D\u00e9coratifs, Lausanne \u2013 Glasmuseum Ebeltoft (DK) \u2013 Glasmuseum Rheinbach (D) \u2013 Fine Art Museum San Francisco \u2013 M.H.de Young Memorial Museum, USA \u2013 Laczko Dezs\u00f6 Muzeum, Veszprem (H) \u2013 Rippl-Ronai Muzeum, Kaposvar (H) \u2013 Alcorcon Museum voor Glaskunst, Madrid \u2013 Museum van der Togt, Amstelveen.  Mari M\u00e9sz\u00e1ros glassculpturen zijn de ultieme metafoor van wat de mens is: het enigma van een opgeteld verleden, verklaard of verder gemystificeerd door een scheppende geest en voor eeuwig vastgelegd in een glazen kunstwerk. \u201cIk maak het van glas, een materiaal dat breekbaar is als de mens en sterk als de mensheid.\u201d  Mari M\u00e9sz\u00e1ros (Hongrie, 1949) forme des reliefs de verre lyriques avec des gestes subtils pour capturer l&#039;\u00e2me et les \u00e9motions de ses objets. Ses sculptures sont construites \u00e0 partir d&#039;\u00e9clats, de fractures, de tessons de verre. Elles font r\u00e9f\u00e9rence \u00e0 l&#039;histoire, \u00e0 la croissance, au vieillissement et \u00e0 l&#039;usure que M\u00e9sz\u00e1ros ajoute et retire de ses oeuvres. Citant M\u00e9sz\u00e1ros, \u00ab Je fais des sculptures qui expriment des sentiments humains \u00e9ternels et universels. Je les fabrique \u00e0 partir de verre, un mat\u00e9riau aussi fragile que l&#039;\u00eatre humain et aussi fort que l&#039;humanit\u00e9 \u00bb. Autre citation de M\u00e9sz\u00e1ros : \u2018\u2019L&#039;art du verre exprime le sens m\u00e9taphorique de notre vuln\u00e9rabilit\u00e9, la sculpture pour mettre en valeur plusieurs param\u00e8tres de pi\u00e8ce\u2019\u2019.\" \/>\n<meta property=\"og:url\" content=\"https:\/\/gallerymcsorley.com\/nl\/product\/intimiteit-2\/\" \/>\n<meta property=\"og:site_name\" content=\"Gallery McSorley\" \/>\n<meta property=\"article:modified_time\" content=\"2023-09-08T11:53:09+00:00\" \/>\n<meta property=\"og:image\" content=\"https:\/\/gallerymcsorley.com\/wp-content\/uploads\/2023\/06\/Mari-Meszaros-Intimate-relationship-fused-glas-85-85-25-cm.jpg\" \/>\n\t<meta property=\"og:image:width\" content=\"1772\" \/>\n\t<meta property=\"og:image:height\" content=\"1463\" \/>\n\t<meta property=\"og:image:type\" content=\"image\/jpeg\" \/>\n<meta name=\"twitter:card\" content=\"summary_large_image\" \/>\n<meta name=\"twitter:label1\" content=\"Geschatte leestijd\" \/>\n\t<meta name=\"twitter:data1\" content=\"1 minuut\" \/>\n<script type=\"application\/ld+json\" class=\"yoast-schema-graph\">{\"@context\":\"https:\\\/\\\/schema.org\",\"@graph\":[{\"@type\":\"WebPage\",\"@id\":\"https:\\\/\\\/gallerymcsorley.com\\\/product\\\/intimacy-2\\\/\",\"url\":\"https:\\\/\\\/gallerymcsorley.com\\\/product\\\/intimacy-2\\\/\",\"name\":\"Intimacy - Gallery McSorley\",\"isPartOf\":{\"@id\":\"https:\\\/\\\/gallerymcsorley.com\\\/#website\"},\"primaryImageOfPage\":{\"@id\":\"https:\\\/\\\/gallerymcsorley.com\\\/product\\\/intimacy-2\\\/#primaryimage\"},\"image\":{\"@id\":\"https:\\\/\\\/gallerymcsorley.com\\\/product\\\/intimacy-2\\\/#primaryimage\"},\"thumbnailUrl\":\"https:\\\/\\\/gallerymcsorley.com\\\/wp-content\\\/uploads\\\/2023\\\/06\\\/Mari-Meszaros-Intimate-relationship-fused-glas-85-85-25-cm.jpg\",\"datePublished\":\"2023-06-04T13:20:47+00:00\",\"dateModified\":\"2023-09-08T11:53:09+00:00\",\"breadcrumb\":{\"@id\":\"https:\\\/\\\/gallerymcsorley.com\\\/product\\\/intimacy-2\\\/#breadcrumb\"},\"inLanguage\":\"nl-NL\",\"potentialAction\":[{\"@type\":\"ReadAction\",\"target\":[\"https:\\\/\\\/gallerymcsorley.com\\\/product\\\/intimacy-2\\\/\"]}]},{\"@type\":\"ImageObject\",\"inLanguage\":\"nl-NL\",\"@id\":\"https:\\\/\\\/gallerymcsorley.com\\\/product\\\/intimacy-2\\\/#primaryimage\",\"url\":\"https:\\\/\\\/gallerymcsorley.com\\\/wp-content\\\/uploads\\\/2023\\\/06\\\/Mari-Meszaros-Intimate-relationship-fused-glas-85-85-25-cm.jpg\",\"contentUrl\":\"https:\\\/\\\/gallerymcsorley.com\\\/wp-content\\\/uploads\\\/2023\\\/06\\\/Mari-Meszaros-Intimate-relationship-fused-glas-85-85-25-cm.jpg\",\"width\":1772,\"height\":1463},{\"@type\":\"BreadcrumbList\",\"@id\":\"https:\\\/\\\/gallerymcsorley.com\\\/product\\\/intimacy-2\\\/#breadcrumb\",\"itemListElement\":[{\"@type\":\"ListItem\",\"position\":1,\"name\":\"Home\",\"item\":\"https:\\\/\\\/gallerymcsorley.com\\\/\"},{\"@type\":\"ListItem\",\"position\":2,\"name\":\"Producten\",\"item\":\"https:\\\/\\\/gallerymcsorley.com\\\/shop\\\/\"},{\"@type\":\"ListItem\",\"position\":3,\"name\":\"Intimacy\"}]},{\"@type\":\"WebSite\",\"@id\":\"https:\\\/\\\/gallerymcsorley.com\\\/#website\",\"url\":\"https:\\\/\\\/gallerymcsorley.com\\\/\",\"name\":\"Gallery McSorley\",\"description\":\"Art Gallery\",\"potentialAction\":[{\"@type\":\"SearchAction\",\"target\":{\"@type\":\"EntryPoint\",\"urlTemplate\":\"https:\\\/\\\/gallerymcsorley.com\\\/?s={search_term_string}\"},\"query-input\":{\"@type\":\"PropertyValueSpecification\",\"valueRequired\":true,\"valueName\":\"search_term_string\"}}],\"inLanguage\":\"nl-NL\"}]}<\/script>\n<!-- \/ Yoast SEO Premium plugin. -->","yoast_head_json":{"title":"Intimiteit - Galerij McSorley","robots":{"index":"index","follow":"follow","max-snippet":"max-snippet:-1","max-image-preview":"max-image-preview:large","max-video-preview":"max-video-preview:-1"},"canonical":"https:\/\/gallerymcsorley.com\/nl\/product\/intimiteit-2\/","og_locale":"nl_NL","og_type":"article","og_title":"Intimacy","og_description":"glass-granite, fused technique, 85 x 85 x 25 cm (two glass sculptures together)  The works of Mari M\u00e9sz\u00e1ros (1947, Hungary) always begin with the representation of the human body, and its organic relationship to its various parts. Lyrically inclined faces and torsos and gestures of parts of body are formed with a subtle balance. They are reliefs made of glass. Her sculptures are built out of shards, fractures and cracks, vestiges, and traces that create the soul and emotions of her objects. They refer to history, growth, aging and wear as M\u00e9sz\u00e1ros adds and takes away from her works. Quoting M\u00e9sz\u00e1ros, \u201cI make sculptures that express eternal, universal human feelings.\u00a0 I make them from glass, a material that is as fragile as human beings, and as strong as humanity.\u201d\u00a0 Collected by the Museum for Toegepaste Kunsten, Budapest \u2013 Mus\u00e9e des Arts D\u00e9coratifs, Lausanne \u2013 Glasmuseum Ebeltoft (DK) \u2013 Glasmuseum Rheinbach (D) \u2013 Fine Art Museum San Francisco \u2013 M.H.de Young Memorial Museum, USA \u2013 Laczko Dezs\u00f6 Muzeum, Veszprem (H) \u2013 Rippl-Ronai Muzeum, Kaposvar (H) \u2013 Alcorcon Museum voor Glaskunst, Madrid \u2013 Museum van der Togt, Amstelveen.  Mari M\u00e9sz\u00e1ros glassculpturen zijn de ultieme metafoor van wat de mens is: het enigma van een opgeteld verleden, verklaard of verder gemystificeerd door een scheppende geest en voor eeuwig vastgelegd in een glazen kunstwerk. \u201cIk maak het van glas, een materiaal dat breekbaar is als de mens en sterk als de mensheid.\u201d  Mari M\u00e9sz\u00e1ros (Hongrie, 1949) forme des reliefs de verre lyriques avec des gestes subtils pour capturer l'\u00e2me et les \u00e9motions de ses objets. Ses sculptures sont construites \u00e0 partir d'\u00e9clats, de fractures, de tessons de verre. Elles font r\u00e9f\u00e9rence \u00e0 l'histoire, \u00e0 la croissance, au vieillissement et \u00e0 l'usure que M\u00e9sz\u00e1ros ajoute et retire de ses oeuvres. Citant M\u00e9sz\u00e1ros, \u00ab Je fais des sculptures qui expriment des sentiments humains \u00e9ternels et universels. Je les fabrique \u00e0 partir de verre, un mat\u00e9riau aussi fragile que l'\u00eatre humain et aussi fort que l'humanit\u00e9 \u00bb. Autre citation de M\u00e9sz\u00e1ros : \u2018\u2019L'art du verre exprime le sens m\u00e9taphorique de notre vuln\u00e9rabilit\u00e9, la sculpture pour mettre en valeur plusieurs param\u00e8tres de pi\u00e8ce\u2019\u2019.","og_url":"https:\/\/gallerymcsorley.com\/nl\/product\/intimiteit-2\/","og_site_name":"Gallery McSorley","article_modified_time":"2023-09-08T11:53:09+00:00","og_image":[{"width":1772,"height":1463,"url":"https:\/\/gallerymcsorley.com\/wp-content\/uploads\/2023\/06\/Mari-Meszaros-Intimate-relationship-fused-glas-85-85-25-cm.jpg","type":"image\/jpeg"}],"twitter_card":"summary_large_image","twitter_misc":{"Geschatte leestijd":"1 minuut"},"schema":{"@context":"https:\/\/schema.org","@graph":[{"@type":"WebPage","@id":"https:\/\/gallerymcsorley.com\/product\/intimacy-2\/","url":"https:\/\/gallerymcsorley.com\/product\/intimacy-2\/","name":"Intimiteit - Galerij McSorley","isPartOf":{"@id":"https:\/\/gallerymcsorley.com\/#website"},"primaryImageOfPage":{"@id":"https:\/\/gallerymcsorley.com\/product\/intimacy-2\/#primaryimage"},"image":{"@id":"https:\/\/gallerymcsorley.com\/product\/intimacy-2\/#primaryimage"},"thumbnailUrl":"https:\/\/gallerymcsorley.com\/wp-content\/uploads\/2023\/06\/Mari-Meszaros-Intimate-relationship-fused-glas-85-85-25-cm.jpg","datePublished":"2023-06-04T13:20:47+00:00","dateModified":"2023-09-08T11:53:09+00:00","breadcrumb":{"@id":"https:\/\/gallerymcsorley.com\/product\/intimacy-2\/#breadcrumb"},"inLanguage":"nl-NL","potentialAction":[{"@type":"ReadAction","target":["https:\/\/gallerymcsorley.com\/product\/intimacy-2\/"]}]},{"@type":"ImageObject","inLanguage":"nl-NL","@id":"https:\/\/gallerymcsorley.com\/product\/intimacy-2\/#primaryimage","url":"https:\/\/gallerymcsorley.com\/wp-content\/uploads\/2023\/06\/Mari-Meszaros-Intimate-relationship-fused-glas-85-85-25-cm.jpg","contentUrl":"https:\/\/gallerymcsorley.com\/wp-content\/uploads\/2023\/06\/Mari-Meszaros-Intimate-relationship-fused-glas-85-85-25-cm.jpg","width":1772,"height":1463},{"@type":"BreadcrumbList","@id":"https:\/\/gallerymcsorley.com\/product\/intimacy-2\/#breadcrumb","itemListElement":[{"@type":"ListItem","position":1,"name":"Home","item":"https:\/\/gallerymcsorley.com\/"},{"@type":"ListItem","position":2,"name":"Producten","item":"https:\/\/gallerymcsorley.com\/shop\/"},{"@type":"ListItem","position":3,"name":"Intimacy"}]},{"@type":"WebSite","@id":"https:\/\/gallerymcsorley.com\/#website","url":"https:\/\/gallerymcsorley.com\/","name":"Galerij McSorley","description":"Kunstgalerie","potentialAction":[{"@type":"SearchAction","target":{"@type":"EntryPoint","urlTemplate":"https:\/\/gallerymcsorley.com\/?s={search_term_string}"},"query-input":{"@type":"PropertyValueSpecification","valueRequired":true,"valueName":"search_term_string"}}],"inLanguage":"nl-NL"}]}},"_links":{"self":[{"href":"https:\/\/gallerymcsorley.com\/nl\/wp-json\/wp\/v2\/product\/6625","targetHints":{"allow":["GET"]}}],"collection":[{"href":"https:\/\/gallerymcsorley.com\/nl\/wp-json\/wp\/v2\/product"}],"about":[{"href":"https:\/\/gallerymcsorley.com\/nl\/wp-json\/wp\/v2\/types\/product"}],"wp:featuredmedia":[{"embeddable":true,"href":"https:\/\/gallerymcsorley.com\/nl\/wp-json\/wp\/v2\/media\/6626"}],"wp:attachment":[{"href":"https:\/\/gallerymcsorley.com\/nl\/wp-json\/wp\/v2\/media?parent=6625"}],"wp:term":[{"taxonomy":"product_brand","embeddable":true,"href":"https:\/\/gallerymcsorley.com\/nl\/wp-json\/wp\/v2\/product_brand?post=6625"},{"taxonomy":"product_cat","embeddable":true,"href":"https:\/\/gallerymcsorley.com\/nl\/wp-json\/wp\/v2\/product_cat?post=6625"},{"taxonomy":"product_tag","embeddable":true,"href":"https:\/\/gallerymcsorley.com\/nl\/wp-json\/wp\/v2\/product_tag?post=6625"}],"curies":[{"name":"wp","href":"https:\/\/api.w.org\/{rel}","templated":true}]}}