{"id":6627,"date":"2023-06-04T13:29:40","date_gmt":"2023-06-04T13:29:40","guid":{"rendered":"https:\/\/gallerymcsorley.com\/?post_type=product&#038;p=6627"},"modified":"2023-09-08T12:52:51","modified_gmt":"2023-09-08T12:52:51","slug":"mondays-love","status":"publish","type":"product","link":"https:\/\/gallerymcsorley.com\/nl\/product\/maandag-liefde\/","title":{"rendered":"Maandag' liefde"},"content":{"rendered":"<p><img fetchpriority=\"high\" decoding=\"async\" class=\"alignnone size-medium wp-image-6628\" src=\"https:\/\/gallerymcsorley.com\/wp-content\/uploads\/2023\/06\/Mondays-Love-Jaap-Hartman-bronze-165-x-100-x-10-cm-287x300.jpg\" alt=\"\" width=\"287\" height=\"300\" srcset=\"https:\/\/gallerymcsorley.com\/wp-content\/uploads\/2023\/06\/Mondays-Love-Jaap-Hartman-bronze-165-x-100-x-10-cm-287x300.jpg 287w, https:\/\/gallerymcsorley.com\/wp-content\/uploads\/2023\/06\/Mondays-Love-Jaap-Hartman-bronze-165-x-100-x-10-cm-200x209.jpg 200w, https:\/\/gallerymcsorley.com\/wp-content\/uploads\/2023\/06\/Mondays-Love-Jaap-Hartman-bronze-165-x-100-x-10-cm-978x1024.jpg 978w, https:\/\/gallerymcsorley.com\/wp-content\/uploads\/2023\/06\/Mondays-Love-Jaap-Hartman-bronze-165-x-100-x-10-cm-768x804.jpg 768w, https:\/\/gallerymcsorley.com\/wp-content\/uploads\/2023\/06\/Mondays-Love-Jaap-Hartman-bronze-165-x-100-x-10-cm.jpg 1337w\" sizes=\"(max-width: 287px) 100vw, 287px\" \/><\/p>","protected":false},"excerpt":{"rendered":"<p>Brons Graniet, Maandag's Liefde\/Maandags' Liefde, 165 x 100 x 10 cm<\/p>\n<p>Meer dan vijftig jaar nadat beeldhouwer en bronsgieter Jaap Hartman (NL 1950)<br \/>\nvoltooide zijn studie aan de Nationale Academie voor Schone Kunsten in Amsterdam<br \/>\nen de Rotterdamse Academie voor Beeldende Kunsten is zijn oeuvre actueel en bloeiend. Zijn<br \/>\nfiguratieve sculpturen laten zien dat hij trouw is aan de ruimtelijke basisconcepten terwijl hij<br \/>\ninterpreteert de natuurlijke wereld met een twist. Hartmans grillige wezens weerspiegelen een<br \/>\nmagische interpretatie van de natuurlijke wereld, die zowel amusement als<br \/>\nvertedering in de weergave van de menselijke natuur of de harige en gevederde vrienden. Jaap<br \/>\nHartman vindt inspiratie in het principe: \"De natuur is de moeder van alle kunsten\".<\/p>\n<p>Jaap Hartman (Pays-Bas, 1950), sculpteur et ma\u00eetre bronzier n\u00e9erlandais. Hij woont<br \/>\nzijn inspiratie in het principe: \"De natuur is de moeder van alle kunsten\". En daarom<br \/>\nde manier waarop hij fantasierijk en nogal realistisch te werk gaat, zijn beeldhouwwerken<br \/>\nadem de dr\u00f4les de pens\u00e9es qui semblent s'\u00e9chapper du bronze. Apr\u00e8s 50 ans \u00e0<br \/>\nzijn kunst te beoefenen, lijkt hij nog meer plezier te beleven dan ooit aan het cre\u00ebren van deze<br \/>\nhumoristische sensaties in duurzame beelden die de aandacht trekken. Beelden<br \/>\nunieke werken van Jaap Hartman sieren openbare, commerci\u00eble en priv\u00e9collecties<br \/>\ndu monde entier.<\/p>\n<p><b>Jaap Hartman<\/b>\u00a0(1950, Nederland) is beeldhouwer en bronsgieter. Hij volgde zijn opleiding aan de Academie van Beeldende Kunsten in Rotterdam en aan de Rijksacademie van Amsterdam.  Deze opleidingen legden de basis voor zijn artistieke ontwikkeling en zijn technisch vakmanschap. In Rotterdam kreeg hij o.a. les van Arie Teeuwissen (beeldhouwen) en Gijs Voskuyl (tekenen).  In Amsterdam waren het de gerenommeerde hoogleraren Paul Gregoire en Piet Esser die hem de principes van de beeldhouwkunst bijbrachten. Zijn figuratieve beelden laten zien dat hij trouw blijft aan de basisgedachte dat beeldhouwen werken in en met de ruimte is. Werkend van binnen naar buiten krijgt de vorm langzamerhand gestalte. Portretten zijn altijd een belangrijk onderwerp geweest voor Jaap Hartman. Ook hier is zijn werkwijze een langzaam opbouwen van binnenuit totdat hij is aangekomen bij de buitenkant, de huid.  Op dat moment heeft het beeld zijn definitieve vorm en expressie verkregen en wordt er niet meer aan geschaafd. Daarna volgt de technisch complexe fase van het maken van de mal en het gieten van het brons, het afwerken en patineren. Als bronsgieter kan Jaap Hartman dit hele proces in eigen hand houden.<\/p>","protected":false},"featured_media":6628,"template":"","meta":[],"product_brand":[],"product_cat":[135],"product_tag":[91],"class_list":{"0":"post-6627","1":"product","2":"type-product","3":"status-publish","4":"has-post-thumbnail","6":"product_cat-jaap-hartman","7":"product_tag-hartman","9":"first","10":"instock","11":"shipping-taxable","12":"purchasable","13":"product-type-simple"},"yoast_head":"<!-- This site is optimized with the Yoast SEO Premium plugin v21.1 (Yoast SEO v27.3) - https:\/\/yoast.com\/product\/yoast-seo-premium-wordpress\/ -->\n<title>Mondays&#039; love - Gallery McSorley<\/title>\n<meta name=\"robots\" content=\"index, follow, max-snippet:-1, max-image-preview:large, max-video-preview:-1\" \/>\n<link rel=\"canonical\" href=\"https:\/\/gallerymcsorley.com\/nl\/product\/maandag-liefde\/\" \/>\n<meta property=\"og:locale\" content=\"nl_NL\" \/>\n<meta property=\"og:type\" content=\"article\" \/>\n<meta property=\"og:title\" content=\"Mondays&#039; love\" \/>\n<meta property=\"og:description\" content=\"Bronze Granite, Monday&#039;s Love\/Maandags&#039; Liefde, 165 x 100 x 10 cm  More than fifty years after sculptor and bronze caster Jaap Hartman (NL 1950) completed his graduate studies at the National Academy of Fine Arts in Amsterdam and the Rotterdam Academy of Fine Arts is his oeuvre actual and prospering. His figurative sculptures show that he is faithful to the basic spatial concepts while he interprets the natural world with a twist. Hartman&#039;s whimsical creatures reflect a magical interpretation of the natural world, invoking both amusement and endearment in the depiction of human nature or the furry and feathered friends. Jaap Hartman finds inspiration from the tenet; &quot;Nature is the mother of all arts&quot;.  Jaap Hartman (Pays-Bas, 1950), sculpteur et ma\u00eetre bronzier n\u00e9erlandais. Il trouve son inspiration dans le principe : \u00ab La nature est la m\u00e8re de tous les arts \u00bb. En raison de sa fa\u00e7on imaginative et quelque peu surr\u00e9aliste de travailler, ses sculptures respirent de dr\u00f4les de pens\u00e9es qui semblent s\u2019\u00e9chapper du bronze. Apr\u00e8s 50 ans \u00e0 pratiquer son art, il semble trouver encore plus de plaisir que jamais \u00e0 cr\u00e9er ces sensations humoristiques dans des images durables qui font sourire. Les sculptures uniques de Jaap Hartman ornent les collections publiques, commerciales et priv\u00e9es du monde entier.  Jaap Hartman\u00a0(1950, Nederland) is beeldhouwer en bronsgieter. Hij volgde\u00a0zijn opleiding aan de Academie van Beeldende Kunsten in\u00a0Rotterdam en aan de Rijksacademie van Amsterdam.\u00a0\u00a0Deze opleidingen legden de basis voor zijn artistieke ontwikkeling\u00a0en zijn technisch vakmanschap. In Rotterdam kreeg hij o.a. les\u00a0van Arie Teeuwissen (beeldhouwen) en Gijs Voskuyl (tekenen).\u00a0 In Amsterdam waren het de gerenommeerde hoogleraren Paul Gregoire en Piet Esser die hem de principes van de\u00a0beeldhouwkunst bijbrachten. Zijn figuratieve beelden laten zien\u00a0dat hij trouw blijft aan de basisgedachte dat beeldhouwen werken\u00a0in en met de ruimte is. Werkend van binnen naar buiten krijgt de\u00a0vorm langzamerhand gestalte. Portretten zijn altijd een belangrijk\u00a0onderwerp geweest voor Jaap Hartman. Ook hier is zijn werkwijze een langzaam opbouwen van\u00a0binnenuit totdat hij is aangekomen bij de buitenkant, de huid.\u00a0 Op dat moment\u00a0heeft het beeld zijn definitieve vorm en expressie verkregen en wordt er\u00a0niet meer aan geschaafd. Daarna volgt de technisch complexe fase\u00a0van het maken van de mal en het gieten van het brons, het afwerken\u00a0en patineren. Als bronsgieter kan Jaap Hartman dit hele proces in eigen hand houden.\" \/>\n<meta property=\"og:url\" content=\"https:\/\/gallerymcsorley.com\/nl\/product\/maandag-liefde\/\" \/>\n<meta property=\"og:site_name\" content=\"Gallery McSorley\" \/>\n<meta property=\"article:modified_time\" content=\"2023-09-08T12:52:51+00:00\" \/>\n<meta property=\"og:image\" content=\"https:\/\/gallerymcsorley.com\/wp-content\/uploads\/2023\/06\/Mondays-Love-Jaap-Hartman-bronze-165-x-100-x-10-cm.jpg\" \/>\n\t<meta property=\"og:image:width\" content=\"1337\" \/>\n\t<meta property=\"og:image:height\" content=\"1400\" \/>\n\t<meta property=\"og:image:type\" content=\"image\/jpeg\" \/>\n<meta name=\"twitter:card\" content=\"summary_large_image\" \/>\n<meta name=\"twitter:label1\" content=\"Geschatte leestijd\" \/>\n\t<meta name=\"twitter:data1\" content=\"1 minuut\" \/>\n<script type=\"application\/ld+json\" class=\"yoast-schema-graph\">{\"@context\":\"https:\\\/\\\/schema.org\",\"@graph\":[{\"@type\":\"WebPage\",\"@id\":\"https:\\\/\\\/gallerymcsorley.com\\\/product\\\/mondays-love\\\/\",\"url\":\"https:\\\/\\\/gallerymcsorley.com\\\/product\\\/mondays-love\\\/\",\"name\":\"Mondays' love - Gallery McSorley\",\"isPartOf\":{\"@id\":\"https:\\\/\\\/gallerymcsorley.com\\\/#website\"},\"primaryImageOfPage\":{\"@id\":\"https:\\\/\\\/gallerymcsorley.com\\\/product\\\/mondays-love\\\/#primaryimage\"},\"image\":{\"@id\":\"https:\\\/\\\/gallerymcsorley.com\\\/product\\\/mondays-love\\\/#primaryimage\"},\"thumbnailUrl\":\"https:\\\/\\\/gallerymcsorley.com\\\/wp-content\\\/uploads\\\/2023\\\/06\\\/Mondays-Love-Jaap-Hartman-bronze-165-x-100-x-10-cm.jpg\",\"datePublished\":\"2023-06-04T13:29:40+00:00\",\"dateModified\":\"2023-09-08T12:52:51+00:00\",\"breadcrumb\":{\"@id\":\"https:\\\/\\\/gallerymcsorley.com\\\/product\\\/mondays-love\\\/#breadcrumb\"},\"inLanguage\":\"nl-NL\",\"potentialAction\":[{\"@type\":\"ReadAction\",\"target\":[\"https:\\\/\\\/gallerymcsorley.com\\\/product\\\/mondays-love\\\/\"]}]},{\"@type\":\"ImageObject\",\"inLanguage\":\"nl-NL\",\"@id\":\"https:\\\/\\\/gallerymcsorley.com\\\/product\\\/mondays-love\\\/#primaryimage\",\"url\":\"https:\\\/\\\/gallerymcsorley.com\\\/wp-content\\\/uploads\\\/2023\\\/06\\\/Mondays-Love-Jaap-Hartman-bronze-165-x-100-x-10-cm.jpg\",\"contentUrl\":\"https:\\\/\\\/gallerymcsorley.com\\\/wp-content\\\/uploads\\\/2023\\\/06\\\/Mondays-Love-Jaap-Hartman-bronze-165-x-100-x-10-cm.jpg\",\"width\":1337,\"height\":1400},{\"@type\":\"BreadcrumbList\",\"@id\":\"https:\\\/\\\/gallerymcsorley.com\\\/product\\\/mondays-love\\\/#breadcrumb\",\"itemListElement\":[{\"@type\":\"ListItem\",\"position\":1,\"name\":\"Home\",\"item\":\"https:\\\/\\\/gallerymcsorley.com\\\/\"},{\"@type\":\"ListItem\",\"position\":2,\"name\":\"Producten\",\"item\":\"https:\\\/\\\/gallerymcsorley.com\\\/shop\\\/\"},{\"@type\":\"ListItem\",\"position\":3,\"name\":\"Mondays&#8217; love\"}]},{\"@type\":\"WebSite\",\"@id\":\"https:\\\/\\\/gallerymcsorley.com\\\/#website\",\"url\":\"https:\\\/\\\/gallerymcsorley.com\\\/\",\"name\":\"Gallery McSorley\",\"description\":\"Art Gallery\",\"potentialAction\":[{\"@type\":\"SearchAction\",\"target\":{\"@type\":\"EntryPoint\",\"urlTemplate\":\"https:\\\/\\\/gallerymcsorley.com\\\/?s={search_term_string}\"},\"query-input\":{\"@type\":\"PropertyValueSpecification\",\"valueRequired\":true,\"valueName\":\"search_term_string\"}}],\"inLanguage\":\"nl-NL\"}]}<\/script>\n<!-- \/ Yoast SEO Premium plugin. -->","yoast_head_json":{"title":"Liefde voor de maandag - Gallery McSorley","robots":{"index":"index","follow":"follow","max-snippet":"max-snippet:-1","max-image-preview":"max-image-preview:large","max-video-preview":"max-video-preview:-1"},"canonical":"https:\/\/gallerymcsorley.com\/nl\/product\/maandag-liefde\/","og_locale":"nl_NL","og_type":"article","og_title":"Mondays' love","og_description":"Bronze Granite, Monday's Love\/Maandags' Liefde, 165 x 100 x 10 cm  More than fifty years after sculptor and bronze caster Jaap Hartman (NL 1950) completed his graduate studies at the National Academy of Fine Arts in Amsterdam and the Rotterdam Academy of Fine Arts is his oeuvre actual and prospering. His figurative sculptures show that he is faithful to the basic spatial concepts while he interprets the natural world with a twist. Hartman's whimsical creatures reflect a magical interpretation of the natural world, invoking both amusement and endearment in the depiction of human nature or the furry and feathered friends. Jaap Hartman finds inspiration from the tenet; \"Nature is the mother of all arts\".  Jaap Hartman (Pays-Bas, 1950), sculpteur et ma\u00eetre bronzier n\u00e9erlandais. Il trouve son inspiration dans le principe : \u00ab La nature est la m\u00e8re de tous les arts \u00bb. En raison de sa fa\u00e7on imaginative et quelque peu surr\u00e9aliste de travailler, ses sculptures respirent de dr\u00f4les de pens\u00e9es qui semblent s\u2019\u00e9chapper du bronze. Apr\u00e8s 50 ans \u00e0 pratiquer son art, il semble trouver encore plus de plaisir que jamais \u00e0 cr\u00e9er ces sensations humoristiques dans des images durables qui font sourire. Les sculptures uniques de Jaap Hartman ornent les collections publiques, commerciales et priv\u00e9es du monde entier.  Jaap Hartman\u00a0(1950, Nederland) is beeldhouwer en bronsgieter. Hij volgde\u00a0zijn opleiding aan de Academie van Beeldende Kunsten in\u00a0Rotterdam en aan de Rijksacademie van Amsterdam.\u00a0\u00a0Deze opleidingen legden de basis voor zijn artistieke ontwikkeling\u00a0en zijn technisch vakmanschap. In Rotterdam kreeg hij o.a. les\u00a0van Arie Teeuwissen (beeldhouwen) en Gijs Voskuyl (tekenen).\u00a0 In Amsterdam waren het de gerenommeerde hoogleraren Paul Gregoire en Piet Esser die hem de principes van de\u00a0beeldhouwkunst bijbrachten. Zijn figuratieve beelden laten zien\u00a0dat hij trouw blijft aan de basisgedachte dat beeldhouwen werken\u00a0in en met de ruimte is. Werkend van binnen naar buiten krijgt de\u00a0vorm langzamerhand gestalte. Portretten zijn altijd een belangrijk\u00a0onderwerp geweest voor Jaap Hartman. Ook hier is zijn werkwijze een langzaam opbouwen van\u00a0binnenuit totdat hij is aangekomen bij de buitenkant, de huid.\u00a0 Op dat moment\u00a0heeft het beeld zijn definitieve vorm en expressie verkregen en wordt er\u00a0niet meer aan geschaafd. Daarna volgt de technisch complexe fase\u00a0van het maken van de mal en het gieten van het brons, het afwerken\u00a0en patineren. Als bronsgieter kan Jaap Hartman dit hele proces in eigen hand houden.","og_url":"https:\/\/gallerymcsorley.com\/nl\/product\/maandag-liefde\/","og_site_name":"Gallery McSorley","article_modified_time":"2023-09-08T12:52:51+00:00","og_image":[{"width":1337,"height":1400,"url":"https:\/\/gallerymcsorley.com\/wp-content\/uploads\/2023\/06\/Mondays-Love-Jaap-Hartman-bronze-165-x-100-x-10-cm.jpg","type":"image\/jpeg"}],"twitter_card":"summary_large_image","twitter_misc":{"Geschatte leestijd":"1 minuut"},"schema":{"@context":"https:\/\/schema.org","@graph":[{"@type":"WebPage","@id":"https:\/\/gallerymcsorley.com\/product\/mondays-love\/","url":"https:\/\/gallerymcsorley.com\/product\/mondays-love\/","name":"Liefde voor de maandag - Gallery McSorley","isPartOf":{"@id":"https:\/\/gallerymcsorley.com\/#website"},"primaryImageOfPage":{"@id":"https:\/\/gallerymcsorley.com\/product\/mondays-love\/#primaryimage"},"image":{"@id":"https:\/\/gallerymcsorley.com\/product\/mondays-love\/#primaryimage"},"thumbnailUrl":"https:\/\/gallerymcsorley.com\/wp-content\/uploads\/2023\/06\/Mondays-Love-Jaap-Hartman-bronze-165-x-100-x-10-cm.jpg","datePublished":"2023-06-04T13:29:40+00:00","dateModified":"2023-09-08T12:52:51+00:00","breadcrumb":{"@id":"https:\/\/gallerymcsorley.com\/product\/mondays-love\/#breadcrumb"},"inLanguage":"nl-NL","potentialAction":[{"@type":"ReadAction","target":["https:\/\/gallerymcsorley.com\/product\/mondays-love\/"]}]},{"@type":"ImageObject","inLanguage":"nl-NL","@id":"https:\/\/gallerymcsorley.com\/product\/mondays-love\/#primaryimage","url":"https:\/\/gallerymcsorley.com\/wp-content\/uploads\/2023\/06\/Mondays-Love-Jaap-Hartman-bronze-165-x-100-x-10-cm.jpg","contentUrl":"https:\/\/gallerymcsorley.com\/wp-content\/uploads\/2023\/06\/Mondays-Love-Jaap-Hartman-bronze-165-x-100-x-10-cm.jpg","width":1337,"height":1400},{"@type":"BreadcrumbList","@id":"https:\/\/gallerymcsorley.com\/product\/mondays-love\/#breadcrumb","itemListElement":[{"@type":"ListItem","position":1,"name":"Home","item":"https:\/\/gallerymcsorley.com\/"},{"@type":"ListItem","position":2,"name":"Producten","item":"https:\/\/gallerymcsorley.com\/shop\/"},{"@type":"ListItem","position":3,"name":"Mondays&#8217; love"}]},{"@type":"WebSite","@id":"https:\/\/gallerymcsorley.com\/#website","url":"https:\/\/gallerymcsorley.com\/","name":"Galerij McSorley","description":"Kunstgalerie","potentialAction":[{"@type":"SearchAction","target":{"@type":"EntryPoint","urlTemplate":"https:\/\/gallerymcsorley.com\/?s={search_term_string}"},"query-input":{"@type":"PropertyValueSpecification","valueRequired":true,"valueName":"search_term_string"}}],"inLanguage":"nl-NL"}]}},"_links":{"self":[{"href":"https:\/\/gallerymcsorley.com\/nl\/wp-json\/wp\/v2\/product\/6627","targetHints":{"allow":["GET"]}}],"collection":[{"href":"https:\/\/gallerymcsorley.com\/nl\/wp-json\/wp\/v2\/product"}],"about":[{"href":"https:\/\/gallerymcsorley.com\/nl\/wp-json\/wp\/v2\/types\/product"}],"wp:featuredmedia":[{"embeddable":true,"href":"https:\/\/gallerymcsorley.com\/nl\/wp-json\/wp\/v2\/media\/6628"}],"wp:attachment":[{"href":"https:\/\/gallerymcsorley.com\/nl\/wp-json\/wp\/v2\/media?parent=6627"}],"wp:term":[{"taxonomy":"product_brand","embeddable":true,"href":"https:\/\/gallerymcsorley.com\/nl\/wp-json\/wp\/v2\/product_brand?post=6627"},{"taxonomy":"product_cat","embeddable":true,"href":"https:\/\/gallerymcsorley.com\/nl\/wp-json\/wp\/v2\/product_cat?post=6627"},{"taxonomy":"product_tag","embeddable":true,"href":"https:\/\/gallerymcsorley.com\/nl\/wp-json\/wp\/v2\/product_tag?post=6627"}],"curies":[{"name":"wp","href":"https:\/\/api.w.org\/{rel}","templated":true}]}}