{"id":6631,"date":"2023-06-04T13:43:00","date_gmt":"2023-06-04T13:43:00","guid":{"rendered":"https:\/\/gallerymcsorley.com\/?post_type=product&#038;p=6631"},"modified":"2023-09-08T13:28:22","modified_gmt":"2023-09-08T13:28:22","slug":"splash-7","status":"publish","type":"product","link":"https:\/\/gallerymcsorley.com\/nl\/product\/splash-7\/","title":{"rendered":"Spetter 7"},"content":{"rendered":"<p><img fetchpriority=\"high\" decoding=\"async\" class=\"alignnone size-medium wp-image-6632\" src=\"https:\/\/gallerymcsorley.com\/wp-content\/uploads\/2023\/06\/Splash-6-197x300.jpg\" alt=\"\" width=\"197\" height=\"300\" srcset=\"https:\/\/gallerymcsorley.com\/wp-content\/uploads\/2023\/06\/Splash-6-197x300.jpg 197w, https:\/\/gallerymcsorley.com\/wp-content\/uploads\/2023\/06\/Splash-6-200x305.jpg 200w, https:\/\/gallerymcsorley.com\/wp-content\/uploads\/2023\/06\/Splash-6-672x1024.jpg 672w, https:\/\/gallerymcsorley.com\/wp-content\/uploads\/2023\/06\/Splash-6.jpg 730w\" sizes=\"(max-width: 197px) 100vw, 197px\" \/><\/p>","protected":false},"excerpt":{"rendered":"<p>Acryl op doek, 120 x 80 cm<\/p>\n<p><b>Hannelore Houdijk<\/b><span style=\"font-weight: 400;\"> (1975) studeerde in 1997 af aan de kunstacademie in Breda en studeerde in 2000 af aan het Nederlands Kunstinstituut in Enschede (Master of Fine Arts, een internationale postdoctorale opleiding). Ze heeft ge\u00ebxposeerd in China, Itali\u00eb, Frankrijk, Duitsland, Bulgarije, Tsjechi\u00eb en op verschillende plaatsen in Nederland. In haar atelier in Huizen maakt Hannelore realistische, kleurrijke en intense schilderijen. Haar stillevens zijn ge\u00efnspireerd op het werk van kunstenaars uit de Gouden Eeuw. Hannelore over haar werk: 'Mijn stillevens zijn nieuwe versies van schilderijen uit de 17e eeuw, waarbij ik de bijzondere sfeer behoud en de beleving intensiveer. Ik zoom meer in op het onderwerp dan gebruikelijk is bij traditionele schilderijen, waardoor de compositie spannender wordt, meer aandacht vraagt en een impact krijgt. Het schilderij lijkt groter dan de werkelijke afmetingen van het doek. De kleuren zijn levendig en intens, waardoor ze meer aanspreken. Licht speelt ook een belangrijke rol.<\/span><\/p>\n<p><strong>Hannelore Houdijk<\/strong> afgestudeerd aan de kunstacademie St. Joost in Breda en deed daarna een masteropleiding aan het Dutch Art Instituut in Enschede. Haar enthousiasme voor het schilderen bracht haar naar China, waar ze in 2001 exposeerde. Er volgden verschillende projecten en exposities in diverse landen en in 2003 ontving ze een startstipendium. In 2019 won ze de landelijke wedstrijd 'Schilderij van het jaar' met haar schilderij 'Theepot in het water'. Hannelore reeks 'Servies in Water' bevat symbolen van ons tijdelijk bestaan, net als de Nederlandse stillevens uit de 16-17 eeuw. Deze z.g. Vanitas stillevens werden geschilderd om de mens te herinneren aan zijn sterfelijke natuur en het eind van al ons aardse plezier. Toen werden kostbare objecten geschilderd als symbool van de vruchteloosheid van het aardse leven. Dit kun je eveneens ervaren in de schilderijen van Hannelore, maar met een moderne swing.<\/p>\n<p>Hannelore over haar werk:\u00a0<em>Ik maak eerst foto's voor mijn stillevens en ga dan schilderen.<\/em>\u00a0<em>Bij mijn laatste serie schilderijen heb ik alledaags servies buiten in de natuur in het water gelegd en gefotografeerd. De composities die daarbij ontstonden werden op een prachtige manier vervormd door het water en het zonlicht. En die foto's vormen de basis voor mijn schilderijen.'<\/em>\u00a0Hannelore heeft een eigen manier van schilderen ontwikkeld; van veraf lijkt het werk fotorealistisch, van dichtbij is het grof en zie je duidelijk de verftoetsen. Het werk komt zo in beweging en ziet er steeds anders uit.<\/p>\n<p>Hannelore Houdijk (Pays-Bas, 1975) is diplomate de l'acad\u00e9mie des beaux-arts de<br \/>\nBreda ainsi que du Dutch Art Institut d'Enschede (Master of Fine Arts, cursus<br \/>\ninternational de troisi\u00e8me cycle). Zijn enthousiasme voor de schilderkunst is te danken aan<br \/>\nexposer en Chine, en Italie, en France, en Allemagne, en Bulgarie, en R\u00e9publique<br \/>\ntch\u00e8que en in diverse gebieden in Pays-Bas. Hannelore maakt schilderijen<br \/>\nsurr\u00e9alistes, color\u00e9es et intenses souvent des natures mortes, inspir\u00e9es du travail des<br \/>\nnationale artiesten van het tijdperk van de or. Hannelore over haar werk: \" Mes natures<br \/>\nmortes zijn versies uit dezelfde tijd van de schilderijen van de Vanit\u00e9 uit de 17e eeuw,<br \/>\nwaarin ik de bijzondere atmosfeer behoud om de ervaring te intensiveren. Ik<br \/>\nzoome davantage sur le sujet que dans les peintures traditionnelles, rendant ainsi la<br \/>\nmeer overtuigende compositie die meer aandacht trekt. Het tafereel lijkt meer<br \/>\ngroter dan de afmetingen van het textiel. De kleuren zijn levendig en intens, wat<br \/>\nmeer aandacht. La lumi\u00e8re joue \u00e9galement un r\u00f4le important \". En 2019,<br \/>\nHannelore heeft de nationale wedstrijd 'Peinture de l'ann\u00e9e' gewonnen met haar tableau<br \/>\nTh\u00e9i\u00e8re dans l'eau'.<\/p>","protected":false},"featured_media":6632,"template":"","meta":[],"product_brand":[],"product_cat":[146],"product_tag":[105],"class_list":{"0":"post-6631","1":"product","2":"type-product","3":"status-publish","4":"has-post-thumbnail","6":"product_cat-hannelore-houdijk","7":"product_tag-houdijk","9":"first","10":"instock","11":"shipping-taxable","12":"purchasable","13":"product-type-simple"},"yoast_head":"<!-- This site is optimized with the Yoast SEO Premium plugin v21.1 (Yoast SEO v27.4) - https:\/\/yoast.com\/product\/yoast-seo-premium-wordpress\/ -->\n<title>Splash 7 - Gallery McSorley<\/title>\n<meta name=\"robots\" content=\"index, follow, max-snippet:-1, max-image-preview:large, max-video-preview:-1\" \/>\n<link rel=\"canonical\" href=\"https:\/\/gallerymcsorley.com\/nl\/product\/splash-7\/\" \/>\n<meta property=\"og:locale\" content=\"nl_NL\" \/>\n<meta property=\"og:type\" content=\"article\" \/>\n<meta property=\"og:title\" content=\"Splash 7\" \/>\n<meta property=\"og:description\" content=\"Acrylic on canvas, 120 x 80 cm  Hannelore Houdijk (1975) graduated from the art academy in Breda in 1997 and graduated from the Dutch Art Institute in Enschede in 2000 (Master of Fine Arts, a postgraduate international course). She has exhibited in China, Italy, France, Germany, Bulgaria, the Czech Republic, and in various places in the Netherlands. In her studio in Huizen, Hannelore makes realistic, colorful, and intense paintings. Her still lifes are inspired by the work of the Golden Age artists. Hannelore about her work: &#039;My still lifes are new versions of paintings from the 17th century, whereby I maintain the special atmosphere and intensify the experience. I zoom in more on the subject than is usual with traditional paintings, which makes the composition more exciting, requires more attention, and gets an impact. The painting appears larger than the actual dimensions of the canvas. The colors are vivid and intense, which makes them more appealing. Light also plays an important role.  Hannelore Houdijk afgestudeerd aan de kunstacademie St. Joost in Breda en deed daarna een masteropleiding aan de Dutch Art Instituut in Enschede. Haar enthousiasme voor het schilderen bracht haar naar China, waar ze in 2001\u00a0exposeerde. Er volgden verschillende projecten en exposities in diverse landen en in\u00a02003 ontving ze een startstipendium. In 2019 won ze de landelijke wedstrijd \u2018Schilderij van het jaar\u201d met haar schilderij \u2018Theepot in het water\u2019.\u00a0Hannelore\u00a0reeks \u2018Servies in Water\u2019 bevat symbolen van ons tijdelijk bestaan, net als de Nederlandse stillevens uit de 16-17 eeuw. Deze z.g. Vanitas stillevens werden geschilderd om de mens te herinneren aan zijn sterfelijke natuur en het eind van al ons aardse plezier. Toen werden kostbare objecten geschilderd als symbool van de vruchteloosheid van het aardse leven. Dit kun je eveneens ervaren in de schilderijen van Hannelore, maar met een moderne swing.  Hannelore over haar werk:\u00a0\u2018Ik maak eerst foto\u2019s voor mijn stillevens en ga dan schilderen.\u00a0Bij mijn laatste serie schilderijen heb ik alledaags servies buiten in de natuur in het water gelegd en gefotografeerd. De composities die daarbij ontstonden werden op een prachtige manier vervormd door het water en het zonlicht. En die foto\u2019s vormen de basis voor mijn schilderijen.\u2019\u00a0Hannelore heeft een eigen manier van schilderen ontwikkeld; van veraf lijkt het werk fotorealistisch, van dichtbij is het grof en zie je duidelijk de verftoetsen. Het werk komt zo in beweging en ziet er steeds anders uit.  Hannelore Houdijk (Pays-Bas, 1975) est dipl\u00f4m\u00e9e de l&#039;acad\u00e9mie des beaux-arts de Breda ainsi que du Dutch Art Institut d\u2019Enschede (Master of Fine Arts, cursus international de troisi\u00e8me cycle). Son enthousiasme pour la peinture l&#039;am\u00e8ne \u00e0 exposer en Chine, en Italie, en France, en Allemagne, en Bulgarie, en R\u00e9publique tch\u00e8que et dans divers endroits aux Pays-Bas. Hannelore r\u00e9alise des peintures surr\u00e9alistes, color\u00e9es et intenses souvent des natures mortes, inspir\u00e9es du travail des artistes n\u00e9erlandais de l&#039;\u00c2ge d&#039;or. Hannelore \u00e0 propos de son travail : \u00ab Mes natures mortes sont des versions contemporaines de peintures de la Vanit\u00e9 du XVIIe si\u00e8cle, dans lesquelles je maintiens l&#039;atmosph\u00e8re particuli\u00e8re pour intensifier l&#039;exp\u00e9rience. Je zoome davantage sur le sujet que dans les peintures traditionnelles, rendant ainsi la composition plus convaincante, impactant plus l&#039;attention. Le tableau appara\u00eet plus grand que les dimensions r\u00e9elles de la toile. Les couleurs sont vives et intenses, ce qui les rend plus attrayantes. La lumi\u00e8re joue \u00e9galement un r\u00f4le important \u00bb. En 2019, Hannelore a remport\u00e9 le concours national &#039;Peinture de l&#039;ann\u00e9e&#039; avec son tableau &#039;Th\u00e9i\u00e8re dans l&#039;eau&#039;.\" \/>\n<meta property=\"og:url\" content=\"https:\/\/gallerymcsorley.com\/nl\/product\/splash-7\/\" \/>\n<meta property=\"og:site_name\" content=\"Gallery McSorley\" \/>\n<meta property=\"article:modified_time\" content=\"2023-09-08T13:28:22+00:00\" \/>\n<meta property=\"og:image\" content=\"https:\/\/gallerymcsorley.com\/wp-content\/uploads\/2023\/06\/Splash-6.jpg\" \/>\n\t<meta property=\"og:image:width\" content=\"730\" \/>\n\t<meta property=\"og:image:height\" content=\"1113\" \/>\n\t<meta property=\"og:image:type\" content=\"image\/jpeg\" \/>\n<meta name=\"twitter:card\" content=\"summary_large_image\" \/>\n<meta name=\"twitter:label1\" content=\"Geschatte leestijd\" \/>\n\t<meta name=\"twitter:data1\" content=\"1 minuut\" \/>\n<script type=\"application\/ld+json\" class=\"yoast-schema-graph\">{\"@context\":\"https:\\\/\\\/schema.org\",\"@graph\":[{\"@type\":\"WebPage\",\"@id\":\"https:\\\/\\\/gallerymcsorley.com\\\/product\\\/splash-7\\\/\",\"url\":\"https:\\\/\\\/gallerymcsorley.com\\\/product\\\/splash-7\\\/\",\"name\":\"Splash 7 - Gallery McSorley\",\"isPartOf\":{\"@id\":\"https:\\\/\\\/gallerymcsorley.com\\\/#website\"},\"primaryImageOfPage\":{\"@id\":\"https:\\\/\\\/gallerymcsorley.com\\\/product\\\/splash-7\\\/#primaryimage\"},\"image\":{\"@id\":\"https:\\\/\\\/gallerymcsorley.com\\\/product\\\/splash-7\\\/#primaryimage\"},\"thumbnailUrl\":\"https:\\\/\\\/gallerymcsorley.com\\\/wp-content\\\/uploads\\\/2023\\\/06\\\/Splash-6.jpg\",\"datePublished\":\"2023-06-04T13:43:00+00:00\",\"dateModified\":\"2023-09-08T13:28:22+00:00\",\"breadcrumb\":{\"@id\":\"https:\\\/\\\/gallerymcsorley.com\\\/product\\\/splash-7\\\/#breadcrumb\"},\"inLanguage\":\"nl-NL\",\"potentialAction\":[{\"@type\":\"ReadAction\",\"target\":[\"https:\\\/\\\/gallerymcsorley.com\\\/product\\\/splash-7\\\/\"]}]},{\"@type\":\"ImageObject\",\"inLanguage\":\"nl-NL\",\"@id\":\"https:\\\/\\\/gallerymcsorley.com\\\/product\\\/splash-7\\\/#primaryimage\",\"url\":\"https:\\\/\\\/gallerymcsorley.com\\\/wp-content\\\/uploads\\\/2023\\\/06\\\/Splash-6.jpg\",\"contentUrl\":\"https:\\\/\\\/gallerymcsorley.com\\\/wp-content\\\/uploads\\\/2023\\\/06\\\/Splash-6.jpg\",\"width\":730,\"height\":1113},{\"@type\":\"BreadcrumbList\",\"@id\":\"https:\\\/\\\/gallerymcsorley.com\\\/product\\\/splash-7\\\/#breadcrumb\",\"itemListElement\":[{\"@type\":\"ListItem\",\"position\":1,\"name\":\"Home\",\"item\":\"https:\\\/\\\/gallerymcsorley.com\\\/\"},{\"@type\":\"ListItem\",\"position\":2,\"name\":\"Producten\",\"item\":\"https:\\\/\\\/gallerymcsorley.com\\\/shop\\\/\"},{\"@type\":\"ListItem\",\"position\":3,\"name\":\"Splash 7\"}]},{\"@type\":\"WebSite\",\"@id\":\"https:\\\/\\\/gallerymcsorley.com\\\/#website\",\"url\":\"https:\\\/\\\/gallerymcsorley.com\\\/\",\"name\":\"Gallery McSorley\",\"description\":\"Art Gallery\",\"potentialAction\":[{\"@type\":\"SearchAction\",\"target\":{\"@type\":\"EntryPoint\",\"urlTemplate\":\"https:\\\/\\\/gallerymcsorley.com\\\/?s={search_term_string}\"},\"query-input\":{\"@type\":\"PropertyValueSpecification\",\"valueRequired\":true,\"valueName\":\"search_term_string\"}}],\"inLanguage\":\"nl-NL\"}]}<\/script>\n<!-- \/ Yoast SEO Premium plugin. -->","yoast_head_json":{"title":"Splash 7 - Galerij McSorley","robots":{"index":"index","follow":"follow","max-snippet":"max-snippet:-1","max-image-preview":"max-image-preview:large","max-video-preview":"max-video-preview:-1"},"canonical":"https:\/\/gallerymcsorley.com\/nl\/product\/splash-7\/","og_locale":"nl_NL","og_type":"article","og_title":"Splash 7","og_description":"Acrylic on canvas, 120 x 80 cm  Hannelore Houdijk (1975) graduated from the art academy in Breda in 1997 and graduated from the Dutch Art Institute in Enschede in 2000 (Master of Fine Arts, a postgraduate international course). She has exhibited in China, Italy, France, Germany, Bulgaria, the Czech Republic, and in various places in the Netherlands. In her studio in Huizen, Hannelore makes realistic, colorful, and intense paintings. Her still lifes are inspired by the work of the Golden Age artists. Hannelore about her work: 'My still lifes are new versions of paintings from the 17th century, whereby I maintain the special atmosphere and intensify the experience. I zoom in more on the subject than is usual with traditional paintings, which makes the composition more exciting, requires more attention, and gets an impact. The painting appears larger than the actual dimensions of the canvas. The colors are vivid and intense, which makes them more appealing. Light also plays an important role.  Hannelore Houdijk afgestudeerd aan de kunstacademie St. Joost in Breda en deed daarna een masteropleiding aan de Dutch Art Instituut in Enschede. Haar enthousiasme voor het schilderen bracht haar naar China, waar ze in 2001\u00a0exposeerde. Er volgden verschillende projecten en exposities in diverse landen en in\u00a02003 ontving ze een startstipendium. In 2019 won ze de landelijke wedstrijd \u2018Schilderij van het jaar\u201d met haar schilderij \u2018Theepot in het water\u2019.\u00a0Hannelore\u00a0reeks \u2018Servies in Water\u2019 bevat symbolen van ons tijdelijk bestaan, net als de Nederlandse stillevens uit de 16-17 eeuw. Deze z.g. Vanitas stillevens werden geschilderd om de mens te herinneren aan zijn sterfelijke natuur en het eind van al ons aardse plezier. Toen werden kostbare objecten geschilderd als symbool van de vruchteloosheid van het aardse leven. Dit kun je eveneens ervaren in de schilderijen van Hannelore, maar met een moderne swing.  Hannelore over haar werk:\u00a0\u2018Ik maak eerst foto\u2019s voor mijn stillevens en ga dan schilderen.\u00a0Bij mijn laatste serie schilderijen heb ik alledaags servies buiten in de natuur in het water gelegd en gefotografeerd. De composities die daarbij ontstonden werden op een prachtige manier vervormd door het water en het zonlicht. En die foto\u2019s vormen de basis voor mijn schilderijen.\u2019\u00a0Hannelore heeft een eigen manier van schilderen ontwikkeld; van veraf lijkt het werk fotorealistisch, van dichtbij is het grof en zie je duidelijk de verftoetsen. Het werk komt zo in beweging en ziet er steeds anders uit.  Hannelore Houdijk (Pays-Bas, 1975) est dipl\u00f4m\u00e9e de l'acad\u00e9mie des beaux-arts de Breda ainsi que du Dutch Art Institut d\u2019Enschede (Master of Fine Arts, cursus international de troisi\u00e8me cycle). Son enthousiasme pour la peinture l'am\u00e8ne \u00e0 exposer en Chine, en Italie, en France, en Allemagne, en Bulgarie, en R\u00e9publique tch\u00e8que et dans divers endroits aux Pays-Bas. Hannelore r\u00e9alise des peintures surr\u00e9alistes, color\u00e9es et intenses souvent des natures mortes, inspir\u00e9es du travail des artistes n\u00e9erlandais de l'\u00c2ge d'or. Hannelore \u00e0 propos de son travail : \u00ab Mes natures mortes sont des versions contemporaines de peintures de la Vanit\u00e9 du XVIIe si\u00e8cle, dans lesquelles je maintiens l'atmosph\u00e8re particuli\u00e8re pour intensifier l'exp\u00e9rience. Je zoome davantage sur le sujet que dans les peintures traditionnelles, rendant ainsi la composition plus convaincante, impactant plus l'attention. Le tableau appara\u00eet plus grand que les dimensions r\u00e9elles de la toile. Les couleurs sont vives et intenses, ce qui les rend plus attrayantes. La lumi\u00e8re joue \u00e9galement un r\u00f4le important \u00bb. En 2019, Hannelore a remport\u00e9 le concours national 'Peinture de l'ann\u00e9e' avec son tableau 'Th\u00e9i\u00e8re dans l'eau'.","og_url":"https:\/\/gallerymcsorley.com\/nl\/product\/splash-7\/","og_site_name":"Gallery McSorley","article_modified_time":"2023-09-08T13:28:22+00:00","og_image":[{"width":730,"height":1113,"url":"https:\/\/gallerymcsorley.com\/wp-content\/uploads\/2023\/06\/Splash-6.jpg","type":"image\/jpeg"}],"twitter_card":"summary_large_image","twitter_misc":{"Geschatte leestijd":"1 minuut"},"schema":{"@context":"https:\/\/schema.org","@graph":[{"@type":"WebPage","@id":"https:\/\/gallerymcsorley.com\/product\/splash-7\/","url":"https:\/\/gallerymcsorley.com\/product\/splash-7\/","name":"Splash 7 - Galerij McSorley","isPartOf":{"@id":"https:\/\/gallerymcsorley.com\/#website"},"primaryImageOfPage":{"@id":"https:\/\/gallerymcsorley.com\/product\/splash-7\/#primaryimage"},"image":{"@id":"https:\/\/gallerymcsorley.com\/product\/splash-7\/#primaryimage"},"thumbnailUrl":"https:\/\/gallerymcsorley.com\/wp-content\/uploads\/2023\/06\/Splash-6.jpg","datePublished":"2023-06-04T13:43:00+00:00","dateModified":"2023-09-08T13:28:22+00:00","breadcrumb":{"@id":"https:\/\/gallerymcsorley.com\/product\/splash-7\/#breadcrumb"},"inLanguage":"nl-NL","potentialAction":[{"@type":"ReadAction","target":["https:\/\/gallerymcsorley.com\/product\/splash-7\/"]}]},{"@type":"ImageObject","inLanguage":"nl-NL","@id":"https:\/\/gallerymcsorley.com\/product\/splash-7\/#primaryimage","url":"https:\/\/gallerymcsorley.com\/wp-content\/uploads\/2023\/06\/Splash-6.jpg","contentUrl":"https:\/\/gallerymcsorley.com\/wp-content\/uploads\/2023\/06\/Splash-6.jpg","width":730,"height":1113},{"@type":"BreadcrumbList","@id":"https:\/\/gallerymcsorley.com\/product\/splash-7\/#breadcrumb","itemListElement":[{"@type":"ListItem","position":1,"name":"Home","item":"https:\/\/gallerymcsorley.com\/"},{"@type":"ListItem","position":2,"name":"Producten","item":"https:\/\/gallerymcsorley.com\/shop\/"},{"@type":"ListItem","position":3,"name":"Splash 7"}]},{"@type":"WebSite","@id":"https:\/\/gallerymcsorley.com\/#website","url":"https:\/\/gallerymcsorley.com\/","name":"Galerij McSorley","description":"Kunstgalerie","potentialAction":[{"@type":"SearchAction","target":{"@type":"EntryPoint","urlTemplate":"https:\/\/gallerymcsorley.com\/?s={search_term_string}"},"query-input":{"@type":"PropertyValueSpecification","valueRequired":true,"valueName":"search_term_string"}}],"inLanguage":"nl-NL"}]}},"_links":{"self":[{"href":"https:\/\/gallerymcsorley.com\/nl\/wp-json\/wp\/v2\/product\/6631","targetHints":{"allow":["GET"]}}],"collection":[{"href":"https:\/\/gallerymcsorley.com\/nl\/wp-json\/wp\/v2\/product"}],"about":[{"href":"https:\/\/gallerymcsorley.com\/nl\/wp-json\/wp\/v2\/types\/product"}],"wp:featuredmedia":[{"embeddable":true,"href":"https:\/\/gallerymcsorley.com\/nl\/wp-json\/wp\/v2\/media\/6632"}],"wp:attachment":[{"href":"https:\/\/gallerymcsorley.com\/nl\/wp-json\/wp\/v2\/media?parent=6631"}],"wp:term":[{"taxonomy":"product_brand","embeddable":true,"href":"https:\/\/gallerymcsorley.com\/nl\/wp-json\/wp\/v2\/product_brand?post=6631"},{"taxonomy":"product_cat","embeddable":true,"href":"https:\/\/gallerymcsorley.com\/nl\/wp-json\/wp\/v2\/product_cat?post=6631"},{"taxonomy":"product_tag","embeddable":true,"href":"https:\/\/gallerymcsorley.com\/nl\/wp-json\/wp\/v2\/product_tag?post=6631"}],"curies":[{"name":"wp","href":"https:\/\/api.w.org\/{rel}","templated":true}]}}